{"id":13024,"date":"2025-12-09T22:01:50","date_gmt":"2025-12-09T21:01:50","guid":{"rendered":"http:\/\/www.compostelle-mayenne.fr\/?page_id=13024"},"modified":"2025-12-17T15:03:54","modified_gmt":"2025-12-17T14:03:54","slug":"liaison-msm","status":"publish","type":"page","link":"https:\/\/www.compostelle-mayenne.fr\/index.php\/liaison-msm\/","title":{"rendered":"Angers &#8211; Mont-St-Michel via Laval et Pontmain"},"content":{"rendered":"\t\t<div data-elementor-type=\"wp-page\" data-elementor-id=\"13024\" class=\"elementor elementor-13024\" data-elementor-settings=\"[]\">\n\t\t\t<div class=\"elementor-inner\">\n\t\t\t\t<div class=\"elementor-section-wrap\">\n\t\t\t\t\t\t\t<section class=\"elementor-element elementor-element-7e316ba elementor-section-stretched elementor-section-boxed elementor-section-height-default elementor-section-height-default elementor-section elementor-top-section\" data-id=\"7e316ba\" data-element_type=\"section\" data-settings=\"{&quot;stretch_section&quot;:&quot;section-stretched&quot;}\">\n\t\t\t\t\t\t<div class=\"elementor-container elementor-column-gap-default\">\n\t\t\t\t<div class=\"elementor-row\">\n\t\t\t\t<div class=\"elementor-element elementor-element-fefa17e elementor-column elementor-col-100 elementor-top-column\" data-id=\"fefa17e\" data-element_type=\"column\">\n\t\t\t<div class=\"elementor-column-wrap  elementor-element-populated\">\n\t\t\t\t\t<div class=\"elementor-widget-wrap\">\n\t\t\t\t<div class=\"elementor-element elementor-element-9874e43 elementor-widget elementor-widget-text-editor\" data-id=\"9874e43\" data-element_type=\"widget\" data-widget_type=\"text-editor.default\">\n\t\t\t\t<div class=\"elementor-widget-container\">\n\t\t\t\t\t<div class=\"elementor-text-editor elementor-clearfix\"><p><em>Chemin d&rsquo;Angers<\/em><\/p><\/div>\n\t\t\t\t<\/div>\n\t\t\t\t<\/div>\n\t\t\t\t\t\t<\/div>\n\t\t\t<\/div>\n\t\t<\/div>\n\t\t\t\t\t\t<\/div>\n\t\t\t<\/div>\n\t\t<\/section>\n\t\t\t\t<section class=\"elementor-element elementor-element-efde8b7 elementor-section-stretched elementor-section-boxed elementor-section-height-default elementor-section-height-default elementor-section elementor-top-section\" data-id=\"efde8b7\" data-element_type=\"section\" data-settings=\"{&quot;stretch_section&quot;:&quot;section-stretched&quot;}\">\n\t\t\t\t\t\t<div class=\"elementor-container elementor-column-gap-default\">\n\t\t\t\t<div class=\"elementor-row\">\n\t\t\t\t<div class=\"elementor-element elementor-element-626a85c elementor-column elementor-col-50 elementor-top-column\" data-id=\"626a85c\" data-element_type=\"column\">\n\t\t\t<div class=\"elementor-column-wrap  elementor-element-populated\">\n\t\t\t\t\t<div class=\"elementor-widget-wrap\">\n\t\t\t\t<div class=\"elementor-element elementor-element-6e43401 elementor-widget elementor-widget-image\" data-id=\"6e43401\" data-element_type=\"widget\" data-widget_type=\"image.default\">\n\t\t\t\t<div class=\"elementor-widget-container\">\n\t\t\t\t\t<div class=\"elementor-image\">\n\t\t\t\t\t\t\t\t\t\t<img width=\"150\" height=\"150\" src=\"https:\/\/www.compostelle-mayenne.fr\/wp-content\/uploads\/2025\/12\/Logo-MSM-2025-150x150.jpg\" class=\"attachment-thumbnail size-thumbnail\" alt=\"\" loading=\"lazy\" \/>\t\t\t\t\t\t\t\t\t\t\t<\/div>\n\t\t\t\t<\/div>\n\t\t\t\t<\/div>\n\t\t\t\t<div class=\"elementor-element elementor-element-a5fda88 elementor-widget elementor-widget-text-editor\" data-id=\"a5fda88\" data-element_type=\"widget\" data-widget_type=\"text-editor.default\">\n\t\t\t\t<div class=\"elementor-widget-container\">\n\t\t\t\t\t<div class=\"elementor-text-editor elementor-clearfix\"><p align=\"left\">Ce chemin de 230 km relie Angers au Mont-Saint-Michel via Laval et Pontmain. L&rsquo;association des Amis de Saint-Jacques-de-Compostelle en Anjou, a cr\u00e9\u00e9 et \u00e9dite un <span style=\"text-decoration: underline;\"><span lang=\"zxx\"><a href=\"http:\/\/compostelle-anjou.fr\/chemins\/pontmain\" target=\"_blank\" rel=\"noopener\">guide<\/a><\/span><\/span><span lang=\"zxx\">. <\/span><\/p><\/div>\n\t\t\t\t<\/div>\n\t\t\t\t<\/div>\n\t\t\t\t\t\t<\/div>\n\t\t\t<\/div>\n\t\t<\/div>\n\t\t\t\t<div class=\"elementor-element elementor-element-1b90872 elementor-column elementor-col-50 elementor-top-column\" data-id=\"1b90872\" data-element_type=\"column\">\n\t\t\t<div class=\"elementor-column-wrap  elementor-element-populated\">\n\t\t\t\t\t<div class=\"elementor-widget-wrap\">\n\t\t\t\t<div class=\"elementor-element elementor-element-3c5c388 elementor-widget elementor-widget-image\" data-id=\"3c5c388\" data-element_type=\"widget\" data-widget_type=\"image.default\">\n\t\t\t\t<div class=\"elementor-widget-container\">\n\t\t\t\t\t<div class=\"elementor-image\">\n\t\t\t\t\t\t\t<figure class=\"wp-caption\">\n\t\t\t\t\t\t\t\t\t\t\t<a href=\"https:\/\/www.geoportail.gouv.fr\/carte?c=-2.0736594299607685,47.96453667146295&amp;z=8&amp;l0=GEOGRAPHICALGRIDSYSTEMS.MAPS::GEOPORTAIL:OGC:WMTS(1)&amp;d1=4429563(0.5)&amp;d2=3316631(1)&amp;d3=4429572(0.5)&amp;d4=4429575(0.5)&amp;permalink=yes\" target=\"_blank\">\n\t\t\t\t\t\t\t<img width=\"678\" height=\"373\" src=\"https:\/\/www.compostelle-mayenne.fr\/wp-content\/uploads\/2025\/12\/Carte-chemin-d-Angers.jpg\" class=\"attachment-large size-large\" alt=\"\" loading=\"lazy\" srcset=\"https:\/\/www.compostelle-mayenne.fr\/wp-content\/uploads\/2025\/12\/Carte-chemin-d-Angers.jpg 678w, https:\/\/www.compostelle-mayenne.fr\/wp-content\/uploads\/2025\/12\/Carte-chemin-d-Angers-300x165.jpg 300w\" sizes=\"(max-width: 678px) 100vw, 678px\" \/>\t\t\t\t\t\t\t\t<\/a>\n\t\t\t\t\t\t\t\t\t\t\t<figcaption class=\"widget-image-caption wp-caption-text\">Vue d'ensemble<\/figcaption>\n\t\t\t\t\t\t\t\t\t\t<\/figure>\n\t\t\t\t\t<\/div>\n\t\t\t\t<\/div>\n\t\t\t\t<\/div>\n\t\t\t\t\t\t<\/div>\n\t\t\t<\/div>\n\t\t<\/div>\n\t\t\t\t\t\t<\/div>\n\t\t\t<\/div>\n\t\t<\/section>\n\t\t\t\t<section class=\"elementor-element elementor-element-665ad98 elementor-section-stretched elementor-section-boxed elementor-section-height-default elementor-section-height-default elementor-section elementor-top-section\" data-id=\"665ad98\" data-element_type=\"section\" data-settings=\"{&quot;stretch_section&quot;:&quot;section-stretched&quot;}\">\n\t\t\t\t\t\t<div class=\"elementor-container elementor-column-gap-default\">\n\t\t\t\t<div class=\"elementor-row\">\n\t\t\t\t<div class=\"elementor-element elementor-element-73bdffa elementor-column elementor-col-33 elementor-top-column\" data-id=\"73bdffa\" data-element_type=\"column\">\n\t\t\t<div class=\"elementor-column-wrap  elementor-element-populated\">\n\t\t\t\t\t<div class=\"elementor-widget-wrap\">\n\t\t\t\t<div class=\"elementor-element elementor-element-4e0e82e elementor-widget elementor-widget-text-editor\" data-id=\"4e0e82e\" data-element_type=\"widget\" data-widget_type=\"text-editor.default\">\n\t\t\t\t<div class=\"elementor-widget-container\">\n\t\t\t\t\t<div class=\"elementor-text-editor elementor-clearfix\"><p>Les distances :<\/p><ul><li>Angers \u2013 le Mont-Saint-Michel : 230km<\/li><li>Ch\u00e2teau-Gontier \u2013 le Mont-Saint-Michel : 180km<\/li><li>Laval \u2013 le Mont-Saint-Michel : 145km<\/li><li>Pontmain \u2013 le Mont-Saint-Michel :60km<\/li><\/ul><\/div>\n\t\t\t\t<\/div>\n\t\t\t\t<\/div>\n\t\t\t\t\t\t<\/div>\n\t\t\t<\/div>\n\t\t<\/div>\n\t\t\t\t<div class=\"elementor-element elementor-element-21db066 elementor-column elementor-col-33 elementor-top-column\" data-id=\"21db066\" data-element_type=\"column\">\n\t\t\t<div class=\"elementor-column-wrap\">\n\t\t\t\t\t<div class=\"elementor-widget-wrap\">\n\t\t\t\t\t\t<\/div>\n\t\t\t<\/div>\n\t\t<\/div>\n\t\t\t\t<div class=\"elementor-element elementor-element-56f0ee0 elementor-column elementor-col-33 elementor-top-column\" data-id=\"56f0ee0\" data-element_type=\"column\">\n\t\t\t<div class=\"elementor-column-wrap  elementor-element-populated\">\n\t\t\t\t\t<div class=\"elementor-widget-wrap\">\n\t\t\t\t<div class=\"elementor-element elementor-element-664e9e8 elementor-widget elementor-widget-text-editor\" data-id=\"664e9e8\" data-element_type=\"widget\" data-widget_type=\"text-editor.default\">\n\t\t\t\t<div class=\"elementor-widget-container\">\n\t\t\t\t\t<div class=\"elementor-text-editor elementor-clearfix\"><ul><li><span style=\"text-decoration: underline;\">Le <a href=\"https:\/\/www.geoportail.gouv.fr\/carte?c=-2.0736594299607685%2C47.96453667146295&amp;z=8&amp;l0=GEOGRAPHICALGRIDSYSTEMS.MAPS%3A%3AGEOPORTAIL%3AOGC%3AWMTS(1)&amp;d1=4429563(0.5)&amp;d2=3316631(1)&amp;d3=4429572(0.5)&amp;d4=4429575(0.5)&amp;permalink=yes\" target=\"_blank\" rel=\"noopener\">trac\u00e9 GPX<\/a><\/span><\/li><li><span style=\"text-decoration: underline;\">Le <a href=\"https:\/\/www.wivisites.com\/search_sites?type=city&amp;address=Laval%2C%2053000\" target=\"_blank\" rel=\"noopener\">patrimoine de Laval<\/a><\/span><\/li><\/ul><\/div>\n\t\t\t\t<\/div>\n\t\t\t\t<\/div>\n\t\t\t\t\t\t<\/div>\n\t\t\t<\/div>\n\t\t<\/div>\n\t\t\t\t\t\t<\/div>\n\t\t\t<\/div>\n\t\t<\/section>\n\t\t\t\t<section class=\"elementor-element elementor-element-0aea845 elementor-section-stretched elementor-section-boxed elementor-section-height-default elementor-section-height-default elementor-section elementor-top-section\" data-id=\"0aea845\" data-element_type=\"section\" data-settings=\"{&quot;stretch_section&quot;:&quot;section-stretched&quot;}\">\n\t\t\t\t\t\t<div class=\"elementor-container elementor-column-gap-default\">\n\t\t\t\t<div class=\"elementor-row\">\n\t\t\t\t<div class=\"elementor-element elementor-element-2cd9fbe elementor-column elementor-col-50 elementor-top-column\" data-id=\"2cd9fbe\" data-element_type=\"column\">\n\t\t\t<div class=\"elementor-column-wrap  elementor-element-populated\">\n\t\t\t\t\t<div class=\"elementor-widget-wrap\">\n\t\t\t\t<div class=\"elementor-element elementor-element-161358d elementor-widget elementor-widget-text-editor\" data-id=\"161358d\" data-element_type=\"widget\" data-widget_type=\"text-editor.default\">\n\t\t\t\t<div class=\"elementor-widget-container\">\n\t\t\t\t\t<div class=\"elementor-text-editor elementor-clearfix\"><p>Le balisage commence l\u00e0 o\u00f9 l\u00b4on quitte le chemin de halage, une dizaine de km au nord de Laval. Un descriptif sera mis en ligne prochainement.<\/p><h1>Pratique<\/h1><p><strong>\u00a0<\/strong>Le <strong>carnet du p\u00e8lerin ou carnet du Miquelot<\/strong>, indispensable pour \u00eatre h\u00e9berg\u00e9 dans les \u00ab\u00a0accueils p\u00e8lerins\u00a0\u00bb est remis gracieusement \u00e0\u00a0<span style=\"text-decoration: underline;\"><a href=\"https:\/\/www.compostelle-mayenne.fr\/index.php\/adhesion-internet-et-imprimable\/\" target=\"_blank\" rel=\"noopener\">nos adh\u00e9rents<\/a>.<\/span><\/p><p>L\u2019association Compostelle 53 &amp; AC f\u00e9d\u00e8re un<span style=\"text-decoration: underline;\"><a href=\"http:\/\/www.compostelle-mayenne.fr\/wp-content\/uploads\/2025\/01\/Charte-du-pelerin-accueilli-2025.pdf\" target=\"_blank\" rel=\"noopener\"> r\u00e9seau de familles d\u2019accueil p\u00e8lerin<\/a><\/span>\u00a0en Mayenne. Elles seront heureuses de vous accueillir. Sur notre site sont recens\u00e9s \u00e9galement les h\u00e9bergements religieux ainsi que ceux propos\u00e9s par les communes.<\/p><ul><li><span style=\"text-decoration: underline;\">Les <a href=\"https:\/\/www.compostelle-mayenne.fr\/index.php\/hebergement\/\" target=\"_blank\" rel=\"noopener\">h\u00e9bergements p\u00e8lerins en Mayenne<\/a>.<\/span><\/li><\/ul><p><strong>Transport de bagages<\/strong><\/p><p><span style=\"text-decoration: underline;\"><a href=\"https:\/\/www.facebook.com\/bipbipvoyages\/videos\/?ref=page_internal\" target=\"_blank\" rel=\"noopener\">Bip Bip Voyages<\/a><\/span> propose des services de transport sur mesure de personnes de 2 \u00e0 8 personnes et bagages pour tous les randonneurs\/sportifs (\u00e0 pied, en v\u00e9lo, \u00e0 cheval, traileurs\u2026) et voyageurs (particuliers).<\/p><p><span style=\"text-decoration: underline;\"><a href=\"http:\/\/www.sudmayenne.com\/pratique\/transport-bagages-velo\" target=\"_blank\" rel=\"noopener\">Vincent Derouet<\/a><\/span>\u00a0de la soci\u00e9t\u00e9 And\u00e9gave Communication vous propose \u00e9galement ces prestations de transport de bagages, de v\u00e9lo et de personnes sur les routes de la Mayenne et de sa r\u00e9gion.<\/p><p>Coordonn\u00e9es : 06.82.84.54.88, Mail <a href=\"mailto:vincent-sv@orange.fr\" target=\"_blank\" rel=\"noopener\">: <span style=\"text-decoration: underline;\">vincent-sv@orange.fr<\/span><\/a> Sans oublier <span style=\"text-decoration: underline;\"><a href=\"https:\/\/keolis-armor.com\/fr\/zmr-Destination-Mont-Saint-Michel-.html\" target=\"_blank\" rel=\"noopener\">le voyagiste KEOLIS<\/a>.<\/span><\/p><\/div>\n\t\t\t\t<\/div>\n\t\t\t\t<\/div>\n\t\t\t\t\t\t<\/div>\n\t\t\t<\/div>\n\t\t<\/div>\n\t\t\t\t<div class=\"elementor-element elementor-element-089ab65 elementor-column elementor-col-50 elementor-top-column\" data-id=\"089ab65\" data-element_type=\"column\">\n\t\t\t<div class=\"elementor-column-wrap\">\n\t\t\t\t\t<div class=\"elementor-widget-wrap\">\n\t\t\t\t\t\t<\/div>\n\t\t\t<\/div>\n\t\t<\/div>\n\t\t\t\t\t\t<\/div>\n\t\t\t<\/div>\n\t\t<\/section>\n\t\t\t\t<section class=\"elementor-element elementor-element-e90012d elementor-section-stretched elementor-section-boxed elementor-section-height-default elementor-section-height-default elementor-section elementor-top-section\" data-id=\"e90012d\" data-element_type=\"section\" data-settings=\"{&quot;stretch_section&quot;:&quot;section-stretched&quot;}\">\n\t\t\t\t\t\t<div class=\"elementor-container elementor-column-gap-default\">\n\t\t\t\t<div class=\"elementor-row\">\n\t\t\t\t<div class=\"elementor-element elementor-element-f7b4cd7 elementor-column elementor-col-100 elementor-top-column\" data-id=\"f7b4cd7\" data-element_type=\"column\">\n\t\t\t<div class=\"elementor-column-wrap  elementor-element-populated\">\n\t\t\t\t\t<div class=\"elementor-widget-wrap\">\n\t\t\t\t<div class=\"elementor-element elementor-element-fe31221 elementor-widget elementor-widget-image\" data-id=\"fe31221\" data-element_type=\"widget\" data-widget_type=\"image.default\">\n\t\t\t\t<div class=\"elementor-widget-container\">\n\t\t\t\t\t<div class=\"elementor-image\">\n\t\t\t\t\t\t\t\t\t\t\t<a href=\"https:\/\/www.compostelle-mayenne.fr\/wp-content\/uploads\/2025\/12\/via-Pontmain.pdf\">\n\t\t\t\t\t\t\t<img src=\"https:\/\/www.compostelle-mayenne.fr\/wp-content\/uploads\/2025\/12\/Imprimante-e1765446165723.png\" title=\"Imprimante\" alt=\"Imprimante\" \/>\t\t\t\t\t\t\t\t<\/a>\n\t\t\t\t\t\t\t\t\t\t\t<\/div>\n\t\t\t\t<\/div>\n\t\t\t\t<\/div>\n\t\t\t\t\t\t<\/div>\n\t\t\t<\/div>\n\t\t<\/div>\n\t\t\t\t\t\t<\/div>\n\t\t\t<\/div>\n\t\t<\/section>\n\t\t\t\t\t\t<\/div>\n\t\t\t<\/div>\n\t\t<\/div>\n\t\t","protected":false},"excerpt":{"rendered":"<p>Chemin d&rsquo;Angers Ce chemin de 230 km relie Angers au Mont-Saint-Michel via Laval et Pontmain. L&rsquo;association des Amis de Saint-Jacques-de-Compostelle en Anjou, a cr\u00e9\u00e9 et \u00e9dite un guide. Vue d&rsquo;ensemble Les distances : Angers \u2013 le Mont-Saint-Michel : 230km Ch\u00e2teau-Gontier \u2013 le Mont-Saint-Michel : 180km Laval \u2013 le Mont-Saint-Michel : 145km Pontmain \u2013 le Mont-Saint-Michel [&hellip;]<\/p>\n","protected":false},"author":1,"featured_media":0,"parent":0,"menu_order":0,"comment_status":"closed","ping_status":"closed","template":"","meta":[],"_links":{"self":[{"href":"https:\/\/www.compostelle-mayenne.fr\/index.php\/wp-json\/wp\/v2\/pages\/13024"}],"collection":[{"href":"https:\/\/www.compostelle-mayenne.fr\/index.php\/wp-json\/wp\/v2\/pages"}],"about":[{"href":"https:\/\/www.compostelle-mayenne.fr\/index.php\/wp-json\/wp\/v2\/types\/page"}],"author":[{"embeddable":true,"href":"https:\/\/www.compostelle-mayenne.fr\/index.php\/wp-json\/wp\/v2\/users\/1"}],"replies":[{"embeddable":true,"href":"https:\/\/www.compostelle-mayenne.fr\/index.php\/wp-json\/wp\/v2\/comments?post=13024"}],"version-history":[{"count":25,"href":"https:\/\/www.compostelle-mayenne.fr\/index.php\/wp-json\/wp\/v2\/pages\/13024\/revisions"}],"predecessor-version":[{"id":13372,"href":"https:\/\/www.compostelle-mayenne.fr\/index.php\/wp-json\/wp\/v2\/pages\/13024\/revisions\/13372"}],"wp:attachment":[{"href":"https:\/\/www.compostelle-mayenne.fr\/index.php\/wp-json\/wp\/v2\/media?parent=13024"}],"curies":[{"name":"wp","href":"https:\/\/api.w.org\/{rel}","templated":true}]}}