{"id":1309,"date":"2020-02-25T14:59:58","date_gmt":"2020-02-25T13:59:58","guid":{"rendered":"http:\/\/www.compostelle-mayenne.fr\/?page_id=1309"},"modified":"2025-11-08T09:16:51","modified_gmt":"2025-11-08T08:16:51","slug":"chemins-de-saint-francois-dassise","status":"publish","type":"page","link":"https:\/\/www.compostelle-mayenne.fr\/index.php\/chemins-de-saint-francois-dassise\/","title":{"rendered":"Chemins de Saint-Fran\u00e7ois d&rsquo;Assise"},"content":{"rendered":"\t\t<div data-elementor-type=\"wp-page\" data-elementor-id=\"1309\" class=\"elementor elementor-1309\" data-elementor-settings=\"[]\">\n\t\t\t<div class=\"elementor-inner\">\n\t\t\t\t<div class=\"elementor-section-wrap\">\n\t\t\t\t\t\t\t<section class=\"elementor-element elementor-element-ca11208 elementor-section-stretched elementor-section-full_width elementor-section-height-default elementor-section-height-default elementor-section elementor-top-section\" data-id=\"ca11208\" data-element_type=\"section\" data-settings=\"{&quot;stretch_section&quot;:&quot;section-stretched&quot;}\">\n\t\t\t\t\t\t<div class=\"elementor-container elementor-column-gap-default\">\n\t\t\t\t<div class=\"elementor-row\">\n\t\t\t\t<div class=\"elementor-element elementor-element-3913490 elementor-column elementor-col-100 elementor-top-column\" data-id=\"3913490\" data-element_type=\"column\">\n\t\t\t<div class=\"elementor-column-wrap  elementor-element-populated\">\n\t\t\t\t\t<div class=\"elementor-widget-wrap\">\n\t\t\t\t<div class=\"elementor-element elementor-element-94fd88c elementor-widget elementor-widget-image\" data-id=\"94fd88c\" data-element_type=\"widget\" data-widget_type=\"image.default\">\n\t\t\t\t<div class=\"elementor-widget-container\">\n\t\t\t\t\t<div class=\"elementor-image\">\n\t\t\t\t\t\t\t<figure class=\"wp-caption\">\n\t\t\t\t\t\t\t\t\t\t<img src=\"https:\/\/www.compostelle-mayenne.fr\/wp-content\/uploads\/2020\/02\/La-Grande-Chatreuse1-scaled.jpg\" title=\"La Grande Chatreuse1\" alt=\"La Grande Chatreuse1\" \/>\t\t\t\t\t\t\t\t\t\t\t<figcaption class=\"widget-image-caption wp-caption-text\">Monast\u00e8re de la Grande Chartreuse en Is\u00e8re<\/figcaption>\n\t\t\t\t\t\t\t\t\t\t<\/figure>\n\t\t\t\t\t<\/div>\n\t\t\t\t<\/div>\n\t\t\t\t<\/div>\n\t\t\t\t\t\t<\/div>\n\t\t\t<\/div>\n\t\t<\/div>\n\t\t\t\t\t\t<\/div>\n\t\t\t<\/div>\n\t\t<\/section>\n\t\t\t\t<section class=\"elementor-element elementor-element-091c713 elementor-section-stretched elementor-section-full_width elementor-section-height-default elementor-section-height-default elementor-section elementor-top-section\" data-id=\"091c713\" data-element_type=\"section\" data-settings=\"{&quot;stretch_section&quot;:&quot;section-stretched&quot;}\">\n\t\t\t\t\t\t<div class=\"elementor-container elementor-column-gap-default\">\n\t\t\t\t<div class=\"elementor-row\">\n\t\t\t\t<div class=\"elementor-element elementor-element-5a7ea4e elementor-column elementor-col-100 elementor-top-column\" data-id=\"5a7ea4e\" data-element_type=\"column\">\n\t\t\t<div class=\"elementor-column-wrap  elementor-element-populated\">\n\t\t\t\t\t<div class=\"elementor-widget-wrap\">\n\t\t\t\t<div class=\"elementor-element elementor-element-47a9666 elementor-widget elementor-widget-text-editor\" data-id=\"47a9666\" data-element_type=\"widget\" data-widget_type=\"text-editor.default\">\n\t\t\t\t<div class=\"elementor-widget-container\">\n\t\t\t\t\t<div class=\"elementor-text-editor elementor-clearfix\"><p>Vezelay, premier lieu d\u2019implantation d\u2019une communaut\u00e9 franciscaine \u00e0 la suite de Fran\u00e7ois est le point de d\u00e9part naturel sur <strong><em>la<\/em><\/strong> <strong><em>voie d\u2019Assise<\/em><\/strong>. Il est ind\u00e9niable qu\u2019en ce d\u00e9but de XXI\u00b0 si\u00e8cle Saint-Fran\u00e7ois d\u2019Assise est une personnalit\u00e9 au rayonnement incomparable rejoignant les pr\u00e9occupations de nos contemporains, les valeurs humaines fondamentales auxquelles un grand nombre aspire.<\/p>\n<p>Fran\u00e7ois d\u2019Assise est l\u2019embl\u00e8me des amoureux de la nature, il est une r\u00e9f\u00e9rence pr\u00e9pond\u00e9rante pour les chercheurs de paix, il est figure de tol\u00e9rance. Le patrimoine artistique et culturel qui lui est li\u00e9 est consid\u00e9rable, tant en Italie qu\u2019en France et, au-del\u00e0, en Europe et en Am\u00e9rique du Sud entre-autres.<\/p>\n<p>Tous ceux qui, aujourd\u2019hui, ont soif d\u2019un retour \u00e0 la nature sympathisent d\u2019embl\u00e9e avec la figure de St-Fran\u00e7ois et les mouvements \u00e9cologistes, dans leur ensemble, se r\u00e9clament de lui. Homme de paix et de fraternit\u00e9, dont la seule \u00e9vocation favorise l\u2019harmonie entre les \u00eatres les plus diff\u00e9rents et m\u00eame les courants de pens\u00e9e les plus contraires. N\u2019est-ce pas l\u00e0, les valeurs porteuses de tout grand marcheur\u00a0!<\/p><\/div>\n\t\t\t\t<\/div>\n\t\t\t\t<\/div>\n\t\t\t\t\t\t<\/div>\n\t\t\t<\/div>\n\t\t<\/div>\n\t\t\t\t\t\t<\/div>\n\t\t\t<\/div>\n\t\t<\/section>\n\t\t\t\t<section class=\"elementor-element elementor-element-90d7bf3 elementor-section-stretched elementor-section-full_width elementor-section-height-default elementor-section-height-default elementor-section elementor-top-section\" data-id=\"90d7bf3\" data-element_type=\"section\" data-settings=\"{&quot;stretch_section&quot;:&quot;section-stretched&quot;}\">\n\t\t\t\t\t\t<div class=\"elementor-container elementor-column-gap-default\">\n\t\t\t\t<div class=\"elementor-row\">\n\t\t\t\t<div class=\"elementor-element elementor-element-71a7bc2 elementor-column elementor-col-100 elementor-top-column\" data-id=\"71a7bc2\" data-element_type=\"column\">\n\t\t\t<div class=\"elementor-column-wrap  elementor-element-populated\">\n\t\t\t\t\t<div class=\"elementor-widget-wrap\">\n\t\t\t\t<div class=\"elementor-element elementor-element-12cf028 elementor-widget elementor-widget-image\" data-id=\"12cf028\" data-element_type=\"widget\" data-widget_type=\"image.default\">\n\t\t\t\t<div class=\"elementor-widget-container\">\n\t\t\t\t\t<div class=\"elementor-image\">\n\t\t\t\t\t\t\t\t\t\t<img width=\"848\" height=\"603\" src=\"https:\/\/www.compostelle-mayenne.fr\/wp-content\/uploads\/2020\/02\/chemin-d-assise-6.jpg\" class=\"attachment-full size-full\" alt=\"\" loading=\"lazy\" srcset=\"https:\/\/www.compostelle-mayenne.fr\/wp-content\/uploads\/2020\/02\/chemin-d-assise-6.jpg 848w, https:\/\/www.compostelle-mayenne.fr\/wp-content\/uploads\/2020\/02\/chemin-d-assise-6-300x213.jpg 300w, https:\/\/www.compostelle-mayenne.fr\/wp-content\/uploads\/2020\/02\/chemin-d-assise-6-768x546.jpg 768w\" sizes=\"(max-width: 848px) 100vw, 848px\" \/>\t\t\t\t\t\t\t\t\t\t\t<\/div>\n\t\t\t\t<\/div>\n\t\t\t\t<\/div>\n\t\t\t\t\t\t<\/div>\n\t\t\t<\/div>\n\t\t<\/div>\n\t\t\t\t\t\t<\/div>\n\t\t\t<\/div>\n\t\t<\/section>\n\t\t\t\t<section class=\"elementor-element elementor-element-c2cfe05 elementor-section-stretched elementor-section-full_width elementor-section-height-default elementor-section-height-default elementor-section elementor-top-section\" data-id=\"c2cfe05\" data-element_type=\"section\" data-settings=\"{&quot;stretch_section&quot;:&quot;section-stretched&quot;}\">\n\t\t\t\t\t\t<div class=\"elementor-container elementor-column-gap-default\">\n\t\t\t\t<div class=\"elementor-row\">\n\t\t\t\t<div class=\"elementor-element elementor-element-346bfdf elementor-column elementor-col-33 elementor-top-column\" data-id=\"346bfdf\" data-element_type=\"column\">\n\t\t\t<div class=\"elementor-column-wrap  elementor-element-populated\">\n\t\t\t\t\t<div class=\"elementor-widget-wrap\">\n\t\t\t\t<div class=\"elementor-element elementor-element-fe64fc5 elementor-widget elementor-widget-image\" data-id=\"fe64fc5\" data-element_type=\"widget\" data-widget_type=\"image.default\">\n\t\t\t\t<div class=\"elementor-widget-container\">\n\t\t\t\t\t<div class=\"elementor-image\">\n\t\t\t\t\t\t\t<figure class=\"wp-caption\">\n\t\t\t\t\t\t\t\t\t\t\t<a href=\"https:\/\/chemindassise.org\/fr\/accueil\/\" target=\"_blank\">\n\t\t\t\t\t\t\t<img src=\"https:\/\/www.compostelle-mayenne.fr\/wp-content\/uploads\/2020\/02\/logo-e1762589732355.gif\" title=\"logo\" alt=\"logo\" \/>\t\t\t\t\t\t\t\t<\/a>\n\t\t\t\t\t\t\t\t\t\t\t<figcaption class=\"widget-image-caption wp-caption-text\">Vers Assise<\/figcaption>\n\t\t\t\t\t\t\t\t\t\t<\/figure>\n\t\t\t\t\t<\/div>\n\t\t\t\t<\/div>\n\t\t\t\t<\/div>\n\t\t\t\t\t\t<\/div>\n\t\t\t<\/div>\n\t\t<\/div>\n\t\t\t\t<div class=\"elementor-element elementor-element-fc0ebed elementor-column elementor-col-33 elementor-top-column\" data-id=\"fc0ebed\" data-element_type=\"column\">\n\t\t\t<div class=\"elementor-column-wrap  elementor-element-populated\">\n\t\t\t\t\t<div class=\"elementor-widget-wrap\">\n\t\t\t\t<div class=\"elementor-element elementor-element-e7ff946 elementor-widget elementor-widget-image\" data-id=\"e7ff946\" data-element_type=\"widget\" data-widget_type=\"image.default\">\n\t\t\t\t<div class=\"elementor-widget-container\">\n\t\t\t\t\t<div class=\"elementor-image\">\n\t\t\t\t\t\t\t\t\t\t\t<a href=\"http:\/\/www.compostelle-mayenne.fr\/index.php\/chemins-de-saint-francois-dassise\/\">\n\t\t\t\t\t\t\t<img src=\"https:\/\/www.compostelle-mayenne.fr\/wp-content\/uploads\/2022\/02\/Haut-de-page-e1768293316359.jpg\" title=\"Haut de page\" alt=\"Haut de page\" \/>\t\t\t\t\t\t\t\t<\/a>\n\t\t\t\t\t\t\t\t\t\t\t<\/div>\n\t\t\t\t<\/div>\n\t\t\t\t<\/div>\n\t\t\t\t\t\t<\/div>\n\t\t\t<\/div>\n\t\t<\/div>\n\t\t\t\t<div class=\"elementor-element elementor-element-173e0fb elementor-column elementor-col-33 elementor-top-column\" data-id=\"173e0fb\" data-element_type=\"column\">\n\t\t\t<div class=\"elementor-column-wrap  elementor-element-populated\">\n\t\t\t\t\t<div class=\"elementor-widget-wrap\">\n\t\t\t\t<div class=\"elementor-element elementor-element-869e9ed elementor-widget elementor-widget-image\" data-id=\"869e9ed\" data-element_type=\"widget\" data-widget_type=\"image.default\">\n\t\t\t\t<div class=\"elementor-widget-container\">\n\t\t\t\t\t<div class=\"elementor-image\">\n\t\t\t\t\t\t\t\t\t\t\t<a href=\"http:\/\/www.compostelle-mayenne.fr\/\">\n\t\t\t\t\t\t\t<img src=\"https:\/\/www.compostelle-mayenne.fr\/wp-content\/uploads\/2022\/02\/Accueil-e1768293377357.jpg\" title=\"&#8211; Accueil\" alt=\"- Accueil\" \/>\t\t\t\t\t\t\t\t<\/a>\n\t\t\t\t\t\t\t\t\t\t\t<\/div>\n\t\t\t\t<\/div>\n\t\t\t\t<\/div>\n\t\t\t\t\t\t<\/div>\n\t\t\t<\/div>\n\t\t<\/div>\n\t\t\t\t\t\t<\/div>\n\t\t\t<\/div>\n\t\t<\/section>\n\t\t\t\t\t\t<\/div>\n\t\t\t<\/div>\n\t\t<\/div>\n\t\t","protected":false},"excerpt":{"rendered":"<p>Monast\u00e8re de la Grande Chartreuse en Is\u00e8re Vezelay, premier lieu d\u2019implantation d\u2019une communaut\u00e9 franciscaine \u00e0 la suite de Fran\u00e7ois est le point de d\u00e9part naturel sur la voie d\u2019Assise. Il est ind\u00e9niable qu\u2019en ce d\u00e9but de XXI\u00b0 si\u00e8cle Saint-Fran\u00e7ois d\u2019Assise est une personnalit\u00e9 au rayonnement incomparable rejoignant les pr\u00e9occupations de nos contemporains, les valeurs humaines [&hellip;]<\/p>\n","protected":false},"author":1,"featured_media":0,"parent":0,"menu_order":0,"comment_status":"closed","ping_status":"closed","template":"","meta":[],"_links":{"self":[{"href":"https:\/\/www.compostelle-mayenne.fr\/index.php\/wp-json\/wp\/v2\/pages\/1309"}],"collection":[{"href":"https:\/\/www.compostelle-mayenne.fr\/index.php\/wp-json\/wp\/v2\/pages"}],"about":[{"href":"https:\/\/www.compostelle-mayenne.fr\/index.php\/wp-json\/wp\/v2\/types\/page"}],"author":[{"embeddable":true,"href":"https:\/\/www.compostelle-mayenne.fr\/index.php\/wp-json\/wp\/v2\/users\/1"}],"replies":[{"embeddable":true,"href":"https:\/\/www.compostelle-mayenne.fr\/index.php\/wp-json\/wp\/v2\/comments?post=1309"}],"version-history":[{"count":27,"href":"https:\/\/www.compostelle-mayenne.fr\/index.php\/wp-json\/wp\/v2\/pages\/1309\/revisions"}],"predecessor-version":[{"id":12612,"href":"https:\/\/www.compostelle-mayenne.fr\/index.php\/wp-json\/wp\/v2\/pages\/1309\/revisions\/12612"}],"wp:attachment":[{"href":"https:\/\/www.compostelle-mayenne.fr\/index.php\/wp-json\/wp\/v2\/media?parent=1309"}],"curies":[{"name":"wp","href":"https:\/\/api.w.org\/{rel}","templated":true}]}}