{"id":13133,"date":"2025-12-13T17:24:24","date_gmt":"2025-12-13T16:24:24","guid":{"rendered":"http:\/\/www.compostelle-mayenne.fr\/?page_id=13133"},"modified":"2026-04-10T13:44:29","modified_gmt":"2026-04-10T11:44:29","slug":"tours-le-mont-st-michel-par-variante-evron","status":"publish","type":"page","link":"https:\/\/www.compostelle-mayenne.fr\/index.php\/tours-le-mont-st-michel-par-variante-evron\/","title":{"rendered":"Tours &#8211; le Mont-St-Michel par Evron"},"content":{"rendered":"\t\t<div data-elementor-type=\"wp-page\" data-elementor-id=\"13133\" class=\"elementor elementor-13133\" data-elementor-settings=\"[]\">\n\t\t\t<div class=\"elementor-inner\">\n\t\t\t\t<div class=\"elementor-section-wrap\">\n\t\t\t\t\t\t\t<section class=\"elementor-element elementor-element-de6f20e elementor-section-stretched elementor-section-boxed elementor-section-height-default elementor-section-height-default elementor-section elementor-top-section\" data-id=\"de6f20e\" data-element_type=\"section\" data-settings=\"{&quot;stretch_section&quot;:&quot;section-stretched&quot;}\">\n\t\t\t\t\t\t<div class=\"elementor-container elementor-column-gap-default\">\n\t\t\t\t<div class=\"elementor-row\">\n\t\t\t\t<div class=\"elementor-element elementor-element-bb6af3a elementor-column elementor-col-100 elementor-top-column\" data-id=\"bb6af3a\" data-element_type=\"column\">\n\t\t\t<div class=\"elementor-column-wrap  elementor-element-populated\">\n\t\t\t\t\t<div class=\"elementor-widget-wrap\">\n\t\t\t\t<div class=\"elementor-element elementor-element-f90bc93 elementor-widget elementor-widget-text-editor\" data-id=\"f90bc93\" data-element_type=\"widget\" data-widget_type=\"text-editor.default\">\n\t\t\t\t<div class=\"elementor-widget-container\">\n\t\t\t\t\t<div class=\"elementor-text-editor elementor-clearfix\"><p><span style=\"color: #000000;\"><em>Chemin de Tours &#8211; Variante par Evron<\/em><\/span><\/p><\/div>\n\t\t\t\t<\/div>\n\t\t\t\t<\/div>\n\t\t\t\t\t\t<\/div>\n\t\t\t<\/div>\n\t\t<\/div>\n\t\t\t\t\t\t<\/div>\n\t\t\t<\/div>\n\t\t<\/section>\n\t\t\t\t<section class=\"elementor-element elementor-element-ba58ea2 elementor-section-stretched elementor-section-boxed elementor-section-height-default elementor-section-height-default elementor-section elementor-top-section\" data-id=\"ba58ea2\" data-element_type=\"section\" data-settings=\"{&quot;stretch_section&quot;:&quot;section-stretched&quot;}\">\n\t\t\t\t\t\t<div class=\"elementor-container elementor-column-gap-default\">\n\t\t\t\t<div class=\"elementor-row\">\n\t\t\t\t<div class=\"elementor-element elementor-element-3c5e6d1 elementor-column elementor-col-50 elementor-top-column\" data-id=\"3c5e6d1\" data-element_type=\"column\">\n\t\t\t<div class=\"elementor-column-wrap  elementor-element-populated\">\n\t\t\t\t\t<div class=\"elementor-widget-wrap\">\n\t\t\t\t<div class=\"elementor-element elementor-element-a8ab035 elementor-widget elementor-widget-image\" data-id=\"a8ab035\" data-element_type=\"widget\" data-widget_type=\"image.default\">\n\t\t\t\t<div class=\"elementor-widget-container\">\n\t\t\t\t\t<div class=\"elementor-image\">\n\t\t\t\t\t\t\t\t\t\t<img width=\"150\" height=\"150\" src=\"https:\/\/www.compostelle-mayenne.fr\/wp-content\/uploads\/2025\/12\/Logo-MSM-2025-150x150.jpg\" class=\"attachment-thumbnail size-thumbnail\" alt=\"\" loading=\"lazy\" \/>\t\t\t\t\t\t\t\t\t\t\t<\/div>\n\t\t\t\t<\/div>\n\t\t\t\t<\/div>\n\t\t\t\t\t\t<\/div>\n\t\t\t<\/div>\n\t\t<\/div>\n\t\t\t\t<div class=\"elementor-element elementor-element-09bfcc8 elementor-column elementor-col-50 elementor-top-column\" data-id=\"09bfcc8\" data-element_type=\"column\">\n\t\t\t<div class=\"elementor-column-wrap  elementor-element-populated\">\n\t\t\t\t\t<div class=\"elementor-widget-wrap\">\n\t\t\t\t<div class=\"elementor-element elementor-element-795be5f elementor-widget elementor-widget-text-editor\" data-id=\"795be5f\" data-element_type=\"widget\" data-widget_type=\"text-editor.default\">\n\t\t\t\t<div class=\"elementor-widget-container\">\n\t\t\t\t\t<div class=\"elementor-text-editor elementor-clearfix\"><p style=\"text-align: center;\">VERS LE MONT SAINT MICHEL\u00a0 \u00a0\u00a0<\/p><p style=\"text-align: center;\">du Bois d&rsquo;Orthe ( limite avec la Sarthe) \u00e0 Mayenne<\/p><p style=\"text-align: center;\"><strong>par la variante d\u2019Evron<\/strong><\/p><\/div>\n\t\t\t\t<\/div>\n\t\t\t\t<\/div>\n\t\t\t\t\t\t<\/div>\n\t\t\t<\/div>\n\t\t<\/div>\n\t\t\t\t\t\t<\/div>\n\t\t\t<\/div>\n\t\t<\/section>\n\t\t\t\t<section class=\"elementor-element elementor-element-c2f7008 elementor-section-stretched elementor-section-boxed elementor-section-height-default elementor-section-height-default elementor-section elementor-top-section\" data-id=\"c2f7008\" data-element_type=\"section\" data-settings=\"{&quot;stretch_section&quot;:&quot;section-stretched&quot;}\">\n\t\t\t\t\t\t<div class=\"elementor-container elementor-column-gap-default\">\n\t\t\t\t<div class=\"elementor-row\">\n\t\t\t\t<div class=\"elementor-element elementor-element-7bd432a elementor-column elementor-col-50 elementor-top-column\" data-id=\"7bd432a\" data-element_type=\"column\">\n\t\t\t<div class=\"elementor-column-wrap  elementor-element-populated\">\n\t\t\t\t\t<div class=\"elementor-widget-wrap\">\n\t\t\t\t<div class=\"elementor-element elementor-element-cf3a4e5 elementor-widget elementor-widget-text-editor\" data-id=\"cf3a4e5\" data-element_type=\"widget\" data-widget_type=\"text-editor.default\">\n\t\t\t\t<div class=\"elementor-widget-container\">\n\t\t\t\t\t<div class=\"elementor-text-editor elementor-clearfix\"><p>PREAMBULE<\/p><p>Le Grand Chemin Montois m\u00e8ne, sur 320km, le p\u00e8lerin et le marcheur de Tours au Mont Saint Michel, via Le Mans et Mayenne et relie 2 grands lieux de p\u00e8lerinage: le tombeau de Saint Martin et le sanctuaire de l\u2019Archange.<\/p><p>En Mayenne, le premier passage d\u2019un p\u00e8lerin sur la\u00a0 \u201cVia Sancti Michaelis\u201d (route ou chemin de Saint Michel) est notifi\u00e9 en 867.<\/p><p>L\u2019expression \u201cGrand Chemin Montais\u201d, rencontr\u00e9e pour la premi\u00e8re fois en 1526, s\u2019applique au chemin traversant la Mayenne de Saint Pierre sur Orthe \u00e0 Landivy via Mayenne.<\/p><h6 style=\"text-align: center;\">(source: Jacques Naveau \u201cLe grand chemin du Mont Saint Michel en Mayenne\u201d La Mayenne, Arch\u00e9ologie,<br \/>Histoire n\u00b023200, cit\u00e9 dans le guide \u201cLe Grand Chemin Montois\u201d \u00e9ditions du P\u00e8lerin sarthois.)<\/h6><\/div>\n\t\t\t\t<\/div>\n\t\t\t\t<\/div>\n\t\t\t\t\t\t<\/div>\n\t\t\t<\/div>\n\t\t<\/div>\n\t\t\t\t<div class=\"elementor-element elementor-element-21ca6b3 elementor-column elementor-col-50 elementor-top-column\" data-id=\"21ca6b3\" data-element_type=\"column\">\n\t\t\t<div class=\"elementor-column-wrap  elementor-element-populated\">\n\t\t\t\t\t<div class=\"elementor-widget-wrap\">\n\t\t\t\t<div class=\"elementor-element elementor-element-80705ec elementor-widget elementor-widget-image\" data-id=\"80705ec\" data-element_type=\"widget\" data-widget_type=\"image.default\">\n\t\t\t\t<div class=\"elementor-widget-container\">\n\t\t\t\t\t<div class=\"elementor-image\">\n\t\t\t\t\t\t\t<figure class=\"wp-caption\">\n\t\t\t\t\t\t\t\t\t\t\t<a href=\"https:\/\/www.geoportail.gouv.fr\/carte?c=0.5406285523849997,48.05688330715361&amp;z=10&amp;l0=GEOGRAPHICALGRIDSYSTEMS.MAPS::GEOPORTAIL:OGC:WMTS(1)&amp;d1=4962656(0.5)&amp;d2=4965235(1)&amp;d3=5581190(1)&amp;permalink=yes\" target=\"_blank\">\n\t\t\t\t\t\t\t<img width=\"672\" height=\"328\" src=\"https:\/\/www.compostelle-mayenne.fr\/wp-content\/uploads\/2025\/12\/Carte-MSM-Variante-Evron.jpg\" class=\"attachment-large size-large\" alt=\"\" loading=\"lazy\" srcset=\"https:\/\/www.compostelle-mayenne.fr\/wp-content\/uploads\/2025\/12\/Carte-MSM-Variante-Evron.jpg 672w, https:\/\/www.compostelle-mayenne.fr\/wp-content\/uploads\/2025\/12\/Carte-MSM-Variante-Evron-300x146.jpg 300w\" sizes=\"(max-width: 672px) 100vw, 672px\" \/>\t\t\t\t\t\t\t\t<\/a>\n\t\t\t\t\t\t\t\t\t\t\t<figcaption class=\"widget-image-caption wp-caption-text\">Cliquez sur la carte pour acc\u00e9der aux services<\/figcaption>\n\t\t\t\t\t\t\t\t\t\t<\/figure>\n\t\t\t\t\t<\/div>\n\t\t\t\t<\/div>\n\t\t\t\t<\/div>\n\t\t\t\t<div class=\"elementor-element elementor-element-c41a15c elementor-widget elementor-widget-text-editor\" data-id=\"c41a15c\" data-element_type=\"widget\" data-widget_type=\"text-editor.default\">\n\t\t\t\t<div class=\"elementor-widget-container\">\n\t\t\t\t\t<div class=\"elementor-text-editor elementor-clearfix\"><ul><li style=\"text-align: left;\"><span style=\"color: #ff0000;\"><strong><a style=\"color: #ff0000;\" href=\"https:\/\/www.compostelle-mayenne.fr\/wp-content\/uploads\/2025\/12\/2025-DESCRIPTIF-Chemin-de-Tours-variante-par-Evron-1.pdf\" target=\"_blank\" rel=\"noopener\"><span style=\"text-decoration: underline;\"><span style=\"color: #cf4400; text-decoration: underline;\">Descriptif 1\u00e8re partie par Evron en .Pdf<\/span><\/span><\/a><\/strong><\/span><\/li><li style=\"text-align: left;\"><span style=\"color: #ff0000;\"><strong><a style=\"color: #ff0000;\" href=\"https:\/\/www.compostelle-mayenne.fr\/wp-content\/uploads\/2025\/12\/2025-11-Descriptif-Le-grand-chemin-montais-2eme-partie.pdf\" target=\"_blank\" rel=\"noopener\"><span style=\"text-decoration: underline;\"><span style=\"color: #cf4400; text-decoration: underline;\">Descriptif 2\u00e8me partie de Mayenne en .Pdf<\/span><\/span><\/a><\/strong><\/span><\/li><li style=\"text-align: left;\"><span style=\"text-decoration: underline; color: #ff0000;\"><a style=\"color: #ff0000;\" href=\"http:\/\/www.compostelle-mayenne.fr\/wp-content\/uploads\/2021\/04\/EVRON-chemins-Mont-St-Michel-PDF.pdf\" target=\"_blank\" rel=\"noopener\"><strong><span style=\"color: #cf4400; text-decoration: underline;\">Plan de ville EVRON<\/span><\/strong><\/a><\/span><\/li><li style=\"text-align: left;\"><span style=\"text-decoration: underline;\"><a href=\"http:\/\/www.compostelle-mayenne.fr\/wp-content\/uploads\/2021\/04\/MAYENNE-Chemin-de-St-Michel-PDF.pdf\" target=\"_blank\" rel=\"noopener\"><strong><span style=\"color: #cf4400; text-decoration: underline;\">Plan de ville MAYENNE<\/span><\/strong><\/a><\/span><\/li><li style=\"text-align: left;\"><strong><span style=\"color: #ff0000;\"><a style=\"color: #ff0000;\" href=\"https:\/\/www.visugpx.com\/Ykcwgbz1Zg#save\" target=\"_blank\" rel=\"noopener\"><span style=\"text-decoration: underline;\"><span style=\"color: #cf4400; text-decoration: underline;\">Trac\u00e9 GPX<\/span><\/span><\/a><\/span><\/strong><\/li><\/ul><\/div>\n\t\t\t\t<\/div>\n\t\t\t\t<\/div>\n\t\t\t\t\t\t<\/div>\n\t\t\t<\/div>\n\t\t<\/div>\n\t\t\t\t\t\t<\/div>\n\t\t\t<\/div>\n\t\t<\/section>\n\t\t\t\t<section class=\"elementor-element elementor-element-0956da1 elementor-section-stretched elementor-section-boxed elementor-section-height-default elementor-section-height-default elementor-section elementor-top-section\" data-id=\"0956da1\" data-element_type=\"section\" data-settings=\"{&quot;stretch_section&quot;:&quot;section-stretched&quot;}\">\n\t\t\t\t\t\t<div class=\"elementor-container elementor-column-gap-default\">\n\t\t\t\t<div class=\"elementor-row\">\n\t\t\t\t<div class=\"elementor-element elementor-element-535b58d elementor-column elementor-col-100 elementor-top-column\" data-id=\"535b58d\" data-element_type=\"column\">\n\t\t\t<div class=\"elementor-column-wrap  elementor-element-populated\">\n\t\t\t\t\t<div class=\"elementor-widget-wrap\">\n\t\t\t\t<div class=\"elementor-element elementor-element-cc43d1b elementor-widget elementor-widget-text-editor\" data-id=\"cc43d1b\" data-element_type=\"widget\" data-widget_type=\"text-editor.default\">\n\t\t\t\t<div class=\"elementor-widget-container\">\n\t\t\t\t\t<div class=\"elementor-text-editor elementor-clearfix\"><h1>Pratique<\/h1><p><strong>\u00a0<\/strong>Le <strong>carnet du p\u00e8lerin ou carnet du Miquelot<\/strong>, indispensable pour \u00eatre h\u00e9berg\u00e9 dans les \u00ab\u00a0accueils p\u00e8lerins\u00a0\u00bb est <span style=\"text-decoration: underline;\"><span style=\"color: #ff0000; text-decoration: underline;\">remis<\/span> <span style=\"color: #ff0000; text-decoration: underline;\">gracieusement<\/span><span style=\"color: #ff0000; text-decoration: underline;\"> \u00e0<\/span> <a href=\"https:\/\/www.compostelle-mayenne.fr\/index.php\/adhesion-internet-et-imprimable\/\" target=\"_blank\" rel=\"noopener\">nos adh\u00e9rents<\/a>.<\/span><\/p><p>L\u2019association Compostelle 53 &amp; AC f\u00e9d\u00e8re un<span style=\"text-decoration: underline;\"><a href=\"http:\/\/www.compostelle-mayenne.fr\/wp-content\/uploads\/2025\/01\/Charte-du-pelerin-accueilli-2025.pdf\" target=\"_blank\" rel=\"noopener\"> r\u00e9seau de familles d\u2019accueil p\u00e8lerin<\/a><\/span> en Mayenne. Elles seront heureuses de vous accueillir. Sur notre site sont recens\u00e9s \u00e9galement les h\u00e9bergements religieux ainsi que ceux propos\u00e9s par les communes.<\/p><ul><li><span style=\"text-decoration: underline;\"><a href=\"https:\/\/www.compostelle-mayenne.fr\/index.php\/hebergement\/\" target=\"_blank\" rel=\"noopener\">Les h\u00e9bergements p\u00e8lerins en Mayenne<\/a>.<\/span><\/li><li><a href=\"http:\/\/compostelle72.fr\/wp-content\/uploads\/2026\/02\/Hebergements-%E2%80%93-Tours-Le-Mont-Saint-Michel-par-Mayenne-GPS-1-19-02-26.pdf\" target=\"_blank\" rel=\"noopener\"><span style=\"text-decoration: underline;\">Liste des h\u00e9bergements au del\u00e0 de la Mayenne (fournie par Compostelle72)<\/span><\/a><\/li><li><a href=\"https:\/\/www.pelerin-montsaintmichel.org\/le-sanctuaire-mont-saint-michel\/sheberger\/demande-daccueil-pelerinage\" target=\"_blank\" rel=\"noopener\"><span style=\"text-decoration: underline;\">Demande sp\u00e9cifique pour l&rsquo;accueil p\u00e8lerin au Mont-Saint-Michel<\/span><\/a><\/li><\/ul><p><strong>Transport de bagages<\/strong><\/p><p><span style=\"text-decoration: underline;\"><a href=\"https:\/\/www.facebook.com\/bipbipvoyages\/videos\/?ref=page_internal\" target=\"_blank\" rel=\"noopener\">Bip Bip Voyages<\/a><\/span> propose des services de transport sur mesure de personnes de 2 \u00e0 8 personnes et bagages pour tous les randonneurs\/sportifs (\u00e0 pied, en v\u00e9lo, \u00e0 cheval, traileurs\u2026) et voyageurs (particuliers).<\/p><p><span style=\"text-decoration: underline;\"><a href=\"http:\/\/www.sudmayenne.com\/pratique\/transport-bagages-velo\" target=\"_blank\" rel=\"noopener\">Vincent Derouet<\/a><\/span>\u00a0de la soci\u00e9t\u00e9 And\u00e9gave Communication vous propose \u00e9galement ces prestations de transport de bagages, de v\u00e9lo et de personnes sur les routes de la Mayenne et de sa r\u00e9gion.<\/p><p>Coordonn\u00e9es : 06.82.84.54.88, Mail <a href=\"mailto:vincent-sv@orange.fr\" target=\"_blank\" rel=\"noopener\">: <span style=\"text-decoration: underline;\">vincent-sv@orange.fr<\/span><\/a><\/p><p>Sans oublier <span style=\"text-decoration: underline;\"><a href=\"https:\/\/keolis-armor.com\/fr\/zmr-Destination-Mont-Saint-Michel-.html\" target=\"_blank\" rel=\"noopener\">le voyagiste KEOLIS<\/a>.<\/span><\/p><\/div>\n\t\t\t\t<\/div>\n\t\t\t\t<\/div>\n\t\t\t\t\t\t<\/div>\n\t\t\t<\/div>\n\t\t<\/div>\n\t\t\t\t\t\t<\/div>\n\t\t\t<\/div>\n\t\t<\/section>\n\t\t\t\t<section class=\"elementor-element elementor-element-c9e4707 elementor-section-stretched elementor-section-boxed elementor-section-height-default elementor-section-height-default elementor-section elementor-top-section\" data-id=\"c9e4707\" data-element_type=\"section\" data-settings=\"{&quot;stretch_section&quot;:&quot;section-stretched&quot;}\">\n\t\t\t\t\t\t<div class=\"elementor-container elementor-column-gap-default\">\n\t\t\t\t<div class=\"elementor-row\">\n\t\t\t\t<div class=\"elementor-element elementor-element-b7f0795 elementor-column elementor-col-33 elementor-top-column\" data-id=\"b7f0795\" data-element_type=\"column\">\n\t\t\t<div class=\"elementor-column-wrap\">\n\t\t\t\t\t<div class=\"elementor-widget-wrap\">\n\t\t\t\t\t\t<\/div>\n\t\t\t<\/div>\n\t\t<\/div>\n\t\t\t\t<div class=\"elementor-element elementor-element-973e01d elementor-column elementor-col-33 elementor-top-column\" data-id=\"973e01d\" data-element_type=\"column\">\n\t\t\t<div class=\"elementor-column-wrap  elementor-element-populated\">\n\t\t\t\t\t<div class=\"elementor-widget-wrap\">\n\t\t\t\t<div class=\"elementor-element elementor-element-c460dd8 elementor-align-center elementor-widget elementor-widget-button\" data-id=\"c460dd8\" data-element_type=\"widget\" data-widget_type=\"button.default\">\n\t\t\t\t<div class=\"elementor-widget-container\">\n\t\t\t\t\t<div class=\"elementor-button-wrapper\">\n\t\t\t<a href=\"https:\/\/www.compostelle-mayenne.fr\/index.php\/chemins-vers-le-mont-st-michel\/\" target=\"_blank\" class=\"elementor-button-link elementor-button elementor-size-lg\" role=\"button\">\n\t\t\t\t\t\t<span class=\"elementor-button-content-wrapper\">\n\t\t\t\t\t\t<span class=\"elementor-button-text\">Retour : Chemins vers le Mont-Saint-Michel<\/span>\n\t\t<\/span>\n\t\t\t\t\t<\/a>\n\t\t<\/div>\n\t\t\t\t<\/div>\n\t\t\t\t<\/div>\n\t\t\t\t\t\t<\/div>\n\t\t\t<\/div>\n\t\t<\/div>\n\t\t\t\t<div class=\"elementor-element elementor-element-fd34a1b elementor-column elementor-col-33 elementor-top-column\" data-id=\"fd34a1b\" data-element_type=\"column\">\n\t\t\t<div class=\"elementor-column-wrap\">\n\t\t\t\t\t<div class=\"elementor-widget-wrap\">\n\t\t\t\t\t\t<\/div>\n\t\t\t<\/div>\n\t\t<\/div>\n\t\t\t\t\t\t<\/div>\n\t\t\t<\/div>\n\t\t<\/section>\n\t\t\t\t\t\t<\/div>\n\t\t\t<\/div>\n\t\t<\/div>\n\t\t","protected":false},"excerpt":{"rendered":"<p>Chemin de Tours &#8211; Variante par Evron VERS LE MONT SAINT MICHEL\u00a0 \u00a0\u00a0 du Bois d&rsquo;Orthe ( limite avec la Sarthe) \u00e0 Mayenne par la variante d\u2019Evron PREAMBULE Le Grand Chemin Montois m\u00e8ne, sur 320km, le p\u00e8lerin et le marcheur de Tours au Mont Saint Michel, via Le Mans et Mayenne et relie 2 grands [&hellip;]<\/p>\n","protected":false},"author":1,"featured_media":0,"parent":0,"menu_order":0,"comment_status":"closed","ping_status":"closed","template":"","meta":[],"_links":{"self":[{"href":"https:\/\/www.compostelle-mayenne.fr\/index.php\/wp-json\/wp\/v2\/pages\/13133"}],"collection":[{"href":"https:\/\/www.compostelle-mayenne.fr\/index.php\/wp-json\/wp\/v2\/pages"}],"about":[{"href":"https:\/\/www.compostelle-mayenne.fr\/index.php\/wp-json\/wp\/v2\/types\/page"}],"author":[{"embeddable":true,"href":"https:\/\/www.compostelle-mayenne.fr\/index.php\/wp-json\/wp\/v2\/users\/1"}],"replies":[{"embeddable":true,"href":"https:\/\/www.compostelle-mayenne.fr\/index.php\/wp-json\/wp\/v2\/comments?post=13133"}],"version-history":[{"count":25,"href":"https:\/\/www.compostelle-mayenne.fr\/index.php\/wp-json\/wp\/v2\/pages\/13133\/revisions"}],"predecessor-version":[{"id":13909,"href":"https:\/\/www.compostelle-mayenne.fr\/index.php\/wp-json\/wp\/v2\/pages\/13133\/revisions\/13909"}],"wp:attachment":[{"href":"https:\/\/www.compostelle-mayenne.fr\/index.php\/wp-json\/wp\/v2\/media?parent=13133"}],"curies":[{"name":"wp","href":"https:\/\/api.w.org\/{rel}","templated":true}]}}