{"id":13149,"date":"2025-12-13T18:21:05","date_gmt":"2025-12-13T17:21:05","guid":{"rendered":"http:\/\/www.compostelle-mayenne.fr\/?page_id=13149"},"modified":"2026-03-19T15:10:01","modified_gmt":"2026-03-19T14:10:01","slug":"mayenne-tours-par-le-chemin-de-st-martin","status":"publish","type":"page","link":"https:\/\/www.compostelle-mayenne.fr\/index.php\/mayenne-tours-par-le-chemin-de-st-martin\/","title":{"rendered":"Mayenne &#8211; Tours par le chemin de St-Martin"},"content":{"rendered":"\t\t<div data-elementor-type=\"wp-page\" data-elementor-id=\"13149\" class=\"elementor elementor-13149\" data-elementor-settings=\"[]\">\n\t\t\t<div class=\"elementor-inner\">\n\t\t\t\t<div class=\"elementor-section-wrap\">\n\t\t\t\t\t\t\t<section class=\"elementor-element elementor-element-7529372 elementor-section-stretched elementor-section-boxed elementor-section-height-default elementor-section-height-default elementor-section elementor-top-section\" data-id=\"7529372\" data-element_type=\"section\" data-settings=\"{&quot;stretch_section&quot;:&quot;section-stretched&quot;}\">\n\t\t\t\t\t\t<div class=\"elementor-container elementor-column-gap-default\">\n\t\t\t\t<div class=\"elementor-row\">\n\t\t\t\t<div class=\"elementor-element elementor-element-62c4ce6 elementor-column elementor-col-50 elementor-top-column\" data-id=\"62c4ce6\" data-element_type=\"column\">\n\t\t\t<div class=\"elementor-column-wrap  elementor-element-populated\">\n\t\t\t\t\t<div class=\"elementor-widget-wrap\">\n\t\t\t\t<div class=\"elementor-element elementor-element-ad7a1cc elementor-widget elementor-widget-image\" data-id=\"ad7a1cc\" data-element_type=\"widget\" data-widget_type=\"image.default\">\n\t\t\t\t<div class=\"elementor-widget-container\">\n\t\t\t\t\t<div class=\"elementor-image\">\n\t\t\t\t\t\t\t\t\t\t<img width=\"300\" height=\"192\" src=\"https:\/\/www.compostelle-mayenne.fr\/wp-content\/uploads\/2025\/12\/Logo-St-Martin-300x192.jpg\" class=\"attachment-medium size-medium\" alt=\"\" loading=\"lazy\" srcset=\"https:\/\/www.compostelle-mayenne.fr\/wp-content\/uploads\/2025\/12\/Logo-St-Martin-300x192.jpg 300w, https:\/\/www.compostelle-mayenne.fr\/wp-content\/uploads\/2025\/12\/Logo-St-Martin-938x600.jpg 938w, https:\/\/www.compostelle-mayenne.fr\/wp-content\/uploads\/2025\/12\/Logo-St-Martin-768x491.jpg 768w, https:\/\/www.compostelle-mayenne.fr\/wp-content\/uploads\/2025\/12\/Logo-St-Martin.jpg 1080w\" sizes=\"(max-width: 300px) 100vw, 300px\" \/>\t\t\t\t\t\t\t\t\t\t\t<\/div>\n\t\t\t\t<\/div>\n\t\t\t\t<\/div>\n\t\t\t\t\t\t<\/div>\n\t\t\t<\/div>\n\t\t<\/div>\n\t\t\t\t<div class=\"elementor-element elementor-element-ab81557 elementor-column elementor-col-50 elementor-top-column\" data-id=\"ab81557\" data-element_type=\"column\">\n\t\t\t<div class=\"elementor-column-wrap  elementor-element-populated\">\n\t\t\t\t\t<div class=\"elementor-widget-wrap\">\n\t\t\t\t<div class=\"elementor-element elementor-element-1ea4ec9 elementor-widget elementor-widget-image\" data-id=\"1ea4ec9\" data-element_type=\"widget\" data-widget_type=\"image.default\">\n\t\t\t\t<div class=\"elementor-widget-container\">\n\t\t\t\t\t<div class=\"elementor-image\">\n\t\t\t\t\t\t\t<figure class=\"wp-caption\">\n\t\t\t\t\t\t\t\t\t\t\t<a href=\"https:\/\/www.visugpx.com\/7ZO4aDHhtr\" target=\"_blank\">\n\t\t\t\t\t\t\t<img width=\"1075\" height=\"495\" src=\"https:\/\/www.compostelle-mayenne.fr\/wp-content\/uploads\/2025\/12\/Carte-St-Martin.jpg\" class=\"attachment-large size-large\" alt=\"\" loading=\"lazy\" srcset=\"https:\/\/www.compostelle-mayenne.fr\/wp-content\/uploads\/2025\/12\/Carte-St-Martin.jpg 1075w, https:\/\/www.compostelle-mayenne.fr\/wp-content\/uploads\/2025\/12\/Carte-St-Martin-300x138.jpg 300w, https:\/\/www.compostelle-mayenne.fr\/wp-content\/uploads\/2025\/12\/Carte-St-Martin-768x354.jpg 768w\" sizes=\"(max-width: 1075px) 100vw, 1075px\" \/>\t\t\t\t\t\t\t\t<\/a>\n\t\t\t\t\t\t\t\t\t\t\t<figcaption class=\"widget-image-caption wp-caption-text\">Cliquez sur la carte pour acc\u00e9der aux services<\/figcaption>\n\t\t\t\t\t\t\t\t\t\t<\/figure>\n\t\t\t\t\t<\/div>\n\t\t\t\t<\/div>\n\t\t\t\t<\/div>\n\t\t\t\t\t\t<\/div>\n\t\t\t<\/div>\n\t\t<\/div>\n\t\t\t\t\t\t<\/div>\n\t\t\t<\/div>\n\t\t<\/section>\n\t\t\t\t<section class=\"elementor-element elementor-element-4a0ff0d elementor-section-stretched elementor-section-boxed elementor-section-height-default elementor-section-height-default elementor-section elementor-top-section\" data-id=\"4a0ff0d\" data-element_type=\"section\" data-settings=\"{&quot;stretch_section&quot;:&quot;section-stretched&quot;}\">\n\t\t\t\t\t\t<div class=\"elementor-container elementor-column-gap-default\">\n\t\t\t\t<div class=\"elementor-row\">\n\t\t\t\t<div class=\"elementor-element elementor-element-b143413 elementor-column elementor-col-50 elementor-top-column\" data-id=\"b143413\" data-element_type=\"column\">\n\t\t\t<div class=\"elementor-column-wrap  elementor-element-populated\">\n\t\t\t\t\t<div class=\"elementor-widget-wrap\">\n\t\t\t\t<div class=\"elementor-element elementor-element-4806bdc elementor-widget elementor-widget-text-editor\" data-id=\"4806bdc\" data-element_type=\"widget\" data-widget_type=\"text-editor.default\">\n\t\t\t\t<div class=\"elementor-widget-container\">\n\t\t\t\t\t<div class=\"elementor-text-editor elementor-clearfix\"><p>Le chemin de Saint Martin part de Mayenne en direction de Tours. Il est commun avec le <span style=\"text-decoration: underline;\"><strong><a href=\"http:\/\/www.lescheminsdumontsaintmichel.com\/spip\/spip.php?article109\" target=\"_blank\" rel=\"noopener\">Grand Chemin de Tours<\/a><\/strong><\/span> jusqu&rsquo;\u00e0 Hambers.De l\u00e0, le trac\u00e9 passe par <a href=\"http:\/\/www.compostelle-mayenne.fr\/wp-content\/uploads\/2021\/01\/OF-2021-01-10_15-23-00.png\" target=\"_blank\" rel=\"noopener\">Evron<\/a> pour retrouver le grand chemin de Tours \u00e0 St-Pierre-sur-Orthe, aux limites de la Mayenne<\/p><\/div>\n\t\t\t\t<\/div>\n\t\t\t\t<\/div>\n\t\t\t\t<div class=\"elementor-element elementor-element-9ce0ab9 elementor-widget elementor-widget-text-editor\" data-id=\"9ce0ab9\" data-element_type=\"widget\" data-widget_type=\"text-editor.default\">\n\t\t\t\t<div class=\"elementor-widget-container\">\n\t\t\t\t\t<div class=\"elementor-text-editor elementor-clearfix\"><ul><li><strong><span style=\"color: #ff0000;\"><a style=\"color: #ff0000;\" href=\"http:\/\/www.compostelle-mayenne.fr\/wp-content\/uploads\/2025\/12\/2025-11-Desciptif-Chemin-de-St-Martin-en-Mayenne.pdf\" target=\"_blank\" rel=\"noopener\"><span style=\"text-decoration: underline;\"><span style=\"color: #cf4400; text-decoration: underline;\"><span style=\"color: #a62400; text-decoration: underline;\">Descriptif Chemin de St-Martin en Mayenne<\/span><\/span><\/span><\/a><\/span><\/strong><\/li><li><span style=\"color: #ff0000;\"><span style=\"text-decoration: underline; color: #a62400;\"><a style=\"color: #a62400; text-decoration: underline;\" href=\"https:\/\/www.visugpx.com\/7ZO4aDHhtr\" target=\"_blank\" rel=\"noopener\"><strong>Trac\u00e9 GPX jusqu&rsquo;\u00e0 Tours<\/strong><\/a><\/span><a style=\"color: #ff0000;\" href=\"https:\/\/www.geoportail.gouv.fr\/carte?c=0.058407869051412736,48.00298108090601&amp;z=10&amp;l0=GEOGRAPHICALGRIDSYSTEMS.MAPS::GEOPORTAIL:OGC:WMTS(1)&amp;d1=3369991(1)&amp;permalink=yes\" target=\"_blank\" rel=\"noopener\"><strong>.<\/strong><\/a><\/span><\/li><li style=\"text-align: left;\"><span style=\"color: #a62400;\"><strong><a style=\"color: #a62400;\" href=\"https:\/\/www.compostelle-mayenne.fr\/index.php\/hebergement\/\" target=\"_blank\" rel=\"noopener\"><span style=\"text-decoration: underline;\">Les h\u00e9bergements p\u00e8lerins en Mayenne<\/span>.<\/a><\/strong><\/span><\/li><li><strong><a href=\"http:\/\/compostelle72.fr\/wp-content\/uploads\/2025\/10\/Hebergements-%E2%80%93-Tours-Le-Mont-Saint-Michel-par-Mayenne-GPS-1-29-10-25.pdf\" target=\"_blank\" rel=\"noopener\"><span style=\"text-decoration: underline;\">Liste des h\u00e9bergements au del\u00e0 de la Mayenne (fournie par Compostelle72)<\/span><\/a><\/strong><\/li><\/ul><p><span style=\"color: #a62400;\">Vous souhaitez plus d&rsquo;informations sur l<\/span>es h\u00e9bergements commerciaux sur ce chemin de Saint Martin en Mayenne, <strong>l&rsquo;Office de Tourisme des Co\u00eavrons <\/strong>se tient \u00e0 votre disposition, sur <span style=\"text-decoration: underline;\"><a href=\"https:\/\/www.coevrons-tourisme.com\/\" target=\"_blank\" rel=\"noopener\">leur site<\/a><\/span>, <a href=\"mailto:info@coevrons-tourisme.com\" target=\"_blank\" rel=\"noopener\"><span style=\"text-decoration: underline;\">par mail<\/span><\/a> ou <span style=\"text-decoration: underline;\"><span style=\"color: #cf4400; text-decoration: underline;\">par t\u00e9l\u00e9phone au<\/span> <strong>02.43.01.43.60<\/strong><\/span><\/p><p style=\"text-align: left;\">Un petit guide Mayenne- Tours\u00a0 \u00e9dit\u00e9 par Via Sancti Martini &#8211; Pays de la Loire est disponible en .Pdf aussi en<a href=\"http:\/\/www.compostelle-mayenne.fr\/wp-content\/uploads\/2025\/05\/LivretVSM-MayenneLeMansTours.pdf\" target=\"_blank\" rel=\"noopener\"><span style=\"text-decoration: underline;\"> cliquant ici.<\/span><\/a><\/p><p><strong>Transports<\/strong><\/p><p><span style=\"text-decoration: underline;\"><a href=\"https:\/\/www.facebook.com\/bipbipvoyages\/videos\/?ref=page_internal\" target=\"_blank\" rel=\"noopener\">Bip Bip Voyages<\/a><\/span> propose des services de transport sur mesure, ainsi que <span style=\"text-decoration: underline;\"><span style=\"color: #993300; text-decoration: underline;\"><a style=\"color: #993300; text-decoration: underline;\" href=\"http:\/\/www.sudmayenne.com\/pratique\/transport-bagages-velo\">Vincent Derouet.<\/a><\/span><\/span> 06.82.84.54.88, mail <strong><a href=\"mailto::%20vincent-sv@orange.fr%0d%0d\">:<\/a><\/strong> <a href=\"mailto::%20vincent-sv@orange.fr%0d%0d\"><span style=\"text-decoration: underline; color: #cf4400;\">vincent-sv@orange.fr.<\/span><\/a>\u00a0<a href=\"https:\/\/keolis-armor.com\/fr\/zmr-Destination-Mont-Saint-Michel-.html\">Sans oublier le voyagiste <span style=\"text-decoration: underline; color: #993300;\"><strong>KEOLIS.<\/strong><\/span><\/a><\/p><\/div>\n\t\t\t\t<\/div>\n\t\t\t\t<\/div>\n\t\t\t\t\t\t<\/div>\n\t\t\t<\/div>\n\t\t<\/div>\n\t\t\t\t<div class=\"elementor-element elementor-element-9a0440c elementor-column elementor-col-50 elementor-top-column\" data-id=\"9a0440c\" data-element_type=\"column\">\n\t\t\t<div class=\"elementor-column-wrap  elementor-element-populated\">\n\t\t\t\t\t<div class=\"elementor-widget-wrap\">\n\t\t\t\t<div class=\"elementor-element elementor-element-e865fc2 elementor-widget elementor-widget-text-editor\" data-id=\"e865fc2\" data-element_type=\"widget\" data-widget_type=\"text-editor.default\">\n\t\t\t\t<div class=\"elementor-widget-container\">\n\t\t\t\t\t<div class=\"elementor-text-editor elementor-clearfix\"><p>Vous trouverez les balisages suivants sur les chemins :<\/p><\/div>\n\t\t\t\t<\/div>\n\t\t\t\t<\/div>\n\t\t\t\t<div class=\"elementor-element elementor-element-691e8b5 elementor-widget elementor-widget-image\" data-id=\"691e8b5\" data-element_type=\"widget\" data-widget_type=\"image.default\">\n\t\t\t\t<div class=\"elementor-widget-container\">\n\t\t\t\t\t<div class=\"elementor-image\">\n\t\t\t\t\t\t\t\t\t\t<img width=\"1024\" height=\"599\" src=\"https:\/\/www.compostelle-mayenne.fr\/wp-content\/uploads\/2024\/02\/Balisage-ViaSanctiMartini-1024x599.jpg\" class=\"attachment-large size-large\" alt=\"\" loading=\"lazy\" srcset=\"https:\/\/www.compostelle-mayenne.fr\/wp-content\/uploads\/2024\/02\/Balisage-ViaSanctiMartini-1024x599.jpg 1024w, https:\/\/www.compostelle-mayenne.fr\/wp-content\/uploads\/2024\/02\/Balisage-ViaSanctiMartini-300x175.jpg 300w, https:\/\/www.compostelle-mayenne.fr\/wp-content\/uploads\/2024\/02\/Balisage-ViaSanctiMartini-768x449.jpg 768w, https:\/\/www.compostelle-mayenne.fr\/wp-content\/uploads\/2024\/02\/Balisage-ViaSanctiMartini.jpg 1060w\" sizes=\"(max-width: 1024px) 100vw, 1024px\" \/>\t\t\t\t\t\t\t\t\t\t\t<\/div>\n\t\t\t\t<\/div>\n\t\t\t\t<\/div>\n\t\t\t\t<div class=\"elementor-element elementor-element-96de07f elementor-widget elementor-widget-text-editor\" data-id=\"96de07f\" data-element_type=\"widget\" data-widget_type=\"text-editor.default\">\n\t\t\t\t<div class=\"elementor-widget-container\">\n\t\t\t\t\t<div class=\"elementor-text-editor elementor-clearfix\"><p><span style=\"text-decoration: underline;\"><em>Ci-dessous, anciens mod\u00e8les pouvant persister<\/em><\/span><em> :<\/em><\/p><\/div>\n\t\t\t\t<\/div>\n\t\t\t\t<\/div>\n\t\t\t\t<div class=\"elementor-element elementor-element-76ac00a elementor-widget elementor-widget-image\" data-id=\"76ac00a\" data-element_type=\"widget\" data-widget_type=\"image.default\">\n\t\t\t\t<div class=\"elementor-widget-container\">\n\t\t\t\t\t<div class=\"elementor-image\">\n\t\t\t\t\t\t\t\t\t\t<img width=\"1200\" height=\"586\" src=\"https:\/\/www.compostelle-mayenne.fr\/wp-content\/uploads\/2025\/12\/logo-st-martin-2-1228x600.jpg\" class=\"attachment-large size-large\" alt=\"\" loading=\"lazy\" srcset=\"https:\/\/www.compostelle-mayenne.fr\/wp-content\/uploads\/2025\/12\/logo-st-martin-2-1228x600.jpg 1228w, https:\/\/www.compostelle-mayenne.fr\/wp-content\/uploads\/2025\/12\/logo-st-martin-2-300x147.jpg 300w, https:\/\/www.compostelle-mayenne.fr\/wp-content\/uploads\/2025\/12\/logo-st-martin-2-768x375.jpg 768w, https:\/\/www.compostelle-mayenne.fr\/wp-content\/uploads\/2025\/12\/logo-st-martin-2.jpg 1261w\" sizes=\"(max-width: 1200px) 100vw, 1200px\" \/>\t\t\t\t\t\t\t\t\t\t\t<\/div>\n\t\t\t\t<\/div>\n\t\t\t\t<\/div>\n\t\t\t\t\t\t<\/div>\n\t\t\t<\/div>\n\t\t<\/div>\n\t\t\t\t\t\t<\/div>\n\t\t\t<\/div>\n\t\t<\/section>\n\t\t\t\t<section class=\"elementor-element elementor-element-20f56e6 elementor-section-stretched elementor-section-boxed elementor-section-height-default elementor-section-height-default elementor-section elementor-top-section\" data-id=\"20f56e6\" data-element_type=\"section\" data-settings=\"{&quot;stretch_section&quot;:&quot;section-stretched&quot;}\">\n\t\t\t\t\t\t<div class=\"elementor-container elementor-column-gap-default\">\n\t\t\t\t<div class=\"elementor-row\">\n\t\t\t\t<div class=\"elementor-element elementor-element-cc39d7a elementor-column elementor-col-33 elementor-top-column\" data-id=\"cc39d7a\" data-element_type=\"column\">\n\t\t\t<div class=\"elementor-column-wrap\">\n\t\t\t\t\t<div class=\"elementor-widget-wrap\">\n\t\t\t\t\t\t<\/div>\n\t\t\t<\/div>\n\t\t<\/div>\n\t\t\t\t<div class=\"elementor-element elementor-element-2be74f8 elementor-column elementor-col-33 elementor-top-column\" data-id=\"2be74f8\" data-element_type=\"column\">\n\t\t\t<div class=\"elementor-column-wrap  elementor-element-populated\">\n\t\t\t\t\t<div class=\"elementor-widget-wrap\">\n\t\t\t\t<div class=\"elementor-element elementor-element-caa96bb elementor-align-center elementor-widget elementor-widget-button\" data-id=\"caa96bb\" data-element_type=\"widget\" data-widget_type=\"button.default\">\n\t\t\t\t<div class=\"elementor-widget-container\">\n\t\t\t\t\t<div class=\"elementor-button-wrapper\">\n\t\t\t<a href=\"https:\/\/www.compostelle-mayenne.fr\/index.php\/rejoindre-son-grand-chemin-depuis-la-mayenne\/\" target=\"_blank\" class=\"elementor-button-link elementor-button elementor-size-lg\" role=\"button\">\n\t\t\t\t\t\t<span class=\"elementor-button-content-wrapper\">\n\t\t\t\t\t\t<span class=\"elementor-button-text\">Retour : Chemins en Mayenne<\/span>\n\t\t<\/span>\n\t\t\t\t\t<\/a>\n\t\t<\/div>\n\t\t\t\t<\/div>\n\t\t\t\t<\/div>\n\t\t\t\t\t\t<\/div>\n\t\t\t<\/div>\n\t\t<\/div>\n\t\t\t\t<div class=\"elementor-element elementor-element-ecf7ea1 elementor-column elementor-col-33 elementor-top-column\" data-id=\"ecf7ea1\" data-element_type=\"column\">\n\t\t\t<div class=\"elementor-column-wrap\">\n\t\t\t\t\t<div class=\"elementor-widget-wrap\">\n\t\t\t\t\t\t<\/div>\n\t\t\t<\/div>\n\t\t<\/div>\n\t\t\t\t\t\t<\/div>\n\t\t\t<\/div>\n\t\t<\/section>\n\t\t\t\t\t\t<\/div>\n\t\t\t<\/div>\n\t\t<\/div>\n\t\t","protected":false},"excerpt":{"rendered":"<p>Cliquez sur la carte pour acc\u00e9der aux services Le chemin de Saint Martin part de Mayenne en direction de Tours. Il est commun avec le Grand Chemin de Tours jusqu&rsquo;\u00e0 Hambers.De l\u00e0, le trac\u00e9 passe par Evron pour retrouver le grand chemin de Tours \u00e0 St-Pierre-sur-Orthe, aux limites de la Mayenne Descriptif Chemin de St-Martin [&hellip;]<\/p>\n","protected":false},"author":1,"featured_media":0,"parent":0,"menu_order":0,"comment_status":"closed","ping_status":"closed","template":"","meta":[],"_links":{"self":[{"href":"https:\/\/www.compostelle-mayenne.fr\/index.php\/wp-json\/wp\/v2\/pages\/13149"}],"collection":[{"href":"https:\/\/www.compostelle-mayenne.fr\/index.php\/wp-json\/wp\/v2\/pages"}],"about":[{"href":"https:\/\/www.compostelle-mayenne.fr\/index.php\/wp-json\/wp\/v2\/types\/page"}],"author":[{"embeddable":true,"href":"https:\/\/www.compostelle-mayenne.fr\/index.php\/wp-json\/wp\/v2\/users\/1"}],"replies":[{"embeddable":true,"href":"https:\/\/www.compostelle-mayenne.fr\/index.php\/wp-json\/wp\/v2\/comments?post=13149"}],"version-history":[{"count":21,"href":"https:\/\/www.compostelle-mayenne.fr\/index.php\/wp-json\/wp\/v2\/pages\/13149\/revisions"}],"predecessor-version":[{"id":13827,"href":"https:\/\/www.compostelle-mayenne.fr\/index.php\/wp-json\/wp\/v2\/pages\/13149\/revisions\/13827"}],"wp:attachment":[{"href":"https:\/\/www.compostelle-mayenne.fr\/index.php\/wp-json\/wp\/v2\/media?parent=13149"}],"curies":[{"name":"wp","href":"https:\/\/api.w.org\/{rel}","templated":true}]}}