{"id":13229,"date":"2025-12-14T16:26:16","date_gmt":"2025-12-14T15:26:16","guid":{"rendered":"http:\/\/www.compostelle-mayenne.fr\/?page_id=13229"},"modified":"2026-04-10T13:40:43","modified_gmt":"2026-04-10T11:40:43","slug":"tours-le-mont-st-michel","status":"publish","type":"page","link":"https:\/\/www.compostelle-mayenne.fr\/index.php\/tours-le-mont-st-michel\/","title":{"rendered":"Tours &#8211; Le Mont-St-Michel"},"content":{"rendered":"\t\t<div data-elementor-type=\"wp-page\" data-elementor-id=\"13229\" class=\"elementor elementor-13229\" data-elementor-settings=\"[]\">\n\t\t\t<div class=\"elementor-inner\">\n\t\t\t\t<div class=\"elementor-section-wrap\">\n\t\t\t\t\t\t\t<section class=\"elementor-element elementor-element-26ceb7b elementor-section-stretched elementor-section-boxed elementor-section-height-default elementor-section-height-default elementor-section elementor-top-section\" data-id=\"26ceb7b\" data-element_type=\"section\" data-settings=\"{&quot;stretch_section&quot;:&quot;section-stretched&quot;}\">\n\t\t\t\t\t\t<div class=\"elementor-container elementor-column-gap-default\">\n\t\t\t\t<div class=\"elementor-row\">\n\t\t\t\t<div class=\"elementor-element elementor-element-3cc8e08 elementor-column elementor-col-100 elementor-top-column\" data-id=\"3cc8e08\" data-element_type=\"column\">\n\t\t\t<div class=\"elementor-column-wrap  elementor-element-populated\">\n\t\t\t\t\t<div class=\"elementor-widget-wrap\">\n\t\t\t\t<div class=\"elementor-element elementor-element-c2b34fb elementor-widget elementor-widget-text-editor\" data-id=\"c2b34fb\" data-element_type=\"widget\" data-widget_type=\"text-editor.default\">\n\t\t\t\t<div class=\"elementor-widget-container\">\n\t\t\t\t\t<div class=\"elementor-text-editor elementor-clearfix\"><p><span style=\"color: #000000;\"><em>Chemin de Tours dit \u00a0\u00bb chemin Montois\u00a0\u00bb<\/em><\/span><\/p><\/div>\n\t\t\t\t<\/div>\n\t\t\t\t<\/div>\n\t\t\t\t\t\t<\/div>\n\t\t\t<\/div>\n\t\t<\/div>\n\t\t\t\t\t\t<\/div>\n\t\t\t<\/div>\n\t\t<\/section>\n\t\t\t\t<section class=\"elementor-element elementor-element-187322b elementor-section-stretched elementor-section-boxed elementor-section-height-default elementor-section-height-default elementor-section elementor-top-section\" data-id=\"187322b\" data-element_type=\"section\" data-settings=\"{&quot;stretch_section&quot;:&quot;section-stretched&quot;}\">\n\t\t\t\t\t\t<div class=\"elementor-container elementor-column-gap-default\">\n\t\t\t\t<div class=\"elementor-row\">\n\t\t\t\t<div class=\"elementor-element elementor-element-7b2a89e elementor-column elementor-col-50 elementor-top-column\" data-id=\"7b2a89e\" data-element_type=\"column\">\n\t\t\t<div class=\"elementor-column-wrap  elementor-element-populated\">\n\t\t\t\t\t<div class=\"elementor-widget-wrap\">\n\t\t\t\t<div class=\"elementor-element elementor-element-403a4fa elementor-widget elementor-widget-image\" data-id=\"403a4fa\" data-element_type=\"widget\" data-widget_type=\"image.default\">\n\t\t\t\t<div class=\"elementor-widget-container\">\n\t\t\t\t\t<div class=\"elementor-image\">\n\t\t\t\t\t\t\t\t\t\t<img width=\"150\" height=\"150\" src=\"https:\/\/www.compostelle-mayenne.fr\/wp-content\/uploads\/2025\/12\/Logo-MSM-2025-150x150.jpg\" class=\"attachment-thumbnail size-thumbnail\" alt=\"\" loading=\"lazy\" \/>\t\t\t\t\t\t\t\t\t\t\t<\/div>\n\t\t\t\t<\/div>\n\t\t\t\t<\/div>\n\t\t\t\t\t\t<\/div>\n\t\t\t<\/div>\n\t\t<\/div>\n\t\t\t\t<div class=\"elementor-element elementor-element-a6962f8 elementor-column elementor-col-50 elementor-top-column\" data-id=\"a6962f8\" data-element_type=\"column\">\n\t\t\t<div class=\"elementor-column-wrap  elementor-element-populated\">\n\t\t\t\t\t<div class=\"elementor-widget-wrap\">\n\t\t\t\t<div class=\"elementor-element elementor-element-940b034 elementor-widget elementor-widget-text-editor\" data-id=\"940b034\" data-element_type=\"widget\" data-widget_type=\"text-editor.default\">\n\t\t\t\t<div class=\"elementor-widget-container\">\n\t\t\t\t\t<div class=\"elementor-text-editor elementor-clearfix\"><\/div>\n\t\t\t\t<\/div>\n\t\t\t\t<\/div>\n\t\t\t\t<div class=\"elementor-element elementor-element-034ef66 elementor-widget elementor-widget-text-editor\" data-id=\"034ef66\" data-element_type=\"widget\" data-widget_type=\"text-editor.default\">\n\t\t\t\t<div class=\"elementor-widget-container\">\n\t\t\t\t\t<div class=\"elementor-text-editor elementor-clearfix\"><p style=\"text-align: center;\">VERS LE MONT SAINT MICHEL\u00a0 \u00a0\u00a0<\/p><p style=\"text-align: center;\">du Bois d&rsquo;Orthe ( limite avec la Sarthe)<\/p><p style=\"text-align: center;\">\u00e0 Pont au Bray (limite avec l&rsquo;Ille et Vilaine)<\/p><p>De\u00a0 \u00a0Tours\u00a0 \u00a0en passant\u00a0 par\u00a0 \u00a0Sill\u00e9-le-Guillaume, Iz\u00e9,\u00a0 \u00a0Bais,\u00a0 Mayenne, Ch\u00e2tillon-sur-Colmont, Gorron, La Dor\u00e9e, Landivy.<\/p><\/div>\n\t\t\t\t<\/div>\n\t\t\t\t<\/div>\n\t\t\t\t\t\t<\/div>\n\t\t\t<\/div>\n\t\t<\/div>\n\t\t\t\t\t\t<\/div>\n\t\t\t<\/div>\n\t\t<\/section>\n\t\t\t\t<section class=\"elementor-element elementor-element-0d9350e elementor-section-stretched elementor-section-boxed elementor-section-height-default elementor-section-height-default elementor-section elementor-top-section\" data-id=\"0d9350e\" data-element_type=\"section\" data-settings=\"{&quot;stretch_section&quot;:&quot;section-stretched&quot;}\">\n\t\t\t\t\t\t<div class=\"elementor-container elementor-column-gap-default\">\n\t\t\t\t<div class=\"elementor-row\">\n\t\t\t\t<div class=\"elementor-element elementor-element-a17ab8f elementor-column elementor-col-50 elementor-top-column\" data-id=\"a17ab8f\" data-element_type=\"column\">\n\t\t\t<div class=\"elementor-column-wrap  elementor-element-populated\">\n\t\t\t\t\t<div class=\"elementor-widget-wrap\">\n\t\t\t\t<div class=\"elementor-element elementor-element-1dbabec elementor-widget elementor-widget-text-editor\" data-id=\"1dbabec\" data-element_type=\"widget\" data-widget_type=\"text-editor.default\">\n\t\t\t\t<div class=\"elementor-widget-container\">\n\t\t\t\t\t<div class=\"elementor-text-editor elementor-clearfix\"><p><strong>PREAMBULE<\/strong><\/p><p>Le Grand Chemin Montois m\u00e8ne, sur 320km, le p\u00e8lerin et le marcheur de Tours au Mont Saint Michel, via Le Mans et Mayenne et relie 2 grands lieux de p\u00e8lerinage: le tombeau de Saint Martin et le sanctuaire de l\u2019Archange.<\/p><p>En Mayenne, le premier passage d\u2019un p\u00e8lerin sur la\u00a0 \u201cVia Sancti Michaelis\u201d (route ou chemin de Saint Michel) est notifi\u00e9 en 867.<\/p><p>Au Moyen-Age, le chemin comptait 13 villes \u00e9tapes : Saint-Pierre-sur-Orthe, Saint-Martin-de-Conn\u00e9e, Iz\u00e9, Bais, Grazay, Aron, Mayenne, Parign\u00e9-sur-Braye, Ch\u00e2tillion-sur-Colmont, Colombiers-du-Plessis, Levar\u00e9, La Dor\u00e9e et Landivy. Des lieux d&rsquo;h\u00e9bergement (\u00ab\u00a0l&rsquo;Hotellerie\u00a0\u00bb pr\u00e8s de Bais ou Landivy, Quittay, L&rsquo;Abbayette, Pont-au-Bray&#8230;) compl\u00e9taient l&rsquo;accueil.<\/p><p>L\u2019expression \u201cGrand Chemin Montais\u201d, rencontr\u00e9e pour la premi\u00e8re fois en 1526, s\u2019applique au chemin traversant la Mayenne de Saint Pierre sur Orthe \u00e0 Landivy via Mayenne.<\/p><h6 style=\"text-align: center;\">(source: Jacques Naveau \u201cLe grand chemin du Mont Saint Michel en Mayenne\u201d La Mayenne, Arch\u00e9ologie,<br \/>Histoire n\u00b023200, cit\u00e9 dans le guide \u201cLe Grand Chemin Montois\u201d \u00e9ditions du P\u00e8lerin sarthois.)<\/h6><\/div>\n\t\t\t\t<\/div>\n\t\t\t\t<\/div>\n\t\t\t\t\t\t<\/div>\n\t\t\t<\/div>\n\t\t<\/div>\n\t\t\t\t<div class=\"elementor-element elementor-element-eafb808 elementor-column elementor-col-50 elementor-top-column\" data-id=\"eafb808\" data-element_type=\"column\">\n\t\t\t<div class=\"elementor-column-wrap  elementor-element-populated\">\n\t\t\t\t\t<div class=\"elementor-widget-wrap\">\n\t\t\t\t<div class=\"elementor-element elementor-element-58c95f2 elementor-widget elementor-widget-image\" data-id=\"58c95f2\" data-element_type=\"widget\" data-widget_type=\"image.default\">\n\t\t\t\t<div class=\"elementor-widget-container\">\n\t\t\t\t\t<div class=\"elementor-image\">\n\t\t\t\t\t\t\t<figure class=\"wp-caption\">\n\t\t\t\t\t\t\t\t\t\t\t<a href=\"https:\/\/www.visugpx.com\/cy5lnFYJ3P\" target=\"_blank\">\n\t\t\t\t\t\t\t<img src=\"https:\/\/www.compostelle-mayenne.fr\/wp-content\/uploads\/2025\/12\/Carte-2025-Chemin-de-Tours.jpg\" title=\"Carte 2025 Chemin de Tours\" alt=\"Carte 2025 Chemin de Tours\" \/>\t\t\t\t\t\t\t\t<\/a>\n\t\t\t\t\t\t\t\t\t\t\t<figcaption class=\"widget-image-caption wp-caption-text\">Vue d'ensemble<\/figcaption>\n\t\t\t\t\t\t\t\t\t\t<\/figure>\n\t\t\t\t\t<\/div>\n\t\t\t\t<\/div>\n\t\t\t\t<\/div>\n\t\t\t\t<div class=\"elementor-element elementor-element-da567ee elementor-widget elementor-widget-text-editor\" data-id=\"da567ee\" data-element_type=\"widget\" data-widget_type=\"text-editor.default\">\n\t\t\t\t<div class=\"elementor-widget-container\">\n\t\t\t\t\t<div class=\"elementor-text-editor elementor-clearfix\"><ul><li><a href=\"https:\/\/www.visugpx.com\/cy5lnFYJ3P\" target=\"_blank\" rel=\"noopener\" data-wplink-edit=\"true\"><span style=\"text-decoration: underline;\">Trac\u00e9 GPX.<\/span><\/a><\/li><li><span style=\"text-decoration: underline;\"><a href=\"http:\/\/compostelle72.fr\/la-boutique\/\" target=\"_blank\" rel=\"noopener\">Guide complet \u00e9dit\u00e9 par Compostelle 72<\/a><\/span><a href=\"http:\/\/compostelle72.fr\/la-boutique\/\">.<\/a><\/li><li><span style=\"text-decoration: underline;\"><a href=\"http:\/\/compostelle72.fr\/les-mises-a-jour\/\" target=\"_blank\" rel=\"noopener\">Ses mises \u00e0 jour.<\/a><\/span><\/li><li><span style=\"text-decoration: underline;\"><a href=\"http:\/\/www.compostelle-mayenne.fr\/wp-content\/uploads\/2025\/12\/2025-Descriptif-chemin-deTours-1re-partie-Sarthe-Mayenne.pdf\" target=\"_blank\" rel=\"noopener\">Descriptif St Pierre sur Orthe\/Mayenne 1\u00e8re partie.<\/a><\/span><\/li><li><span style=\"text-decoration: underline;\"><a href=\"https:\/\/www.compostelle-mayenne.fr\/wp-content\/uploads\/2025\/12\/2025-11-Descriptif-Le-grand-chemin-montais-2eme-partie.pdf\" target=\"_blank\" rel=\"noopener\">Descriptif Mayenne\/Pont au Bray 2\u00e8me partie.<\/a><\/span><\/li><\/ul><\/div>\n\t\t\t\t<\/div>\n\t\t\t\t<\/div>\n\t\t\t\t\t\t<\/div>\n\t\t\t<\/div>\n\t\t<\/div>\n\t\t\t\t\t\t<\/div>\n\t\t\t<\/div>\n\t\t<\/section>\n\t\t\t\t<section class=\"elementor-element elementor-element-e768cef elementor-section-stretched elementor-section-boxed elementor-section-height-default elementor-section-height-default elementor-section elementor-top-section\" data-id=\"e768cef\" data-element_type=\"section\" data-settings=\"{&quot;stretch_section&quot;:&quot;section-stretched&quot;}\">\n\t\t\t\t\t\t<div class=\"elementor-container elementor-column-gap-default\">\n\t\t\t\t<div class=\"elementor-row\">\n\t\t\t\t<div class=\"elementor-element elementor-element-4b36093 elementor-column elementor-col-100 elementor-top-column\" data-id=\"4b36093\" data-element_type=\"column\">\n\t\t\t<div class=\"elementor-column-wrap  elementor-element-populated\">\n\t\t\t\t\t<div class=\"elementor-widget-wrap\">\n\t\t\t\t<div class=\"elementor-element elementor-element-cbe0d85 elementor-widget elementor-widget-text-editor\" data-id=\"cbe0d85\" data-element_type=\"widget\" data-widget_type=\"text-editor.default\">\n\t\t\t\t<div class=\"elementor-widget-container\">\n\t\t\t\t\t<div class=\"elementor-text-editor elementor-clearfix\"><h1>Pratique<\/h1><p>Le <strong>carnet du p\u00e8lerin ou carnet du Miquelot<\/strong>, indispensable pour \u00eatre h\u00e9berg\u00e9 dans les \u00ab\u00a0accueils p\u00e8lerins\u00a0\u00bb est <span style=\"text-decoration: underline;\"><span style=\"color: #a62400; text-decoration: underline;\">remis gracieusement <\/span>\u00e0 <a href=\"https:\/\/www.compostelle-mayenne.fr\/index.php\/adhesion-internet-et-imprimable\/\" target=\"_blank\" rel=\"noopener\">nos adh\u00e9rents<\/a>.<\/span><\/p><p>L\u2019association Compostelle 53 &amp; AC f\u00e9d\u00e8re <span style=\"text-decoration: underline;\"><a href=\"http:\/\/www.compostelle-mayenne.fr\/wp-content\/uploads\/2025\/01\/Charte-du-pelerin-accueilli-2025.pdf\" target=\"_blank\" rel=\"noopener\">un r\u00e9seau de familles d\u2019accueil p\u00e8lerin<\/a><\/span> en Mayenne. Elles seront heureuses de vous accueillir. Sur notre site sont recens\u00e9s \u00e9galement les h\u00e9bergements religieux ainsi que ceux propos\u00e9s par les communes.<\/p><ul><li><span style=\"text-decoration: underline;\"><a href=\"https:\/\/www.compostelle-mayenne.fr\/index.php\/hebergement\/\" target=\"_blank\" rel=\"noopener\">Les h\u00e9bergements p\u00e8lerins en Mayenne<\/a>.<\/span><\/li><li><a href=\"http:\/\/compostelle72.fr\/wp-content\/uploads\/2026\/02\/Hebergements-%E2%80%93-Tours-Le-Mont-Saint-Michel-par-Mayenne-GPS-1-19-02-26.pdf\" target=\"_blank\" rel=\"noopener\"><span style=\"text-decoration: underline;\">Liste des h\u00e9bergements au del\u00e0 de la Mayenne (fournie par Compostelle72)<\/span><\/a><\/li><li><a href=\"https:\/\/www.pelerin-montsaintmichel.org\/le-sanctuaire-mont-saint-michel\/sheberger\/demande-daccueil-pelerinage\" target=\"_blank\" rel=\"noopener\"><span style=\"text-decoration: underline;\">Demande sp\u00e9cifique pour l&rsquo;accueil p\u00e8lerin au Mont-Saint-Michel<\/span><\/a><\/li><\/ul><p><strong>Transports<\/strong><\/p><p><a href=\"https:\/\/www.facebook.com\/bipbipvoyages\/videos\/?ref=page_internal\" target=\"_blank\" rel=\"noopener\">Bip Bip Voyages<\/a> propose des services de transport sur mesure, ainsi que <a href=\"http:\/\/www.sudmayenne.com\/pratique\/transport-bagages-velo\">Vincent Derouet.<\/a> 06.82.84.54.88, mail <strong><a href=\"mailto::%20vincent-sv@orange.fr%0d%0d\">:<\/a><\/strong> <a href=\"mailto::%20vincent-sv@orange.fr%0d%0d\">vincent-sv@orange.fr.<\/a>\u00a0<a href=\"https:\/\/keolis-armor.com\/fr\/zmr-Destination-Mont-Saint-Michel-.html\">Sans oublier le voyagiste KEOLIS<strong>.<\/strong><\/a><\/p><\/div>\n\t\t\t\t<\/div>\n\t\t\t\t<\/div>\n\t\t\t\t\t\t<\/div>\n\t\t\t<\/div>\n\t\t<\/div>\n\t\t\t\t\t\t<\/div>\n\t\t\t<\/div>\n\t\t<\/section>\n\t\t\t\t<section class=\"elementor-element elementor-element-00a16ab elementor-section-stretched elementor-section-boxed elementor-section-height-default elementor-section-height-default elementor-section elementor-top-section\" data-id=\"00a16ab\" data-element_type=\"section\" data-settings=\"{&quot;stretch_section&quot;:&quot;section-stretched&quot;}\">\n\t\t\t\t\t\t<div class=\"elementor-container elementor-column-gap-default\">\n\t\t\t\t<div class=\"elementor-row\">\n\t\t\t\t<div class=\"elementor-element elementor-element-d1ca3d8 elementor-column elementor-col-33 elementor-top-column\" data-id=\"d1ca3d8\" data-element_type=\"column\">\n\t\t\t<div class=\"elementor-column-wrap\">\n\t\t\t\t\t<div class=\"elementor-widget-wrap\">\n\t\t\t\t\t\t<\/div>\n\t\t\t<\/div>\n\t\t<\/div>\n\t\t\t\t<div class=\"elementor-element elementor-element-79b1275 elementor-column elementor-col-33 elementor-top-column\" data-id=\"79b1275\" data-element_type=\"column\">\n\t\t\t<div class=\"elementor-column-wrap  elementor-element-populated\">\n\t\t\t\t\t<div class=\"elementor-widget-wrap\">\n\t\t\t\t<div class=\"elementor-element elementor-element-ebee735 elementor-align-center elementor-widget elementor-widget-button\" data-id=\"ebee735\" data-element_type=\"widget\" data-widget_type=\"button.default\">\n\t\t\t\t<div class=\"elementor-widget-container\">\n\t\t\t\t\t<div class=\"elementor-button-wrapper\">\n\t\t\t<a href=\"https:\/\/www.compostelle-mayenne.fr\/index.php\/chemins-vers-le-mont-st-michel\/\" target=\"_blank\" class=\"elementor-button-link elementor-button elementor-size-lg\" role=\"button\">\n\t\t\t\t\t\t<span class=\"elementor-button-content-wrapper\">\n\t\t\t\t\t\t<span class=\"elementor-button-text\">Retour : Chemins vers le Mont-Saint-Michel<\/span>\n\t\t<\/span>\n\t\t\t\t\t<\/a>\n\t\t<\/div>\n\t\t\t\t<\/div>\n\t\t\t\t<\/div>\n\t\t\t\t\t\t<\/div>\n\t\t\t<\/div>\n\t\t<\/div>\n\t\t\t\t<div class=\"elementor-element elementor-element-d54126f elementor-column elementor-col-33 elementor-top-column\" data-id=\"d54126f\" data-element_type=\"column\">\n\t\t\t<div class=\"elementor-column-wrap\">\n\t\t\t\t\t<div class=\"elementor-widget-wrap\">\n\t\t\t\t\t\t<\/div>\n\t\t\t<\/div>\n\t\t<\/div>\n\t\t\t\t\t\t<\/div>\n\t\t\t<\/div>\n\t\t<\/section>\n\t\t\t\t\t\t<\/div>\n\t\t\t<\/div>\n\t\t<\/div>\n\t\t","protected":false},"excerpt":{"rendered":"<p>Chemin de Tours dit \u00a0\u00bb chemin Montois\u00a0\u00bb VERS LE MONT SAINT MICHEL\u00a0 \u00a0\u00a0 du Bois d&rsquo;Orthe ( limite avec la Sarthe) \u00e0 Pont au Bray (limite avec l&rsquo;Ille et Vilaine) De\u00a0 \u00a0Tours\u00a0 \u00a0en passant\u00a0 par\u00a0 \u00a0Sill\u00e9-le-Guillaume, Iz\u00e9,\u00a0 \u00a0Bais,\u00a0 Mayenne, Ch\u00e2tillon-sur-Colmont, Gorron, La Dor\u00e9e, Landivy. PREAMBULE Le Grand Chemin Montois m\u00e8ne, sur 320km, le p\u00e8lerin et [&hellip;]<\/p>\n","protected":false},"author":1,"featured_media":0,"parent":0,"menu_order":0,"comment_status":"closed","ping_status":"closed","template":"","meta":[],"_links":{"self":[{"href":"https:\/\/www.compostelle-mayenne.fr\/index.php\/wp-json\/wp\/v2\/pages\/13229"}],"collection":[{"href":"https:\/\/www.compostelle-mayenne.fr\/index.php\/wp-json\/wp\/v2\/pages"}],"about":[{"href":"https:\/\/www.compostelle-mayenne.fr\/index.php\/wp-json\/wp\/v2\/types\/page"}],"author":[{"embeddable":true,"href":"https:\/\/www.compostelle-mayenne.fr\/index.php\/wp-json\/wp\/v2\/users\/1"}],"replies":[{"embeddable":true,"href":"https:\/\/www.compostelle-mayenne.fr\/index.php\/wp-json\/wp\/v2\/comments?post=13229"}],"version-history":[{"count":39,"href":"https:\/\/www.compostelle-mayenne.fr\/index.php\/wp-json\/wp\/v2\/pages\/13229\/revisions"}],"predecessor-version":[{"id":13982,"href":"https:\/\/www.compostelle-mayenne.fr\/index.php\/wp-json\/wp\/v2\/pages\/13229\/revisions\/13982"}],"wp:attachment":[{"href":"https:\/\/www.compostelle-mayenne.fr\/index.php\/wp-json\/wp\/v2\/media?parent=13229"}],"curies":[{"name":"wp","href":"https:\/\/api.w.org\/{rel}","templated":true}]}}