{"id":13295,"date":"2025-12-16T15:15:24","date_gmt":"2025-12-16T14:15:24","guid":{"rendered":"http:\/\/www.compostelle-mayenne.fr\/?page_id=13295"},"modified":"2026-04-10T14:03:17","modified_gmt":"2026-04-10T12:03:17","slug":"mont-st-michel-angers-st-jean-dangely","status":"publish","type":"page","link":"https:\/\/www.compostelle-mayenne.fr\/index.php\/mont-st-michel-angers-st-jean-dangely\/","title":{"rendered":"Mont-St-Michel &#8211; Angers &#8211; St Jean-Pied-de-Port"},"content":{"rendered":"\t\t<div data-elementor-type=\"wp-page\" data-elementor-id=\"13295\" class=\"elementor elementor-13295\" data-elementor-settings=\"[]\">\n\t\t\t<div class=\"elementor-inner\">\n\t\t\t\t<div class=\"elementor-section-wrap\">\n\t\t\t\t\t\t\t<section class=\"elementor-element elementor-element-7564bd9 elementor-section-stretched elementor-section-boxed elementor-section-height-default elementor-section-height-default elementor-section elementor-top-section\" data-id=\"7564bd9\" data-element_type=\"section\" data-settings=\"{&quot;stretch_section&quot;:&quot;section-stretched&quot;}\">\n\t\t\t\t\t\t<div class=\"elementor-container elementor-column-gap-default\">\n\t\t\t\t<div class=\"elementor-row\">\n\t\t\t\t<div class=\"elementor-element elementor-element-41f6fd9 elementor-column elementor-col-100 elementor-top-column\" data-id=\"41f6fd9\" data-element_type=\"column\">\n\t\t\t<div class=\"elementor-column-wrap  elementor-element-populated\">\n\t\t\t\t\t<div class=\"elementor-widget-wrap\">\n\t\t\t\t<div class=\"elementor-element elementor-element-6f00f2b elementor-widget elementor-widget-text-editor\" data-id=\"6f00f2b\" data-element_type=\"widget\" data-widget_type=\"text-editor.default\">\n\t\t\t\t<div class=\"elementor-widget-container\">\n\t\t\t\t\t<div class=\"elementor-text-editor elementor-clearfix\"><p><span style=\"color: #000000;\"><em>Chemin d&rsquo;Angers via Pontmain et Laval, puis Chemin des Plantagen\u00eat<\/em><\/span><\/p><\/div>\n\t\t\t\t<\/div>\n\t\t\t\t<\/div>\n\t\t\t\t\t\t<\/div>\n\t\t\t<\/div>\n\t\t<\/div>\n\t\t\t\t\t\t<\/div>\n\t\t\t<\/div>\n\t\t<\/section>\n\t\t\t\t<section class=\"elementor-element elementor-element-b4a0e62 elementor-section-stretched elementor-section-boxed elementor-section-height-default elementor-section-height-default elementor-section elementor-top-section\" data-id=\"b4a0e62\" data-element_type=\"section\" data-settings=\"{&quot;stretch_section&quot;:&quot;section-stretched&quot;}\">\n\t\t\t\t\t\t<div class=\"elementor-container elementor-column-gap-default\">\n\t\t\t\t<div class=\"elementor-row\">\n\t\t\t\t<div class=\"elementor-element elementor-element-b92b301 elementor-column elementor-col-50 elementor-top-column\" data-id=\"b92b301\" data-element_type=\"column\">\n\t\t\t<div class=\"elementor-column-wrap  elementor-element-populated\">\n\t\t\t\t\t<div class=\"elementor-widget-wrap\">\n\t\t\t\t<div class=\"elementor-element elementor-element-63819db elementor-widget elementor-widget-image\" data-id=\"63819db\" data-element_type=\"widget\" data-widget_type=\"image.default\">\n\t\t\t\t<div class=\"elementor-widget-container\">\n\t\t\t\t\t<div class=\"elementor-image\">\n\t\t\t\t\t\t\t\t\t\t<img width=\"300\" height=\"192\" src=\"https:\/\/www.compostelle-mayenne.fr\/wp-content\/uploads\/2025\/12\/Logo-2026-Compostelle-300x192.jpg\" class=\"attachment-medium size-medium\" alt=\"\" loading=\"lazy\" srcset=\"https:\/\/www.compostelle-mayenne.fr\/wp-content\/uploads\/2025\/12\/Logo-2026-Compostelle-300x192.jpg 300w, https:\/\/www.compostelle-mayenne.fr\/wp-content\/uploads\/2025\/12\/Logo-2026-Compostelle-938x600.jpg 938w, https:\/\/www.compostelle-mayenne.fr\/wp-content\/uploads\/2025\/12\/Logo-2026-Compostelle-768x491.jpg 768w, https:\/\/www.compostelle-mayenne.fr\/wp-content\/uploads\/2025\/12\/Logo-2026-Compostelle.jpg 1080w\" sizes=\"(max-width: 300px) 100vw, 300px\" \/>\t\t\t\t\t\t\t\t\t\t\t<\/div>\n\t\t\t\t<\/div>\n\t\t\t\t<\/div>\n\t\t\t\t\t\t<\/div>\n\t\t\t<\/div>\n\t\t<\/div>\n\t\t\t\t<div class=\"elementor-element elementor-element-304becc elementor-column elementor-col-50 elementor-top-column\" data-id=\"304becc\" data-element_type=\"column\">\n\t\t\t<div class=\"elementor-column-wrap  elementor-element-populated\">\n\t\t\t\t\t<div class=\"elementor-widget-wrap\">\n\t\t\t\t<div class=\"elementor-element elementor-element-2ebe6ac elementor-widget elementor-widget-text-editor\" data-id=\"2ebe6ac\" data-element_type=\"widget\" data-widget_type=\"text-editor.default\">\n\t\t\t\t<div class=\"elementor-widget-container\">\n\t\t\t\t\t<div class=\"elementor-text-editor elementor-clearfix\"><\/div>\n\t\t\t\t<\/div>\n\t\t\t\t<\/div>\n\t\t\t\t<div class=\"elementor-element elementor-element-72d682d elementor-widget elementor-widget-text-editor\" data-id=\"72d682d\" data-element_type=\"widget\" data-widget_type=\"text-editor.default\">\n\t\t\t\t<div class=\"elementor-widget-container\">\n\t\t\t\t\t<div class=\"elementor-text-editor elementor-clearfix\"><p style=\"text-align: center;\">DU MONT-SAINT-MICHEL<\/p><p>en passant par Louvign\u00e9 du d\u00e9sert, Pontmain, Laval, Daon puis le chemin des Plantagen\u00eat.<\/p><p>\u00a0<\/p><\/div>\n\t\t\t\t<\/div>\n\t\t\t\t<\/div>\n\t\t\t\t\t\t<\/div>\n\t\t\t<\/div>\n\t\t<\/div>\n\t\t\t\t\t\t<\/div>\n\t\t\t<\/div>\n\t\t<\/section>\n\t\t\t\t<section class=\"elementor-element elementor-element-01ebd8b elementor-section-stretched elementor-section-boxed elementor-section-height-default elementor-section-height-default elementor-section elementor-top-section\" data-id=\"01ebd8b\" data-element_type=\"section\" data-settings=\"{&quot;stretch_section&quot;:&quot;section-stretched&quot;}\">\n\t\t\t\t\t\t<div class=\"elementor-container elementor-column-gap-default\">\n\t\t\t\t<div class=\"elementor-row\">\n\t\t\t\t<div class=\"elementor-element elementor-element-26f1b2a elementor-column elementor-col-50 elementor-top-column\" data-id=\"26f1b2a\" data-element_type=\"column\">\n\t\t\t<div class=\"elementor-column-wrap  elementor-element-populated\">\n\t\t\t\t\t<div class=\"elementor-widget-wrap\">\n\t\t\t\t<div class=\"elementor-element elementor-element-a9869c6 elementor-widget elementor-widget-text-editor\" data-id=\"a9869c6\" data-element_type=\"widget\" data-widget_type=\"text-editor.default\">\n\t\t\t\t<div class=\"elementor-widget-container\">\n\t\t\t\t\t<div class=\"elementor-text-editor elementor-clearfix\"><p>Ce chemin d&rsquo;Angers part du Mont-Saint-Michel en passsant par Pontmain et Laval, pour longer la rivi\u00e8re Mayenne jusqu&rsquo;\u00e0 Angers. Il est rejoint \u00e0 partir du Lion d\u00b4Angers par <a href=\"https:\/\/compostelle-bretagne.fr\/system\/files\/media\/guide\/La%20Voie%20des%20Plantagene%CC%82t%2025-02-15_0.pdf\" target=\"_blank\" rel=\"noopener\"><span style=\"text-decoration: underline;\"><span style=\"color: #a62400; text-decoration: underline;\">Le chemin des Plantagen\u00eat.<\/span><\/span><\/a> Ce dernier continue apr\u00e8s Angers jusqu\u00b4\u00e0 Saint-Jean-d&rsquo;Ang\u00e9ly.<\/p><p>De l\u00e0 le p\u00e8lerin se dirige vers Saint-Jean-Pied-de-Port par la <a href=\"https:\/\/www-gronze-com.translate.goog\/camino-santiago-paris?_x_tr_sl=auto&amp;_x_tr_tl=fr\" target=\"_blank\" rel=\"noopener\"><span style=\"text-decoration: underline;\">voie de Tours<\/span><\/a>.<\/p><p><strong>Distances<\/strong><\/p><p>Le Mont-Saint-Michel &#8211; Angers : 230km<\/p><p>Angers &#8211; Saint-Jean-d\u00b4Angely : 320km<\/p><p>Saint-Jean-d\u00b4Angely &#8211; Saint-Jean-Pied-de-Port : 430km.<\/p><\/div>\n\t\t\t\t<\/div>\n\t\t\t\t<\/div>\n\t\t\t\t\t\t<\/div>\n\t\t\t<\/div>\n\t\t<\/div>\n\t\t\t\t<div class=\"elementor-element elementor-element-ad22251 elementor-column elementor-col-50 elementor-top-column\" data-id=\"ad22251\" data-element_type=\"column\">\n\t\t\t<div class=\"elementor-column-wrap  elementor-element-populated\">\n\t\t\t\t\t<div class=\"elementor-widget-wrap\">\n\t\t\t\t<div class=\"elementor-element elementor-element-3610207 elementor-widget elementor-widget-image\" data-id=\"3610207\" data-element_type=\"widget\" data-widget_type=\"image.default\">\n\t\t\t\t<div class=\"elementor-widget-container\">\n\t\t\t\t\t<div class=\"elementor-image\">\n\t\t\t\t\t\t\t<figure class=\"wp-caption\">\n\t\t\t\t\t\t\t\t\t\t\t<a href=\"https:\/\/www.visugpx.com\/PG4kdeb7IM\" target=\"_blank\">\n\t\t\t\t\t\t\t<img width=\"701\" height=\"378\" src=\"https:\/\/www.compostelle-mayenne.fr\/wp-content\/uploads\/2025\/12\/Carte-chemin-d-Angers-via-Plantagenet.jpg\" class=\"attachment-large size-large\" alt=\"\" loading=\"lazy\" srcset=\"https:\/\/www.compostelle-mayenne.fr\/wp-content\/uploads\/2025\/12\/Carte-chemin-d-Angers-via-Plantagenet.jpg 701w, https:\/\/www.compostelle-mayenne.fr\/wp-content\/uploads\/2025\/12\/Carte-chemin-d-Angers-via-Plantagenet-300x162.jpg 300w\" sizes=\"(max-width: 701px) 100vw, 701px\" \/>\t\t\t\t\t\t\t\t<\/a>\n\t\t\t\t\t\t\t\t\t\t\t<figcaption class=\"widget-image-caption wp-caption-text\">Vue d'ensemble<\/figcaption>\n\t\t\t\t\t\t\t\t\t\t<\/figure>\n\t\t\t\t\t<\/div>\n\t\t\t\t<\/div>\n\t\t\t\t<\/div>\n\t\t\t\t<div class=\"elementor-element elementor-element-eefb20e elementor-widget elementor-widget-text-editor\" data-id=\"eefb20e\" data-element_type=\"widget\" data-widget_type=\"text-editor.default\">\n\t\t\t\t<div class=\"elementor-widget-container\">\n\t\t\t\t\t<div class=\"elementor-text-editor elementor-clearfix\"><ul><li><a href=\"https:\/\/www.visugpx.com\/PG4kdeb7IM\" target=\"_blank\" rel=\"noopener\"><span style=\"text-decoration: underline;\">Trac\u00e9 GPX.<\/span><\/a><\/li><\/ul><\/div>\n\t\t\t\t<\/div>\n\t\t\t\t<\/div>\n\t\t\t\t\t\t<\/div>\n\t\t\t<\/div>\n\t\t<\/div>\n\t\t\t\t\t\t<\/div>\n\t\t\t<\/div>\n\t\t<\/section>\n\t\t\t\t<section class=\"elementor-element elementor-element-96869b7 elementor-section-stretched elementor-section-boxed elementor-section-height-default elementor-section-height-default elementor-section elementor-top-section\" data-id=\"96869b7\" data-element_type=\"section\" data-settings=\"{&quot;stretch_section&quot;:&quot;section-stretched&quot;}\">\n\t\t\t\t\t\t<div class=\"elementor-container elementor-column-gap-default\">\n\t\t\t\t<div class=\"elementor-row\">\n\t\t\t\t<div class=\"elementor-element elementor-element-ec4167b elementor-column elementor-col-100 elementor-top-column\" data-id=\"ec4167b\" data-element_type=\"column\">\n\t\t\t<div class=\"elementor-column-wrap  elementor-element-populated\">\n\t\t\t\t\t<div class=\"elementor-widget-wrap\">\n\t\t\t\t<div class=\"elementor-element elementor-element-f3cf08c elementor-widget elementor-widget-text-editor\" data-id=\"f3cf08c\" data-element_type=\"widget\" data-widget_type=\"text-editor.default\">\n\t\t\t\t<div class=\"elementor-widget-container\">\n\t\t\t\t\t<div class=\"elementor-text-editor elementor-clearfix\"><p><strong>Pratique<\/strong><\/p><p>Le carnet du p\u00e8lerin ou credencial, indispensable pour \u00eatre h\u00e9berg\u00e9 dans les \u00ab\u00a0accueils p\u00e8lerins\u00a0\u00bb est<span style=\"color: #a62400;\"><span style=\"text-decoration: underline;\"> remis gracieusement \u00e0 nos <span lang=\"zxx\"><a style=\"color: #a62400; text-decoration: underline;\" href=\"https:\/\/www.compostelle-mayenne.fr\/index.php\/adhesion-internet-et-imprimable\/\" target=\"_blank\" rel=\"noopener\">adh\u00e9rents<\/a><\/span><\/span>.<\/span><\/p><p>L\u2019association Compostelle 53 &amp; AC f\u00e9d\u00e8re un <a href=\"https:\/\/www.compostelle-mayenne.fr\/wp-content\/uploads\/2025\/01\/Charte-du-pelerin-accueilli-2025.pdf\" target=\"_blank\" rel=\"noopener\"><span style=\"text-decoration: underline;\">r\u00e9seau de familles d\u2019accueil<\/span> p\u00e8lerin<\/a> en Mayenne. Elles seront heureuses de vous accueillir. Sur notre site sont recens\u00e9s \u00e9galement les h\u00e9bergements religieux ainsi que ceux propos\u00e9s par les communes.<\/p><ul><li><span style=\"text-decoration: underline;\"><span lang=\"zxx\"><a href=\"https:\/\/www.pelerin-montsaintmichel.org\/le-sanctuaire-mont-saint-michel\/sheberger\/demande-daccueil-pelerinage\" target=\"_blank\" rel=\"noopener\">Demande sp\u00e9cifique pour l&rsquo;accueil p\u00e8lerin au Mont-Saint-Michel<\/a><\/span><\/span><\/li><li><span style=\"text-decoration: underline;\"><span lang=\"zxx\"><a href=\"https:\/\/www.compostelle-mayenne.fr\/index.php\/hebergement\/\" target=\"_blank\" rel=\"noopener\">Les h\u00e9bergements p\u00e8lerins en Mayenne<\/a><\/span>.<\/span><\/li><li><span style=\"text-decoration: underline;\"><a href=\"http:\/\/compostelle-anjou.fr\/pratique\/hebergements\" target=\"_blank\" rel=\"noopener\">Liste des h\u00e9bergements au del\u00e0 de la Mayenne ( fournie par Compostelle49)<\/a><\/span><\/li><\/ul><p><strong>Transports<\/strong><\/p><p><a href=\"https:\/\/www.facebook.com\/bipbipvoyages\/videos\/?ref=page_internal\" target=\"_blank\" rel=\"noopener\">Bip Bip Voyages<\/a> propose des services de transport sur mesure, ainsi que <a href=\"http:\/\/www.sudmayenne.com\/pratique\/transport-bagages-velo\">Vincent Derouet.<\/a> 06.82.84.54.88, mail <strong><a href=\"mailto::%20vincent-sv@orange.fr%0d%0d\">:<\/a><\/strong> <a href=\"mailto::%20vincent-sv@orange.fr%0d%0d\">vincent-sv@orange.fr.<\/a>\u00a0<a href=\"https:\/\/keolis-armor.com\/fr\/zmr-Destination-Mont-Saint-Michel-.html\">Sans oublier le voyagiste <strong>KEOLIS.<\/strong><\/a><\/p><\/div>\n\t\t\t\t<\/div>\n\t\t\t\t<\/div>\n\t\t\t\t\t\t<\/div>\n\t\t\t<\/div>\n\t\t<\/div>\n\t\t\t\t\t\t<\/div>\n\t\t\t<\/div>\n\t\t<\/section>\n\t\t\t\t<section class=\"elementor-element elementor-element-a970a4f elementor-section-stretched elementor-section-boxed elementor-section-height-default elementor-section-height-default elementor-section elementor-top-section\" data-id=\"a970a4f\" data-element_type=\"section\" data-settings=\"{&quot;stretch_section&quot;:&quot;section-stretched&quot;}\">\n\t\t\t\t\t\t<div class=\"elementor-container elementor-column-gap-default\">\n\t\t\t\t<div class=\"elementor-row\">\n\t\t\t\t<div class=\"elementor-element elementor-element-11613d3 elementor-column elementor-col-33 elementor-top-column\" data-id=\"11613d3\" data-element_type=\"column\">\n\t\t\t<div class=\"elementor-column-wrap\">\n\t\t\t\t\t<div class=\"elementor-widget-wrap\">\n\t\t\t\t\t\t<\/div>\n\t\t\t<\/div>\n\t\t<\/div>\n\t\t\t\t<div class=\"elementor-element elementor-element-919d245 elementor-column elementor-col-33 elementor-top-column\" data-id=\"919d245\" data-element_type=\"column\">\n\t\t\t<div class=\"elementor-column-wrap  elementor-element-populated\">\n\t\t\t\t\t<div class=\"elementor-widget-wrap\">\n\t\t\t\t<div class=\"elementor-element elementor-element-898f815 elementor-align-center elementor-widget elementor-widget-button\" data-id=\"898f815\" data-element_type=\"widget\" data-widget_type=\"button.default\">\n\t\t\t\t<div class=\"elementor-widget-container\">\n\t\t\t\t\t<div class=\"elementor-button-wrapper\">\n\t\t\t<a href=\"https:\/\/www.compostelle-mayenne.fr\/index.php\/rejoindre-son-grand-chemin-depuis-la-mayenne\/\" target=\"_blank\" class=\"elementor-button-link elementor-button elementor-size-lg\" role=\"button\">\n\t\t\t\t\t\t<span class=\"elementor-button-content-wrapper\">\n\t\t\t\t\t\t<span class=\"elementor-button-text\">Retour : Chemins vers Compostelle<\/span>\n\t\t<\/span>\n\t\t\t\t\t<\/a>\n\t\t<\/div>\n\t\t\t\t<\/div>\n\t\t\t\t<\/div>\n\t\t\t\t\t\t<\/div>\n\t\t\t<\/div>\n\t\t<\/div>\n\t\t\t\t<div class=\"elementor-element elementor-element-97b8802 elementor-column elementor-col-33 elementor-top-column\" data-id=\"97b8802\" data-element_type=\"column\">\n\t\t\t<div class=\"elementor-column-wrap\">\n\t\t\t\t\t<div class=\"elementor-widget-wrap\">\n\t\t\t\t\t\t<\/div>\n\t\t\t<\/div>\n\t\t<\/div>\n\t\t\t\t\t\t<\/div>\n\t\t\t<\/div>\n\t\t<\/section>\n\t\t\t\t\t\t<\/div>\n\t\t\t<\/div>\n\t\t<\/div>\n\t\t","protected":false},"excerpt":{"rendered":"<p>Chemin d&rsquo;Angers via Pontmain et Laval, puis Chemin des Plantagen\u00eat DU MONT-SAINT-MICHEL en passant par Louvign\u00e9 du d\u00e9sert, Pontmain, Laval, Daon puis le chemin des Plantagen\u00eat. \u00a0 Ce chemin d&rsquo;Angers part du Mont-Saint-Michel en passsant par Pontmain et Laval, pour longer la rivi\u00e8re Mayenne jusqu&rsquo;\u00e0 Angers. Il est rejoint \u00e0 partir du Lion d\u00b4Angers par [&hellip;]<\/p>\n","protected":false},"author":1,"featured_media":0,"parent":0,"menu_order":0,"comment_status":"closed","ping_status":"closed","template":"","meta":[],"_links":{"self":[{"href":"https:\/\/www.compostelle-mayenne.fr\/index.php\/wp-json\/wp\/v2\/pages\/13295"}],"collection":[{"href":"https:\/\/www.compostelle-mayenne.fr\/index.php\/wp-json\/wp\/v2\/pages"}],"about":[{"href":"https:\/\/www.compostelle-mayenne.fr\/index.php\/wp-json\/wp\/v2\/types\/page"}],"author":[{"embeddable":true,"href":"https:\/\/www.compostelle-mayenne.fr\/index.php\/wp-json\/wp\/v2\/users\/1"}],"replies":[{"embeddable":true,"href":"https:\/\/www.compostelle-mayenne.fr\/index.php\/wp-json\/wp\/v2\/comments?post=13295"}],"version-history":[{"count":44,"href":"https:\/\/www.compostelle-mayenne.fr\/index.php\/wp-json\/wp\/v2\/pages\/13295\/revisions"}],"predecessor-version":[{"id":13985,"href":"https:\/\/www.compostelle-mayenne.fr\/index.php\/wp-json\/wp\/v2\/pages\/13295\/revisions\/13985"}],"wp:attachment":[{"href":"https:\/\/www.compostelle-mayenne.fr\/index.php\/wp-json\/wp\/v2\/media?parent=13295"}],"curies":[{"name":"wp","href":"https:\/\/api.w.org\/{rel}","templated":true}]}}