{"id":1335,"date":"2020-02-19T23:02:29","date_gmt":"2020-02-19T22:02:29","guid":{"rendered":"http:\/\/www.compostelle-mayenne.fr\/?page_id=1335"},"modified":"2025-12-02T14:41:16","modified_gmt":"2025-12-02T13:41:16","slug":"choisir-son-grand-chemin","status":"publish","type":"page","link":"https:\/\/www.compostelle-mayenne.fr\/index.php\/choisir-son-grand-chemin\/","title":{"rendered":"Choisir son Grand Chemin"},"content":{"rendered":"\t\t<div data-elementor-type=\"wp-page\" data-elementor-id=\"1335\" class=\"elementor elementor-1335\" data-elementor-settings=\"[]\">\n\t\t\t<div class=\"elementor-inner\">\n\t\t\t\t<div class=\"elementor-section-wrap\">\n\t\t\t\t\t\t\t<section class=\"elementor-element elementor-element-e3a80bb elementor-section-stretched elementor-section-boxed elementor-section-height-default elementor-section-height-default elementor-section elementor-top-section\" data-id=\"e3a80bb\" data-element_type=\"section\" data-settings=\"{&quot;stretch_section&quot;:&quot;section-stretched&quot;}\">\n\t\t\t\t\t\t<div class=\"elementor-container elementor-column-gap-default\">\n\t\t\t\t<div class=\"elementor-row\">\n\t\t\t\t<div class=\"elementor-element elementor-element-c6f3a4a elementor-column elementor-col-33 elementor-top-column\" data-id=\"c6f3a4a\" data-element_type=\"column\">\n\t\t\t<div class=\"elementor-column-wrap\">\n\t\t\t\t\t<div class=\"elementor-widget-wrap\">\n\t\t\t\t\t\t<\/div>\n\t\t\t<\/div>\n\t\t<\/div>\n\t\t\t\t<div class=\"elementor-element elementor-element-09f980e elementor-column elementor-col-33 elementor-top-column\" data-id=\"09f980e\" data-element_type=\"column\">\n\t\t\t<div class=\"elementor-column-wrap  elementor-element-populated\">\n\t\t\t\t\t<div class=\"elementor-widget-wrap\">\n\t\t\t\t<div class=\"elementor-element elementor-element-1b1f275 elementor-widget elementor-widget-text-editor\" data-id=\"1b1f275\" data-element_type=\"widget\" data-widget_type=\"text-editor.default\">\n\t\t\t\t<div class=\"elementor-widget-container\">\n\t\t\t\t\t<div class=\"elementor-text-editor elementor-clearfix\"><p>Un important r\u00e9seau de sentiers europ\u00e9ens de randonn\u00e9e, long de plusieurs milliers de kilom\u00e8tres, traverse plusieurs pays de l\u2019Europe. Il serait vain de tous vous les d\u00e9tailler, votre curiosit\u00e9 y pourvoira. Notre association peut vous conseiller utilement sur les cinq principaux chemins de p\u00e8lerinage :<\/p><\/div>\n\t\t\t\t<\/div>\n\t\t\t\t<\/div>\n\t\t\t\t\t\t<\/div>\n\t\t\t<\/div>\n\t\t<\/div>\n\t\t\t\t<div class=\"elementor-element elementor-element-b8b3b53 elementor-column elementor-col-33 elementor-top-column\" data-id=\"b8b3b53\" data-element_type=\"column\">\n\t\t\t<div class=\"elementor-column-wrap\">\n\t\t\t\t\t<div class=\"elementor-widget-wrap\">\n\t\t\t\t\t\t<\/div>\n\t\t\t<\/div>\n\t\t<\/div>\n\t\t\t\t\t\t<\/div>\n\t\t\t<\/div>\n\t\t<\/section>\n\t\t\t\t<section class=\"elementor-element elementor-element-e9b4162 elementor-section-stretched elementor-section-boxed elementor-section-height-default elementor-section-height-default elementor-section elementor-top-section\" data-id=\"e9b4162\" data-element_type=\"section\" data-settings=\"{&quot;stretch_section&quot;:&quot;section-stretched&quot;}\">\n\t\t\t\t\t\t<div class=\"elementor-container elementor-column-gap-default\">\n\t\t\t\t<div class=\"elementor-row\">\n\t\t\t\t<div class=\"elementor-element elementor-element-33c4758 elementor-column elementor-col-20 elementor-top-column\" data-id=\"33c4758\" data-element_type=\"column\">\n\t\t\t<div class=\"elementor-column-wrap\">\n\t\t\t\t\t<div class=\"elementor-widget-wrap\">\n\t\t\t\t\t\t<\/div>\n\t\t\t<\/div>\n\t\t<\/div>\n\t\t\t\t<div class=\"elementor-element elementor-element-b36c3ad elementor-column elementor-col-20 elementor-top-column\" data-id=\"b36c3ad\" data-element_type=\"column\">\n\t\t\t<div class=\"elementor-column-wrap  elementor-element-populated\">\n\t\t\t\t\t<div class=\"elementor-widget-wrap\">\n\t\t\t\t<div class=\"elementor-element elementor-element-a67975c elementor-widget elementor-widget-image\" data-id=\"a67975c\" data-element_type=\"widget\" data-widget_type=\"image.default\">\n\t\t\t\t<div class=\"elementor-widget-container\">\n\t\t\t\t\t<div class=\"elementor-image\">\n\t\t\t\t\t\t\t\t\t\t\t<a href=\"http:\/\/www.compostelle-mayenne.fr\/index.php\/chemins-de-saint-jacques-de-compostelle\/\" target=\"_blank\">\n\t\t\t\t\t\t\t<img width=\"150\" height=\"150\" src=\"https:\/\/www.compostelle-mayenne.fr\/wp-content\/uploads\/2025\/12\/Logo-2026-Compostelle-150x150.jpg\" class=\"attachment-thumbnail size-thumbnail\" alt=\"\" loading=\"lazy\" \/>\t\t\t\t\t\t\t\t<\/a>\n\t\t\t\t\t\t\t\t\t\t\t<\/div>\n\t\t\t\t<\/div>\n\t\t\t\t<\/div>\n\t\t\t\t<div class=\"elementor-element elementor-element-c9d1c67 elementor-widget elementor-widget-text-editor\" data-id=\"c9d1c67\" data-element_type=\"widget\" data-widget_type=\"text-editor.default\">\n\t\t\t\t<div class=\"elementor-widget-container\">\n\t\t\t\t\t<div class=\"elementor-text-editor elementor-clearfix\"><p><a href=\"http:\/\/www.compostelle-mayenne.fr\/index.php\/chemins-de-saint-jacques-de-compostelle\/\" target=\"_blank\" rel=\"noopener\">Les\u00a0 \u00a0 \u00a0 Chemins\u00a0 \u00a0 \u00a0 de\u00a0 \u00a0 \u00a0Saint-Jacques-de-Compostelle<\/a><\/p><\/div>\n\t\t\t\t<\/div>\n\t\t\t\t<\/div>\n\t\t\t\t\t\t<\/div>\n\t\t\t<\/div>\n\t\t<\/div>\n\t\t\t\t<div class=\"elementor-element elementor-element-59ec4d9 elementor-column elementor-col-20 elementor-top-column\" data-id=\"59ec4d9\" data-element_type=\"column\">\n\t\t\t<div class=\"elementor-column-wrap  elementor-element-populated\">\n\t\t\t\t\t<div class=\"elementor-widget-wrap\">\n\t\t\t\t<div class=\"elementor-element elementor-element-8215cb7 elementor-widget elementor-widget-image\" data-id=\"8215cb7\" data-element_type=\"widget\" data-widget_type=\"image.default\">\n\t\t\t\t<div class=\"elementor-widget-container\">\n\t\t\t\t\t<div class=\"elementor-image\">\n\t\t\t\t\t\t\t\t\t\t\t<a href=\"http:\/\/www.compostelle-mayenne.fr\/index.php\/chemins-vers-le-mont-st-michel\/\" target=\"_blank\">\n\t\t\t\t\t\t\t<img width=\"150\" height=\"150\" src=\"https:\/\/www.compostelle-mayenne.fr\/wp-content\/uploads\/2025\/12\/Logo-MSM-2025-150x150.jpg\" class=\"attachment-thumbnail size-thumbnail\" alt=\"\" loading=\"lazy\" \/>\t\t\t\t\t\t\t\t<\/a>\n\t\t\t\t\t\t\t\t\t\t\t<\/div>\n\t\t\t\t<\/div>\n\t\t\t\t<\/div>\n\t\t\t\t<div class=\"elementor-element elementor-element-7967620 elementor-widget elementor-widget-text-editor\" data-id=\"7967620\" data-element_type=\"widget\" data-widget_type=\"text-editor.default\">\n\t\t\t\t<div class=\"elementor-widget-container\">\n\t\t\t\t\t<div class=\"elementor-text-editor elementor-clearfix\"><p style=\"text-align: center;\"><a href=\"http:\/\/www.compostelle-mayenne.fr\/index.php\/chemins-vers-le-mont-st-michel\/\" target=\"_blank\" rel=\"noopener\">Les Chemins du Mont-Saint-Michel<\/a><\/p><\/div>\n\t\t\t\t<\/div>\n\t\t\t\t<\/div>\n\t\t\t\t\t\t<\/div>\n\t\t\t<\/div>\n\t\t<\/div>\n\t\t\t\t<div class=\"elementor-element elementor-element-64ea2e4 elementor-column elementor-col-20 elementor-top-column\" data-id=\"64ea2e4\" data-element_type=\"column\">\n\t\t\t<div class=\"elementor-column-wrap  elementor-element-populated\">\n\t\t\t\t\t<div class=\"elementor-widget-wrap\">\n\t\t\t\t<div class=\"elementor-element elementor-element-70a0262 elementor-widget elementor-widget-image\" data-id=\"70a0262\" data-element_type=\"widget\" data-widget_type=\"image.default\">\n\t\t\t\t<div class=\"elementor-widget-container\">\n\t\t\t\t\t<div class=\"elementor-image\">\n\t\t\t\t\t\t\t\t\t\t\t<a href=\"http:\/\/www.compostelle-mayenne.fr\/index.php\/chemins-de-saint-martin\/\" target=\"_blank\">\n\t\t\t\t\t\t\t<img width=\"300\" height=\"192\" src=\"https:\/\/www.compostelle-mayenne.fr\/wp-content\/uploads\/2025\/12\/Logo-St-Martin-300x192.jpg\" class=\"attachment-medium size-medium\" alt=\"\" loading=\"lazy\" srcset=\"https:\/\/www.compostelle-mayenne.fr\/wp-content\/uploads\/2025\/12\/Logo-St-Martin-300x192.jpg 300w, https:\/\/www.compostelle-mayenne.fr\/wp-content\/uploads\/2025\/12\/Logo-St-Martin-938x600.jpg 938w, https:\/\/www.compostelle-mayenne.fr\/wp-content\/uploads\/2025\/12\/Logo-St-Martin-768x491.jpg 768w, https:\/\/www.compostelle-mayenne.fr\/wp-content\/uploads\/2025\/12\/Logo-St-Martin.jpg 1080w\" sizes=\"(max-width: 300px) 100vw, 300px\" \/>\t\t\t\t\t\t\t\t<\/a>\n\t\t\t\t\t\t\t\t\t\t\t<\/div>\n\t\t\t\t<\/div>\n\t\t\t\t<\/div>\n\t\t\t\t<div class=\"elementor-element elementor-element-328e521 elementor-widget elementor-widget-text-editor\" data-id=\"328e521\" data-element_type=\"widget\" data-widget_type=\"text-editor.default\">\n\t\t\t\t<div class=\"elementor-widget-container\">\n\t\t\t\t\t<div class=\"elementor-text-editor elementor-clearfix\"><p style=\"text-align: center;\"><a href=\"http:\/\/www.compostelle-mayenne.fr\/index.php\/chemins-de-saint-martin\/\" target=\"_blank\" rel=\"noopener\">Les Chemins de saint Martin<\/a><\/p><\/div>\n\t\t\t\t<\/div>\n\t\t\t\t<\/div>\n\t\t\t\t\t\t<\/div>\n\t\t\t<\/div>\n\t\t<\/div>\n\t\t\t\t<div class=\"elementor-element elementor-element-f0b1b0e elementor-column elementor-col-20 elementor-top-column\" data-id=\"f0b1b0e\" data-element_type=\"column\">\n\t\t\t<div class=\"elementor-column-wrap\">\n\t\t\t\t\t<div class=\"elementor-widget-wrap\">\n\t\t\t\t\t\t<\/div>\n\t\t\t<\/div>\n\t\t<\/div>\n\t\t\t\t\t\t<\/div>\n\t\t\t<\/div>\n\t\t<\/section>\n\t\t\t\t<section class=\"elementor-element elementor-element-8f70e4f elementor-section-stretched elementor-section-boxed elementor-section-height-default elementor-section-height-default elementor-section elementor-top-section\" data-id=\"8f70e4f\" data-element_type=\"section\" data-settings=\"{&quot;stretch_section&quot;:&quot;section-stretched&quot;}\">\n\t\t\t\t\t\t<div class=\"elementor-container elementor-column-gap-default\">\n\t\t\t\t<div class=\"elementor-row\">\n\t\t\t\t<div class=\"elementor-element elementor-element-b249d17 elementor-column elementor-col-16 elementor-top-column\" data-id=\"b249d17\" data-element_type=\"column\">\n\t\t\t<div class=\"elementor-column-wrap\">\n\t\t\t\t\t<div class=\"elementor-widget-wrap\">\n\t\t\t\t\t\t<\/div>\n\t\t\t<\/div>\n\t\t<\/div>\n\t\t\t\t<div class=\"elementor-element elementor-element-079e57d elementor-column elementor-col-16 elementor-top-column\" data-id=\"079e57d\" data-element_type=\"column\">\n\t\t\t<div class=\"elementor-column-wrap  elementor-element-populated\">\n\t\t\t\t\t<div class=\"elementor-widget-wrap\">\n\t\t\t\t<div class=\"elementor-element elementor-element-26db0a8 elementor-widget elementor-widget-image\" data-id=\"26db0a8\" data-element_type=\"widget\" data-widget_type=\"image.default\">\n\t\t\t\t<div class=\"elementor-widget-container\">\n\t\t\t\t\t<div class=\"elementor-image\">\n\t\t\t\t\t\t\t\t\t\t\t<a href=\"http:\/\/www.compostelle-mayenne.fr\/index.php\/chemin-francigena\/\" target=\"_blank\">\n\t\t\t\t\t\t\t<img width=\"150\" height=\"150\" src=\"https:\/\/www.compostelle-mayenne.fr\/wp-content\/uploads\/2020\/02\/V.Francigena-e1762178190568-150x150.jpg\" class=\"attachment-thumbnail size-thumbnail\" alt=\"\" loading=\"lazy\" \/>\t\t\t\t\t\t\t\t<\/a>\n\t\t\t\t\t\t\t\t\t\t\t<\/div>\n\t\t\t\t<\/div>\n\t\t\t\t<\/div>\n\t\t\t\t<div class=\"elementor-element elementor-element-8860122 elementor-widget elementor-widget-text-editor\" data-id=\"8860122\" data-element_type=\"widget\" data-widget_type=\"text-editor.default\">\n\t\t\t\t<div class=\"elementor-widget-container\">\n\t\t\t\t\t<div class=\"elementor-text-editor elementor-clearfix\"><p style=\"text-align: center;\">\u00a0 \u00a0 \u00a0 \u00a0 \u00a0 \u00a0<a href=\"http:\/\/www.compostelle-mayenne.fr\/index.php\/chemin-francigena\/\" target=\"_blank\" rel=\"noopener\">La Via Francigena<\/a>\u00a0 \u00a0 \u00a0 \u00a0 \u00a0 \u00a0(de Canterbury \u00e0 Santa Maria di Leuca)<\/p><\/div>\n\t\t\t\t<\/div>\n\t\t\t\t<\/div>\n\t\t\t\t\t\t<\/div>\n\t\t\t<\/div>\n\t\t<\/div>\n\t\t\t\t<div class=\"elementor-element elementor-element-1986f75 elementor-column elementor-col-16 elementor-top-column\" data-id=\"1986f75\" data-element_type=\"column\">\n\t\t\t<div class=\"elementor-column-wrap\">\n\t\t\t\t\t<div class=\"elementor-widget-wrap\">\n\t\t\t\t\t\t<\/div>\n\t\t\t<\/div>\n\t\t<\/div>\n\t\t\t\t<div class=\"elementor-element elementor-element-d2b5939 elementor-column elementor-col-16 elementor-top-column\" data-id=\"d2b5939\" data-element_type=\"column\">\n\t\t\t<div class=\"elementor-column-wrap\">\n\t\t\t\t\t<div class=\"elementor-widget-wrap\">\n\t\t\t\t\t\t<\/div>\n\t\t\t<\/div>\n\t\t<\/div>\n\t\t\t\t<div class=\"elementor-element elementor-element-59373f2 elementor-column elementor-col-16 elementor-top-column\" data-id=\"59373f2\" data-element_type=\"column\">\n\t\t\t<div class=\"elementor-column-wrap  elementor-element-populated\">\n\t\t\t\t\t<div class=\"elementor-widget-wrap\">\n\t\t\t\t<div class=\"elementor-element elementor-element-9093851 elementor-widget elementor-widget-image\" data-id=\"9093851\" data-element_type=\"widget\" data-widget_type=\"image.default\">\n\t\t\t\t<div class=\"elementor-widget-container\">\n\t\t\t\t\t<div class=\"elementor-image\">\n\t\t\t\t\t\t\t\t\t\t\t<a href=\"http:\/\/www.compostelle-mayenne.fr\/index.php\/chemins-de-saint-francois-dassise\/\" target=\"_blank\">\n\t\t\t\t\t\t\t<img width=\"150\" height=\"150\" src=\"https:\/\/www.compostelle-mayenne.fr\/wp-content\/uploads\/2020\/02\/logo-150x150.gif\" class=\"attachment-thumbnail size-thumbnail\" alt=\"\" loading=\"lazy\" \/>\t\t\t\t\t\t\t\t<\/a>\n\t\t\t\t\t\t\t\t\t\t\t<\/div>\n\t\t\t\t<\/div>\n\t\t\t\t<\/div>\n\t\t\t\t<div class=\"elementor-element elementor-element-759aeaa elementor-widget elementor-widget-text-editor\" data-id=\"759aeaa\" data-element_type=\"widget\" data-widget_type=\"text-editor.default\">\n\t\t\t\t<div class=\"elementor-widget-container\">\n\t\t\t\t\t<div class=\"elementor-text-editor elementor-clearfix\"><p><a href=\"http:\/\/www.compostelle-mayenne.fr\/index.php\/chemins-de-saint-francois-dassise\/\" target=\"_blank\" rel=\"noopener\">Les Chemins d&rsquo;Assise<\/a> (de V\u00e9zelay \u00e0 Assise en Italie)<\/p><\/div>\n\t\t\t\t<\/div>\n\t\t\t\t<\/div>\n\t\t\t\t\t\t<\/div>\n\t\t\t<\/div>\n\t\t<\/div>\n\t\t\t\t<div class=\"elementor-element elementor-element-a991964 elementor-column elementor-col-16 elementor-top-column\" data-id=\"a991964\" data-element_type=\"column\">\n\t\t\t<div class=\"elementor-column-wrap\">\n\t\t\t\t\t<div class=\"elementor-widget-wrap\">\n\t\t\t\t\t\t<\/div>\n\t\t\t<\/div>\n\t\t<\/div>\n\t\t\t\t\t\t<\/div>\n\t\t\t<\/div>\n\t\t<\/section>\n\t\t\t\t\t\t<\/div>\n\t\t\t<\/div>\n\t\t<\/div>\n\t\t","protected":false},"excerpt":{"rendered":"<p>Un important r\u00e9seau de sentiers europ\u00e9ens de randonn\u00e9e, long de plusieurs milliers de kilom\u00e8tres, traverse plusieurs pays de l\u2019Europe. Il serait vain de tous vous les d\u00e9tailler, votre curiosit\u00e9 y pourvoira. Notre association peut vous conseiller utilement sur les cinq principaux chemins de p\u00e8lerinage : Les\u00a0 \u00a0 \u00a0 Chemins\u00a0 \u00a0 \u00a0 de\u00a0 \u00a0 \u00a0Saint-Jacques-de-Compostelle Les [&hellip;]<\/p>\n","protected":false},"author":1,"featured_media":0,"parent":0,"menu_order":0,"comment_status":"closed","ping_status":"closed","template":"","meta":[],"_links":{"self":[{"href":"https:\/\/www.compostelle-mayenne.fr\/index.php\/wp-json\/wp\/v2\/pages\/1335"}],"collection":[{"href":"https:\/\/www.compostelle-mayenne.fr\/index.php\/wp-json\/wp\/v2\/pages"}],"about":[{"href":"https:\/\/www.compostelle-mayenne.fr\/index.php\/wp-json\/wp\/v2\/types\/page"}],"author":[{"embeddable":true,"href":"https:\/\/www.compostelle-mayenne.fr\/index.php\/wp-json\/wp\/v2\/users\/1"}],"replies":[{"embeddable":true,"href":"https:\/\/www.compostelle-mayenne.fr\/index.php\/wp-json\/wp\/v2\/comments?post=1335"}],"version-history":[{"count":94,"href":"https:\/\/www.compostelle-mayenne.fr\/index.php\/wp-json\/wp\/v2\/pages\/1335\/revisions"}],"predecessor-version":[{"id":12998,"href":"https:\/\/www.compostelle-mayenne.fr\/index.php\/wp-json\/wp\/v2\/pages\/1335\/revisions\/12998"}],"wp:attachment":[{"href":"https:\/\/www.compostelle-mayenne.fr\/index.php\/wp-json\/wp\/v2\/media?parent=1335"}],"curies":[{"name":"wp","href":"https:\/\/api.w.org\/{rel}","templated":true}]}}