{"id":1361,"date":"2020-02-25T15:02:18","date_gmt":"2020-02-25T14:02:18","guid":{"rendered":"http:\/\/www.compostelle-mayenne.fr\/?page_id=1361"},"modified":"2025-12-15T13:41:11","modified_gmt":"2025-12-15T12:41:11","slug":"chemins-vers-le-mont-st-michel","status":"publish","type":"page","link":"https:\/\/www.compostelle-mayenne.fr\/index.php\/chemins-vers-le-mont-st-michel\/","title":{"rendered":"Chemins vers le Mont St Michel"},"content":{"rendered":"\t\t<div data-elementor-type=\"wp-page\" data-elementor-id=\"1361\" class=\"elementor elementor-1361\" data-elementor-settings=\"[]\">\n\t\t\t<div class=\"elementor-inner\">\n\t\t\t\t<div class=\"elementor-section-wrap\">\n\t\t\t\t\t\t\t<section class=\"elementor-element elementor-element-4ae63fb elementor-section-stretched elementor-section-boxed elementor-section-height-default elementor-section-height-default elementor-section elementor-top-section\" data-id=\"4ae63fb\" data-element_type=\"section\" data-settings=\"{&quot;stretch_section&quot;:&quot;section-stretched&quot;}\">\n\t\t\t\t\t\t<div class=\"elementor-container elementor-column-gap-default\">\n\t\t\t\t<div class=\"elementor-row\">\n\t\t\t\t<div class=\"elementor-element elementor-element-46d6a23 elementor-column elementor-col-33 elementor-top-column\" data-id=\"46d6a23\" data-element_type=\"column\">\n\t\t\t<div class=\"elementor-column-wrap\">\n\t\t\t\t\t<div class=\"elementor-widget-wrap\">\n\t\t\t\t\t\t<\/div>\n\t\t\t<\/div>\n\t\t<\/div>\n\t\t\t\t<div class=\"elementor-element elementor-element-2bb4262 elementor-column elementor-col-33 elementor-top-column\" data-id=\"2bb4262\" data-element_type=\"column\">\n\t\t\t<div class=\"elementor-column-wrap  elementor-element-populated\">\n\t\t\t\t\t<div class=\"elementor-widget-wrap\">\n\t\t\t\t<div class=\"elementor-element elementor-element-4c8fbf2 elementor-widget elementor-widget-image\" data-id=\"4c8fbf2\" data-element_type=\"widget\" data-widget_type=\"image.default\">\n\t\t\t\t<div class=\"elementor-widget-container\">\n\t\t\t\t\t<div class=\"elementor-image\">\n\t\t\t\t\t\t\t\t\t\t\t<a href=\"http:\/\/www.compostelle-mayenne.fr\/wp-content\/uploads\/2025\/01\/CarteOUEST_CheminsduMont_v2025-DEFINITIVE-.jpg\" target=\"_blank\">\n\t\t\t\t\t\t\t<img width=\"1344\" height=\"1050\" src=\"https:\/\/www.compostelle-mayenne.fr\/wp-content\/uploads\/2025\/01\/CarteOUEST_CheminsduMont_v2025-DEFINITIVE-.jpg\" class=\"attachment-full size-full\" alt=\"\" loading=\"lazy\" srcset=\"https:\/\/www.compostelle-mayenne.fr\/wp-content\/uploads\/2025\/01\/CarteOUEST_CheminsduMont_v2025-DEFINITIVE-.jpg 1344w, https:\/\/www.compostelle-mayenne.fr\/wp-content\/uploads\/2025\/01\/CarteOUEST_CheminsduMont_v2025-DEFINITIVE--300x234.jpg 300w, https:\/\/www.compostelle-mayenne.fr\/wp-content\/uploads\/2025\/01\/CarteOUEST_CheminsduMont_v2025-DEFINITIVE--1024x800.jpg 1024w, https:\/\/www.compostelle-mayenne.fr\/wp-content\/uploads\/2025\/01\/CarteOUEST_CheminsduMont_v2025-DEFINITIVE--768x600.jpg 768w\" sizes=\"(max-width: 1344px) 100vw, 1344px\" \/>\t\t\t\t\t\t\t\t<\/a>\n\t\t\t\t\t\t\t\t\t\t\t<\/div>\n\t\t\t\t<\/div>\n\t\t\t\t<\/div>\n\t\t\t\t\t\t<\/div>\n\t\t\t<\/div>\n\t\t<\/div>\n\t\t\t\t<div class=\"elementor-element elementor-element-76d00fc elementor-column elementor-col-33 elementor-top-column\" data-id=\"76d00fc\" data-element_type=\"column\">\n\t\t\t<div class=\"elementor-column-wrap\">\n\t\t\t\t\t<div class=\"elementor-widget-wrap\">\n\t\t\t\t\t\t<\/div>\n\t\t\t<\/div>\n\t\t<\/div>\n\t\t\t\t\t\t<\/div>\n\t\t\t<\/div>\n\t\t<\/section>\n\t\t\t\t<section class=\"elementor-element elementor-element-0404ffa elementor-section-stretched elementor-section-boxed elementor-section-height-default elementor-section-height-default elementor-section elementor-top-section\" data-id=\"0404ffa\" data-element_type=\"section\" data-settings=\"{&quot;stretch_section&quot;:&quot;section-stretched&quot;}\">\n\t\t\t\t\t\t<div class=\"elementor-container elementor-column-gap-default\">\n\t\t\t\t<div class=\"elementor-row\">\n\t\t\t\t<div class=\"elementor-element elementor-element-a0788c8 elementor-column elementor-col-100 elementor-top-column\" data-id=\"a0788c8\" data-element_type=\"column\">\n\t\t\t<div class=\"elementor-column-wrap  elementor-element-populated\">\n\t\t\t\t\t<div class=\"elementor-widget-wrap\">\n\t\t\t\t<div class=\"elementor-element elementor-element-0c0887b elementor-widget elementor-widget-text-editor\" data-id=\"0c0887b\" data-element_type=\"widget\" data-widget_type=\"text-editor.default\">\n\t\t\t\t<div class=\"elementor-widget-container\">\n\t\t\t\t\t<div class=\"elementor-text-editor elementor-clearfix\"><p>Class\u00e9 au patrimoine mondial de l\u2019humanit\u00e9 par l\u2019Unesco, le <strong>Mont-Saint\u2013Michel<\/strong> est au centre d\u00b4un faisceau d\u00b4<u><a href=\"https:\/\/www.lescheminsdumontsaintmichel.com\/spip\/spip.php?rubrique22&amp;lang=fr\" target=\"_blank\" rel=\"noopener\">itin\u00e9raires<\/a><\/u> qui y m\u00e8nent depuis la Grande Bretagne, l\u2019Allemagne, l\u2019Italie et l\u2019Espagne.<\/p><\/div>\n\t\t\t\t<\/div>\n\t\t\t\t<\/div>\n\t\t\t\t<div class=\"elementor-element elementor-element-a1ebada elementor-widget elementor-widget-text-editor\" data-id=\"a1ebada\" data-element_type=\"widget\" data-widget_type=\"text-editor.default\">\n\t\t\t\t<div class=\"elementor-widget-container\">\n\t\t\t\t\t<div class=\"elementor-text-editor elementor-clearfix\"><p>On peut aussi imaginer de relier les diff\u00e9rents sanctuaires d\u00e9di\u00e9s \u00e0 l\u00b4Archange :<\/p><p><a href=\"https:\/\/www.bus-chemin-compostelle.com\/fr\/le-chemin-de-saint-michel-au-depart-du-puy-en-velay_p286\" target=\"_blank\" rel=\"noopener\">900 km<\/a> s\u00e9parent le Mont-Saint-Michel du rocher de Saint-Michel d&rsquo;Aiguilhe au Puy-en-Velay. Quelle aventure! Mais pourquoi ne pas poursuivre cet ancien chemin jacquaire vers la Sacra San Michele, au Pi\u00e9mont Italien, puis le sanctuaire di San Michele del Arcangelo au Monte Gargano dans les Pouilles en passant par le <a href=\"http:\/\/www.compostelle-mayenne.fr\/wp-content\/uploads\/2020\/02\/rome1.jpg\">Castel San Angelo de Rome<\/a> sur 1500 km suppl\u00e9mentaires.<\/p><\/div>\n\t\t\t\t<\/div>\n\t\t\t\t<\/div>\n\t\t\t\t<div class=\"elementor-element elementor-element-2f5dfa2 elementor-widget elementor-widget-text-editor\" data-id=\"2f5dfa2\" data-element_type=\"widget\" data-widget_type=\"text-editor.default\">\n\t\t\t\t<div class=\"elementor-widget-container\">\n\t\t\t\t\t<div class=\"elementor-text-editor elementor-clearfix\"><p>Le <strong>Mont-Saint-Michel<\/strong> est \u00e0 la fois un des principaux lieux touristiques en France, un haut lieu du p\u00e8lerinage, et le plus proche de la Mayenne.<\/p><p>\u00c0 port\u00e9e de nos pieds passent :<\/p><\/div>\n\t\t\t\t<\/div>\n\t\t\t\t<\/div>\n\t\t\t\t\t\t<\/div>\n\t\t\t<\/div>\n\t\t<\/div>\n\t\t\t\t\t\t<\/div>\n\t\t\t<\/div>\n\t\t<\/section>\n\t\t\t\t<section class=\"elementor-element elementor-element-d54911f elementor-section-stretched elementor-section-boxed elementor-section-height-default elementor-section-height-default elementor-section elementor-top-section\" data-id=\"d54911f\" data-element_type=\"section\" data-settings=\"{&quot;stretch_section&quot;:&quot;section-stretched&quot;}\">\n\t\t\t\t\t\t<div class=\"elementor-container elementor-column-gap-default\">\n\t\t\t\t<div class=\"elementor-row\">\n\t\t\t\t<div class=\"elementor-element elementor-element-d1b7212 elementor-column elementor-col-33 elementor-top-column\" data-id=\"d1b7212\" data-element_type=\"column\">\n\t\t\t<div class=\"elementor-column-wrap  elementor-element-populated\">\n\t\t\t\t\t<div class=\"elementor-widget-wrap\">\n\t\t\t\t<div class=\"elementor-element elementor-element-fde0b4d elementor-align-center elementor-widget elementor-widget-button\" data-id=\"fde0b4d\" data-element_type=\"widget\" data-widget_type=\"button.default\">\n\t\t\t\t<div class=\"elementor-widget-container\">\n\t\t\t\t\t<div class=\"elementor-button-wrapper\">\n\t\t\t<a href=\"https:\/\/www.compostelle-mayenne.fr\/index.php\/tours-le-mont-st-michel\/\" target=\"_blank\" class=\"elementor-button-link elementor-button elementor-size-lg\" role=\"button\">\n\t\t\t\t\t\t<span class=\"elementor-button-content-wrapper\">\n\t\t\t\t\t\t<span class=\"elementor-button-text\">Chemin  de  Tours  dit  \"Chemin Montois\"<\/span>\n\t\t<\/span>\n\t\t\t\t\t<\/a>\n\t\t<\/div>\n\t\t\t\t<\/div>\n\t\t\t\t<\/div>\n\t\t\t\t\t\t<\/div>\n\t\t\t<\/div>\n\t\t<\/div>\n\t\t\t\t<div class=\"elementor-element elementor-element-6d2084d elementor-column elementor-col-33 elementor-top-column\" data-id=\"6d2084d\" data-element_type=\"column\">\n\t\t\t<div class=\"elementor-column-wrap  elementor-element-populated\">\n\t\t\t\t\t<div class=\"elementor-widget-wrap\">\n\t\t\t\t<div class=\"elementor-element elementor-element-b374f46 elementor-align-left elementor-widget elementor-widget-button\" data-id=\"b374f46\" data-element_type=\"widget\" data-widget_type=\"button.default\">\n\t\t\t\t<div class=\"elementor-widget-container\">\n\t\t\t\t\t<div class=\"elementor-button-wrapper\">\n\t\t\t<a href=\"https:\/\/www.compostelle-mayenne.fr\/index.php\/angers-le-mont-via-pontmain\/\" target=\"_blank\" class=\"elementor-button-link elementor-button elementor-size-lg\" role=\"button\">\n\t\t\t\t\t\t<span class=\"elementor-button-content-wrapper\">\n\t\t\t\t\t\t<span class=\"elementor-button-text\">Chemin d'Angers\/ Mt-St-Michel via Laval et Pontmain<\/span>\n\t\t<\/span>\n\t\t\t\t\t<\/a>\n\t\t<\/div>\n\t\t\t\t<\/div>\n\t\t\t\t<\/div>\n\t\t\t\t\t\t<\/div>\n\t\t\t<\/div>\n\t\t<\/div>\n\t\t\t\t<div class=\"elementor-element elementor-element-3502bf1 elementor-column elementor-col-33 elementor-top-column\" data-id=\"3502bf1\" data-element_type=\"column\">\n\t\t\t<div class=\"elementor-column-wrap  elementor-element-populated\">\n\t\t\t\t\t<div class=\"elementor-widget-wrap\">\n\t\t\t\t<div class=\"elementor-element elementor-element-0275bef elementor-align-center elementor-widget elementor-widget-button\" data-id=\"0275bef\" data-element_type=\"widget\" data-widget_type=\"button.default\">\n\t\t\t\t<div class=\"elementor-widget-container\">\n\t\t\t\t\t<div class=\"elementor-button-wrapper\">\n\t\t\t<a href=\"https:\/\/www.compostelle-mayenne.fr\/index.php\/mont-st-michel-st-jean-pied-de-port\/\" target=\"_blank\" class=\"elementor-button-link elementor-button elementor-size-xl\" role=\"button\">\n\t\t\t\t\t\t<span class=\"elementor-button-content-wrapper\">\n\t\t\t\t\t\t<span class=\"elementor-button-text\">     Chemin   des   Plantagen\u00eat<\/span>\n\t\t<\/span>\n\t\t\t\t\t<\/a>\n\t\t<\/div>\n\t\t\t\t<\/div>\n\t\t\t\t<\/div>\n\t\t\t\t\t\t<\/div>\n\t\t\t<\/div>\n\t\t<\/div>\n\t\t\t\t\t\t<\/div>\n\t\t\t<\/div>\n\t\t<\/section>\n\t\t\t\t<section class=\"elementor-element elementor-element-cc58121 elementor-section-stretched elementor-section-boxed elementor-section-height-default elementor-section-height-default elementor-section elementor-top-section\" data-id=\"cc58121\" data-element_type=\"section\" data-settings=\"{&quot;stretch_section&quot;:&quot;section-stretched&quot;}\">\n\t\t\t\t\t\t<div class=\"elementor-container elementor-column-gap-default\">\n\t\t\t\t<div class=\"elementor-row\">\n\t\t\t\t<div class=\"elementor-element elementor-element-4b8f31d elementor-column elementor-col-33 elementor-top-column\" data-id=\"4b8f31d\" data-element_type=\"column\">\n\t\t\t<div class=\"elementor-column-wrap\">\n\t\t\t\t\t<div class=\"elementor-widget-wrap\">\n\t\t\t\t\t\t<\/div>\n\t\t\t<\/div>\n\t\t<\/div>\n\t\t\t\t<div class=\"elementor-element elementor-element-3af2d17 elementor-column elementor-col-33 elementor-top-column\" data-id=\"3af2d17\" data-element_type=\"column\">\n\t\t\t<div class=\"elementor-column-wrap  elementor-element-populated\">\n\t\t\t\t\t<div class=\"elementor-widget-wrap\">\n\t\t\t\t<div class=\"elementor-element elementor-element-d1b779a elementor-align-center elementor-widget elementor-widget-button\" data-id=\"d1b779a\" data-element_type=\"widget\" data-widget_type=\"button.default\">\n\t\t\t\t<div class=\"elementor-widget-container\">\n\t\t\t\t\t<div class=\"elementor-button-wrapper\">\n\t\t\t<a href=\"https:\/\/www.compostelle-mayenne.fr\/index.php\/tours-le-mont-st-michel-par-variante-evron\/\" target=\"_blank\" class=\"elementor-button-link elementor-button elementor-size-lg\" role=\"button\">\n\t\t\t\t\t\t<span class=\"elementor-button-content-wrapper\">\n\t\t\t\t\t\t<span class=\"elementor-button-text\">Chemin de Tours variante par Evron<\/span>\n\t\t<\/span>\n\t\t\t\t\t<\/a>\n\t\t<\/div>\n\t\t\t\t<\/div>\n\t\t\t\t<\/div>\n\t\t\t\t\t\t<\/div>\n\t\t\t<\/div>\n\t\t<\/div>\n\t\t\t\t<div class=\"elementor-element elementor-element-f2eb190 elementor-column elementor-col-33 elementor-top-column\" data-id=\"f2eb190\" data-element_type=\"column\">\n\t\t\t<div class=\"elementor-column-wrap\">\n\t\t\t\t\t<div class=\"elementor-widget-wrap\">\n\t\t\t\t\t\t<\/div>\n\t\t\t<\/div>\n\t\t<\/div>\n\t\t\t\t\t\t<\/div>\n\t\t\t<\/div>\n\t\t<\/section>\n\t\t\t\t<section class=\"elementor-element elementor-element-597c5d4 elementor-section-stretched elementor-section-boxed elementor-section-height-default elementor-section-height-default elementor-section elementor-top-section\" data-id=\"597c5d4\" data-element_type=\"section\" data-settings=\"{&quot;stretch_section&quot;:&quot;section-stretched&quot;}\">\n\t\t\t\t\t\t<div class=\"elementor-container elementor-column-gap-default\">\n\t\t\t\t<div class=\"elementor-row\">\n\t\t\t\t<div class=\"elementor-element elementor-element-36ef906 elementor-column elementor-col-100 elementor-top-column\" data-id=\"36ef906\" data-element_type=\"column\">\n\t\t\t<div class=\"elementor-column-wrap  elementor-element-populated\">\n\t\t\t\t\t<div class=\"elementor-widget-wrap\">\n\t\t\t\t<div class=\"elementor-element elementor-element-6506821 elementor-widget elementor-widget-image\" data-id=\"6506821\" data-element_type=\"widget\" data-widget_type=\"image.default\">\n\t\t\t\t<div class=\"elementor-widget-container\">\n\t\t\t\t\t<div class=\"elementor-image\">\n\t\t\t\t\t\t\t\t\t\t\t<a href=\"http:\/\/www.compostelle-mayenne.fr\/\">\n\t\t\t\t\t\t\t<img src=\"https:\/\/www.compostelle-mayenne.fr\/wp-content\/uploads\/2022\/02\/Accueil-e1768293377357.jpg\" title=\"&#8211; Accueil\" alt=\"- Accueil\" \/>\t\t\t\t\t\t\t\t<\/a>\n\t\t\t\t\t\t\t\t\t\t\t<\/div>\n\t\t\t\t<\/div>\n\t\t\t\t<\/div>\n\t\t\t\t\t\t<\/div>\n\t\t\t<\/div>\n\t\t<\/div>\n\t\t\t\t\t\t<\/div>\n\t\t\t<\/div>\n\t\t<\/section>\n\t\t\t\t\t\t<\/div>\n\t\t\t<\/div>\n\t\t<\/div>\n\t\t","protected":false},"excerpt":{"rendered":"<p>Class\u00e9 au patrimoine mondial de l\u2019humanit\u00e9 par l\u2019Unesco, le Mont-Saint\u2013Michel est au centre d\u00b4un faisceau d\u00b4itin\u00e9raires qui y m\u00e8nent depuis la Grande Bretagne, l\u2019Allemagne, l\u2019Italie et l\u2019Espagne. On peut aussi imaginer de relier les diff\u00e9rents sanctuaires d\u00e9di\u00e9s \u00e0 l\u00b4Archange : 900 km s\u00e9parent le Mont-Saint-Michel du rocher de Saint-Michel d&rsquo;Aiguilhe au Puy-en-Velay. Quelle aventure! Mais [&hellip;]<\/p>\n","protected":false},"author":1,"featured_media":0,"parent":0,"menu_order":0,"comment_status":"closed","ping_status":"closed","template":"","meta":[],"_links":{"self":[{"href":"https:\/\/www.compostelle-mayenne.fr\/index.php\/wp-json\/wp\/v2\/pages\/1361"}],"collection":[{"href":"https:\/\/www.compostelle-mayenne.fr\/index.php\/wp-json\/wp\/v2\/pages"}],"about":[{"href":"https:\/\/www.compostelle-mayenne.fr\/index.php\/wp-json\/wp\/v2\/types\/page"}],"author":[{"embeddable":true,"href":"https:\/\/www.compostelle-mayenne.fr\/index.php\/wp-json\/wp\/v2\/users\/1"}],"replies":[{"embeddable":true,"href":"https:\/\/www.compostelle-mayenne.fr\/index.php\/wp-json\/wp\/v2\/comments?post=1361"}],"version-history":[{"count":119,"href":"https:\/\/www.compostelle-mayenne.fr\/index.php\/wp-json\/wp\/v2\/pages\/1361\/revisions"}],"predecessor-version":[{"id":13255,"href":"https:\/\/www.compostelle-mayenne.fr\/index.php\/wp-json\/wp\/v2\/pages\/1361\/revisions\/13255"}],"wp:attachment":[{"href":"https:\/\/www.compostelle-mayenne.fr\/index.php\/wp-json\/wp\/v2\/media?parent=1361"}],"curies":[{"name":"wp","href":"https:\/\/api.w.org\/{rel}","templated":true}]}}