{"id":1657,"date":"2020-02-28T08:17:25","date_gmt":"2020-02-28T07:17:25","guid":{"rendered":"http:\/\/www.compostelle-mayenne.fr\/?page_id=1657"},"modified":"2025-01-01T18:02:12","modified_gmt":"2025-01-01T17:02:12","slug":"programme-cinema","status":"publish","type":"page","link":"https:\/\/www.compostelle-mayenne.fr\/index.php\/programme-cinema\/","title":{"rendered":"Programme cin\u00e9ma"},"content":{"rendered":"\t\t<div data-elementor-type=\"wp-page\" data-elementor-id=\"1657\" class=\"elementor elementor-1657\" data-elementor-settings=\"[]\">\n\t\t\t<div class=\"elementor-inner\">\n\t\t\t\t<div class=\"elementor-section-wrap\">\n\t\t\t\t\t\t\t<section class=\"elementor-element elementor-element-00c9047 elementor-section-stretched elementor-section-full_width elementor-section-height-default elementor-section-height-default elementor-section elementor-top-section\" data-id=\"00c9047\" data-element_type=\"section\" data-settings=\"{&quot;stretch_section&quot;:&quot;section-stretched&quot;}\">\n\t\t\t\t\t\t<div class=\"elementor-container elementor-column-gap-default\">\n\t\t\t\t<div class=\"elementor-row\">\n\t\t\t\t<div class=\"elementor-element elementor-element-046c82a elementor-column elementor-col-33 elementor-top-column\" data-id=\"046c82a\" data-element_type=\"column\">\n\t\t\t<div class=\"elementor-column-wrap\">\n\t\t\t\t\t<div class=\"elementor-widget-wrap\">\n\t\t\t\t\t\t<\/div>\n\t\t\t<\/div>\n\t\t<\/div>\n\t\t\t\t<div class=\"elementor-element elementor-element-558df6c elementor-column elementor-col-33 elementor-top-column\" data-id=\"558df6c\" data-element_type=\"column\">\n\t\t\t<div class=\"elementor-column-wrap  elementor-element-populated\">\n\t\t\t\t\t<div class=\"elementor-widget-wrap\">\n\t\t\t\t<div class=\"elementor-element elementor-element-8502bbd elementor-widget elementor-widget-text-editor\" data-id=\"8502bbd\" data-element_type=\"widget\" data-widget_type=\"text-editor.default\">\n\t\t\t\t<div class=\"elementor-widget-container\">\n\t\t\t\t\t<div class=\"elementor-text-editor elementor-clearfix\"><p style=\"text-align: center;\">Film de Pauline Wald<\/p><p style=\"text-align: center;\">C\u2019est en marchant sur le Chemin que j\u2019ai eu l\u2019id\u00e9e de r\u00e9aliser ce film. J\u2019avais envie de\u00a0comprendre ce qui pousse quelqu\u2019un \u00e0 quitter sa zone de confort pour partir marcher\u00a0et donner la parole \u00e0 ceux et celles qui marchent.<\/p><p style=\"text-align: center;\">R\u00e9alis\u00e9 en 2017<\/p><\/div>\n\t\t\t\t<\/div>\n\t\t\t\t<\/div>\n\t\t\t\t\t\t<\/div>\n\t\t\t<\/div>\n\t\t<\/div>\n\t\t\t\t<div class=\"elementor-element elementor-element-6e550a7 elementor-column elementor-col-33 elementor-top-column\" data-id=\"6e550a7\" data-element_type=\"column\">\n\t\t\t<div class=\"elementor-column-wrap\">\n\t\t\t\t\t<div class=\"elementor-widget-wrap\">\n\t\t\t\t\t\t<\/div>\n\t\t\t<\/div>\n\t\t<\/div>\n\t\t\t\t\t\t<\/div>\n\t\t\t<\/div>\n\t\t<\/section>\n\t\t\t\t<section class=\"elementor-element elementor-element-ee5a2b4 elementor-section-stretched elementor-section-boxed elementor-section-height-default elementor-section-height-default elementor-section elementor-top-section\" data-id=\"ee5a2b4\" data-element_type=\"section\" data-settings=\"{&quot;stretch_section&quot;:&quot;section-stretched&quot;}\">\n\t\t\t\t\t\t<div class=\"elementor-container elementor-column-gap-default\">\n\t\t\t\t<div class=\"elementor-row\">\n\t\t\t\t<div class=\"elementor-element elementor-element-96f0fd3 elementor-column elementor-col-33 elementor-top-column\" data-id=\"96f0fd3\" data-element_type=\"column\">\n\t\t\t<div class=\"elementor-column-wrap\">\n\t\t\t\t\t<div class=\"elementor-widget-wrap\">\n\t\t\t\t\t\t<\/div>\n\t\t\t<\/div>\n\t\t<\/div>\n\t\t\t\t<div class=\"elementor-element elementor-element-03be4a2 elementor-column elementor-col-33 elementor-top-column\" data-id=\"03be4a2\" data-element_type=\"column\">\n\t\t\t<div class=\"elementor-column-wrap\">\n\t\t\t\t\t<div class=\"elementor-widget-wrap\">\n\t\t\t\t\t\t<\/div>\n\t\t\t<\/div>\n\t\t<\/div>\n\t\t\t\t<div class=\"elementor-element elementor-element-4950a1b elementor-column elementor-col-33 elementor-top-column\" data-id=\"4950a1b\" data-element_type=\"column\">\n\t\t\t<div class=\"elementor-column-wrap  elementor-element-populated\">\n\t\t\t\t\t<div class=\"elementor-widget-wrap\">\n\t\t\t\t<div class=\"elementor-element elementor-element-9bff367 elementor-widget elementor-widget-text-editor\" data-id=\"9bff367\" data-element_type=\"widget\" data-widget_type=\"text-editor.default\">\n\t\t\t\t<div class=\"elementor-widget-container\">\n\t\t\t\t\t<div class=\"elementor-text-editor elementor-clearfix\"><p>Dur\u00e9e du film : 55 mn suivi d&rsquo;un \u00e9change.<\/p><p>Tarif entr\u00e9e : 5,50 euros<\/p><\/div>\n\t\t\t\t<\/div>\n\t\t\t\t<\/div>\n\t\t\t\t\t\t<\/div>\n\t\t\t<\/div>\n\t\t<\/div>\n\t\t\t\t\t\t<\/div>\n\t\t\t<\/div>\n\t\t<\/section>\n\t\t\t\t<section class=\"elementor-element elementor-element-689dbb1 elementor-section-stretched elementor-section-boxed elementor-section-height-default elementor-section-height-default elementor-section elementor-top-section\" data-id=\"689dbb1\" data-element_type=\"section\" data-settings=\"{&quot;stretch_section&quot;:&quot;section-stretched&quot;}\">\n\t\t\t\t\t\t<div class=\"elementor-container elementor-column-gap-default\">\n\t\t\t\t<div class=\"elementor-row\">\n\t\t\t\t<div class=\"elementor-element elementor-element-24cef90 elementor-column elementor-col-25 elementor-top-column\" data-id=\"24cef90\" data-element_type=\"column\">\n\t\t\t<div class=\"elementor-column-wrap\">\n\t\t\t\t\t<div class=\"elementor-widget-wrap\">\n\t\t\t\t\t\t<\/div>\n\t\t\t<\/div>\n\t\t<\/div>\n\t\t\t\t<div class=\"elementor-element elementor-element-2e93e0c elementor-column elementor-col-25 elementor-top-column\" data-id=\"2e93e0c\" data-element_type=\"column\">\n\t\t\t<div class=\"elementor-column-wrap  elementor-element-populated\">\n\t\t\t\t\t<div class=\"elementor-widget-wrap\">\n\t\t\t\t<div class=\"elementor-element elementor-element-41b02bf elementor-widget elementor-widget-image\" data-id=\"41b02bf\" data-element_type=\"widget\" data-widget_type=\"image.default\">\n\t\t\t\t<div class=\"elementor-widget-container\">\n\t\t\t\t\t<div class=\"elementor-image\">\n\t\t\t\t\t\t\t<figure class=\"wp-caption\">\n\t\t\t\t\t\t\t\t\t\t\t<a href=\"https:\/\/www.youtube.com\/watch?v=PyC7J8ZJrdE\" target=\"_blank\">\n\t\t\t\t\t\t\t<img width=\"376\" height=\"600\" src=\"https:\/\/www.compostelle-mayenne.fr\/wp-content\/uploads\/2024\/12\/Affiche-Pauline-Wald-2025-642x1024.jpg\" class=\"attachment-large size-large\" alt=\"\" loading=\"lazy\" srcset=\"https:\/\/www.compostelle-mayenne.fr\/wp-content\/uploads\/2024\/12\/Affiche-Pauline-Wald-2025-642x1024.jpg 642w, https:\/\/www.compostelle-mayenne.fr\/wp-content\/uploads\/2024\/12\/Affiche-Pauline-Wald-2025-188x300.jpg 188w, https:\/\/www.compostelle-mayenne.fr\/wp-content\/uploads\/2024\/12\/Affiche-Pauline-Wald-2025-768x1225.jpg 768w, https:\/\/www.compostelle-mayenne.fr\/wp-content\/uploads\/2024\/12\/Affiche-Pauline-Wald-2025-963x1536.jpg 963w, https:\/\/www.compostelle-mayenne.fr\/wp-content\/uploads\/2024\/12\/Affiche-Pauline-Wald-2025-1284x2048.jpg 1284w, https:\/\/www.compostelle-mayenne.fr\/wp-content\/uploads\/2024\/12\/Affiche-Pauline-Wald-2025.jpg 1590w\" sizes=\"(max-width: 376px) 100vw, 376px\" \/>\t\t\t\t\t\t\t\t<\/a>\n\t\t\t\t\t\t\t\t\t\t\t<figcaption class=\"widget-image-caption wp-caption-text\">Cliquez sur l'affiche pour voir la bande-annonce<\/figcaption>\n\t\t\t\t\t\t\t\t\t\t<\/figure>\n\t\t\t\t\t<\/div>\n\t\t\t\t<\/div>\n\t\t\t\t<\/div>\n\t\t\t\t\t\t<\/div>\n\t\t\t<\/div>\n\t\t<\/div>\n\t\t\t\t<div class=\"elementor-element elementor-element-41b05a3 elementor-column elementor-col-25 elementor-top-column\" data-id=\"41b05a3\" data-element_type=\"column\">\n\t\t\t<div class=\"elementor-column-wrap  elementor-element-populated\">\n\t\t\t\t\t<div class=\"elementor-widget-wrap\">\n\t\t\t\t<div class=\"elementor-element elementor-element-6abbfeb elementor-widget elementor-widget-text-editor\" data-id=\"6abbfeb\" data-element_type=\"widget\" data-widget_type=\"text-editor.default\">\n\t\t\t\t<div class=\"elementor-widget-container\">\n\t\t\t\t\t<div class=\"elementor-text-editor elementor-clearfix\"><p>\u00a0<\/p><p style=\"text-align: center;\"><strong>Synopsis :<\/strong><\/p><p>\u00a0<\/p><p>A l\u2019aube de ses 30 ans, Pauline quitte sa vie parisienne stressante et se met \u00e0 marcher seule en sac \u00e0 dos, en partant d\u2019Alsace, en direction de Saint-Jacques de Compostelle en Espagne.<\/p><p>Durant ses 4 mois de marche \u00e0 travers la France et l\u2019Espagne, \u2013 environ 2000 km \u00e0 pied -, elle rencontre de nombreux p\u00e8lerins et leur demande ce qui les a amen\u00e9s \u00e0 se lancer sur ce chemin, et ce que cette aventure leur apporte. Besoin de reconnexion \u00e0 soi dans un monde qui va trop vite, d\u00e9sir de challenge, de rencontres ou encore qu\u00eate spirituelle : chaque chemin est unique.<\/p><p>Ce film parle d\u2019une g\u00e9n\u00e9ration de p\u00e8lerins, pr\u00eats \u00e0 questionner leurs habitudes et \u00e0 s\u2019ouvrir \u00e0 l\u2019inconnu et \u00e0 la magie de la vie.\u00a0<\/p><\/div>\n\t\t\t\t<\/div>\n\t\t\t\t<\/div>\n\t\t\t\t\t\t<\/div>\n\t\t\t<\/div>\n\t\t<\/div>\n\t\t\t\t<div class=\"elementor-element elementor-element-7050f4f elementor-column elementor-col-25 elementor-top-column\" data-id=\"7050f4f\" data-element_type=\"column\">\n\t\t\t<div class=\"elementor-column-wrap\">\n\t\t\t\t\t<div class=\"elementor-widget-wrap\">\n\t\t\t\t\t\t<\/div>\n\t\t\t<\/div>\n\t\t<\/div>\n\t\t\t\t\t\t<\/div>\n\t\t\t<\/div>\n\t\t<\/section>\n\t\t\t\t<section class=\"elementor-element elementor-element-1b8d4fe elementor-section-stretched elementor-section-boxed elementor-section-height-default elementor-section-height-default elementor-section elementor-top-section\" data-id=\"1b8d4fe\" data-element_type=\"section\" data-settings=\"{&quot;stretch_section&quot;:&quot;section-stretched&quot;}\">\n\t\t\t\t\t\t<div class=\"elementor-container elementor-column-gap-default\">\n\t\t\t\t<div class=\"elementor-row\">\n\t\t\t\t<div class=\"elementor-element elementor-element-4e44b01 elementor-column elementor-col-100 elementor-top-column\" data-id=\"4e44b01\" data-element_type=\"column\">\n\t\t\t<div class=\"elementor-column-wrap  elementor-element-populated\">\n\t\t\t\t\t<div class=\"elementor-widget-wrap\">\n\t\t\t\t<div class=\"elementor-element elementor-element-753b664 elementor-widget elementor-widget-text-editor\" data-id=\"753b664\" data-element_type=\"widget\" data-widget_type=\"text-editor.default\">\n\t\t\t\t<div class=\"elementor-widget-container\">\n\t\t\t\t\t<div class=\"elementor-text-editor elementor-clearfix\"><p><strong>vendredi 07 mars 2025<\/strong><\/p><p><strong>20h30, Cin\u00e9ma Yves Robert<\/strong><\/p><p><strong>3 Place de la Perri\u00e8re \u00e0 Evron<\/strong><\/p><\/div>\n\t\t\t\t<\/div>\n\t\t\t\t<\/div>\n\t\t\t\t\t\t<\/div>\n\t\t\t<\/div>\n\t\t<\/div>\n\t\t\t\t\t\t<\/div>\n\t\t\t<\/div>\n\t\t<\/section>\n\t\t\t\t\t\t<\/div>\n\t\t\t<\/div>\n\t\t<\/div>\n\t\t","protected":false},"excerpt":{"rendered":"<p>Film de Pauline Wald C\u2019est en marchant sur le Chemin que j\u2019ai eu l\u2019id\u00e9e de r\u00e9aliser ce film. J\u2019avais envie de\u00a0comprendre ce qui pousse quelqu\u2019un \u00e0 quitter sa zone de confort pour partir marcher\u00a0et donner la parole \u00e0 ceux et celles qui marchent. R\u00e9alis\u00e9 en 2017 Dur\u00e9e du film : 55 mn suivi d&rsquo;un \u00e9change. [&hellip;]<\/p>\n","protected":false},"author":1,"featured_media":0,"parent":0,"menu_order":0,"comment_status":"closed","ping_status":"closed","template":"","meta":[],"_links":{"self":[{"href":"https:\/\/www.compostelle-mayenne.fr\/index.php\/wp-json\/wp\/v2\/pages\/1657"}],"collection":[{"href":"https:\/\/www.compostelle-mayenne.fr\/index.php\/wp-json\/wp\/v2\/pages"}],"about":[{"href":"https:\/\/www.compostelle-mayenne.fr\/index.php\/wp-json\/wp\/v2\/types\/page"}],"author":[{"embeddable":true,"href":"https:\/\/www.compostelle-mayenne.fr\/index.php\/wp-json\/wp\/v2\/users\/1"}],"replies":[{"embeddable":true,"href":"https:\/\/www.compostelle-mayenne.fr\/index.php\/wp-json\/wp\/v2\/comments?post=1657"}],"version-history":[{"count":33,"href":"https:\/\/www.compostelle-mayenne.fr\/index.php\/wp-json\/wp\/v2\/pages\/1657\/revisions"}],"predecessor-version":[{"id":11568,"href":"https:\/\/www.compostelle-mayenne.fr\/index.php\/wp-json\/wp\/v2\/pages\/1657\/revisions\/11568"}],"wp:attachment":[{"href":"https:\/\/www.compostelle-mayenne.fr\/index.php\/wp-json\/wp\/v2\/media?parent=1657"}],"curies":[{"name":"wp","href":"https:\/\/api.w.org\/{rel}","templated":true}]}}