{"id":1788,"date":"2020-03-02T23:05:51","date_gmt":"2020-03-02T22:05:51","guid":{"rendered":"http:\/\/www.compostelle-mayenne.fr\/?page_id=1788"},"modified":"2026-01-19T09:14:50","modified_gmt":"2026-01-19T08:14:50","slug":"carnet-du-pelerin","status":"publish","type":"page","link":"https:\/\/www.compostelle-mayenne.fr\/index.php\/accueil\/carnet-du-pelerin\/","title":{"rendered":"Carnet du p\u00e8lerin"},"content":{"rendered":"\t\t<div data-elementor-type=\"wp-page\" data-elementor-id=\"1788\" class=\"elementor elementor-1788\" data-elementor-settings=\"[]\">\n\t\t\t<div class=\"elementor-inner\">\n\t\t\t\t<div class=\"elementor-section-wrap\">\n\t\t\t\t\t\t\t<section class=\"elementor-element elementor-element-411f844 elementor-section-stretched elementor-section-boxed elementor-section-height-default elementor-section-height-default elementor-section elementor-top-section\" data-id=\"411f844\" data-element_type=\"section\" data-settings=\"{&quot;stretch_section&quot;:&quot;section-stretched&quot;}\">\n\t\t\t\t\t\t<div class=\"elementor-container elementor-column-gap-wider\">\n\t\t\t\t<div class=\"elementor-row\">\n\t\t\t\t<div class=\"elementor-element elementor-element-deaa2ab elementor-column elementor-col-33 elementor-top-column\" data-id=\"deaa2ab\" data-element_type=\"column\">\n\t\t\t<div class=\"elementor-column-wrap  elementor-element-populated\">\n\t\t\t\t\t<div class=\"elementor-widget-wrap\">\n\t\t\t\t<div class=\"elementor-element elementor-element-03484e4 elementor-widget elementor-widget-image\" data-id=\"03484e4\" data-element_type=\"widget\" data-widget_type=\"image.default\">\n\t\t\t\t<div class=\"elementor-widget-container\">\n\t\t\t\t\t<div class=\"elementor-image\">\n\t\t\t\t\t\t\t\t\t\t<img width=\"300\" height=\"225\" src=\"https:\/\/www.compostelle-mayenne.fr\/wp-content\/uploads\/2024\/07\/IMG_3047-rotated-e1720356858709-300x225.jpg\" class=\"attachment-medium size-medium\" alt=\"\" loading=\"lazy\" srcset=\"https:\/\/www.compostelle-mayenne.fr\/wp-content\/uploads\/2024\/07\/IMG_3047-rotated-e1720356858709-300x225.jpg 300w, https:\/\/www.compostelle-mayenne.fr\/wp-content\/uploads\/2024\/07\/IMG_3047-rotated-e1720356858709.jpg 640w\" sizes=\"(max-width: 300px) 100vw, 300px\" \/>\t\t\t\t\t\t\t\t\t\t\t<\/div>\n\t\t\t\t<\/div>\n\t\t\t\t<\/div>\n\t\t\t\t<div class=\"elementor-element elementor-element-6939b30 elementor-widget elementor-widget-image\" data-id=\"6939b30\" data-element_type=\"widget\" data-widget_type=\"image.default\">\n\t\t\t\t<div class=\"elementor-widget-container\">\n\t\t\t\t\t<div class=\"elementor-image\">\n\t\t\t\t\t\t\t\t\t\t<img width=\"454\" height=\"610\" src=\"https:\/\/www.compostelle-mayenne.fr\/wp-content\/uploads\/2020\/03\/Compostela.jpg\" class=\"attachment-full size-full\" alt=\"\" loading=\"lazy\" srcset=\"https:\/\/www.compostelle-mayenne.fr\/wp-content\/uploads\/2020\/03\/Compostela.jpg 454w, https:\/\/www.compostelle-mayenne.fr\/wp-content\/uploads\/2020\/03\/Compostela-223x300.jpg 223w\" sizes=\"(max-width: 454px) 100vw, 454px\" \/>\t\t\t\t\t\t\t\t\t\t\t<\/div>\n\t\t\t\t<\/div>\n\t\t\t\t<\/div>\n\t\t\t\t\t\t<\/div>\n\t\t\t<\/div>\n\t\t<\/div>\n\t\t\t\t<div class=\"elementor-element elementor-element-0744b34 elementor-column elementor-col-33 elementor-top-column\" data-id=\"0744b34\" data-element_type=\"column\">\n\t\t\t<div class=\"elementor-column-wrap  elementor-element-populated\">\n\t\t\t\t\t<div class=\"elementor-widget-wrap\">\n\t\t\t\t<div class=\"elementor-element elementor-element-c292c46 elementor-widget elementor-widget-text-editor\" data-id=\"c292c46\" data-element_type=\"widget\" data-widget_type=\"text-editor.default\">\n\t\t\t\t<div class=\"elementor-widget-container\">\n\t\t\t\t\t<div class=\"elementor-text-editor elementor-clearfix\"><p>Le carnet du p\u00e8lerin, appel\u00e9 <strong><em>credencial<\/em><\/strong> pour les chemins de Compostelle ou bien <strong>carnet du miquelot<\/strong> pour ceux du Mont-Saint-Michel, est un passeport qui facilite l\u2019acc\u00e8s aux auberges et aux h\u00e9bergements pour p\u00e8lerins, mais ne vous donne aucun droit particulier. Il vous sera demand\u00e9 tr\u00e8s fr\u00e9quemment sur les chemins fran\u00e7ais et dans tous les refuges en Espagne.<\/p><p>Tamponn\u00e9e chaque soir, outre le merveilleux souvenir de vos lieux de passage, la <em>credencial<\/em> vous permettra d&rsquo;<a href=\"http:\/\/www.compostelle-mayenne.fr\/wp-content\/uploads\/2025\/07\/Info-flash-15-07-2025.pdf\" target=\"_blank\" rel=\"noopener\"><span style=\"text-decoration: underline;\">obtenir la <em>Compostela<\/em><\/span><\/a> aupr\u00e8s du <a href=\"https:\/\/www.caminodesantiago.gal\/fr\/durante-el-camino\/informacion-practica\/centro-internacional-de-acollida-ao-peregrino#\" target=\"_blank\" rel=\"noopener\"><span style=\"text-decoration: underline;\">Centre International d\u2019Accueil au P\u00e8lerin<\/span><\/a>, sis 33 rue Carretas, une fois arriv\u00e9 \u00e0 Santiago. (Attention, <a href=\"https:\/\/www.lepelerin.com\/chemins-pelerinages\/chemin-de-saint-jacques-de-compostelle-4100\/la-compostela-qu-est-ce-que-ce-certificat-delivre-aux-pelerins-a-leur-arrivee-a-compostelle-9282\" target=\"_blank\" rel=\"noopener\"><span style=\"text-decoration: underline;\">un certain nombre de kilom\u00e8tres sont requis<\/span><\/a>. V\u00e9rifiez <a href=\"https:\/\/www.amis-de-compostelle.fr\/comment-obtenir-la-compostela-en-2025\/\" target=\"_blank\" rel=\"noopener\"><span style=\"text-decoration: underline;\">les r\u00e8gles en vigueur<\/span><\/a>, elles ont \u00e9volu\u00e9.)<\/p><p>De m\u00eame, le carnet du miquelot vous sera demand\u00e9 par les accueils p\u00e8lerins et notamment par la Maison du P\u00e8lerin du Mont-Saint-Michel, si vous souhaitez y dormir.\u00a0 Il vous permettra aussi\u00a0 \u00a0d&rsquo;obtenir le Dipl\u00f4me du Miquelot, soit \u00e0 l&rsquo;Office du Tourisme, soit \u00e0 la librairie Silo\u00eb du Mont.<\/p><\/div>\n\t\t\t\t<\/div>\n\t\t\t\t<\/div>\n\t\t\t\t\t\t<\/div>\n\t\t\t<\/div>\n\t\t<\/div>\n\t\t\t\t<div class=\"elementor-element elementor-element-bbdb434 elementor-column elementor-col-33 elementor-top-column\" data-id=\"bbdb434\" data-element_type=\"column\">\n\t\t\t<div class=\"elementor-column-wrap  elementor-element-populated\">\n\t\t\t\t\t<div class=\"elementor-widget-wrap\">\n\t\t\t\t<div class=\"elementor-element elementor-element-3493f5f elementor-widget elementor-widget-text-editor\" data-id=\"3493f5f\" data-element_type=\"widget\" data-widget_type=\"text-editor.default\">\n\t\t\t\t<div class=\"elementor-widget-container\">\n\t\t\t\t\t<div class=\"elementor-text-editor elementor-clearfix\"><p><span style=\"font-size: 18px;\">O\u00f9 peut-on obtenir la <\/span><em style=\"font-size: 18px;\">credencial<\/em><span style=\"font-size: 18px;\"> ? Aupr\u00e8s des associations jacquaires, aupr\u00e8s de la cath\u00e9drale au Puy-en-Velay, du Bureau d&rsquo;information \u00e0 Saint-Jean-Pied-de-Port. Pour ce qui est du carnet du miquelot, il peut \u00eatre acquis aupr\u00e8s de l\u00b4association Les Chemins du Mont-Saint-Michel.<\/span><\/p><p><b>Notre association offre la <em>credencial<\/em> ou le<em> carnet du miquelot<\/em> \u00e0 ses adh\u00e9rents. <\/b>Vous pouvez la demander en adh\u00e9rant en ligne : <span style=\"text-decoration: underline;\"><a href=\"http:\/\/www.compostelle-mayenne.fr\/index.php\/adhesion-internet-et-imprimable\/\" target=\"_blank\" rel=\"noopener\">adh\u00e9sion via internet<\/a><\/span> (bulletin disponible en ligne et choix de votre carnet de p\u00e8lerin\u00a0 selon votre chemin) ou bien lors de nos <a href=\"http:\/\/www.compostelle-mayenne.fr\/index.php\/permanence-daide-au-depart\/\" target=\"_blank\" rel=\"noopener\"><em><span style=\"text-decoration: underline;\">permanences\u00a0 d&rsquo;aide au d\u00e9part.<\/span><\/em><\/a> Et bien s\u00fbr, en nous envoyant un <u><a href=\"mailto:compostelle53.autreschemins@gmail.com\" target=\"_blank\" rel=\"noopener\">mai<\/a>l<\/u><\/p><\/div>\n\t\t\t\t<\/div>\n\t\t\t\t<\/div>\n\t\t\t\t\t\t<\/div>\n\t\t\t<\/div>\n\t\t<\/div>\n\t\t\t\t\t\t<\/div>\n\t\t\t<\/div>\n\t\t<\/section>\n\t\t\t\t<section class=\"elementor-element elementor-element-2ec1c87 elementor-section-stretched elementor-section-boxed elementor-section-height-default elementor-section-height-default elementor-section elementor-top-section\" data-id=\"2ec1c87\" data-element_type=\"section\" data-settings=\"{&quot;stretch_section&quot;:&quot;section-stretched&quot;}\">\n\t\t\t\t\t\t<div class=\"elementor-container elementor-column-gap-default\">\n\t\t\t\t<div class=\"elementor-row\">\n\t\t\t\t<div class=\"elementor-element elementor-element-df0d78f elementor-column elementor-col-100 elementor-top-column\" data-id=\"df0d78f\" data-element_type=\"column\">\n\t\t\t<div class=\"elementor-column-wrap  elementor-element-populated\">\n\t\t\t\t\t<div class=\"elementor-widget-wrap\">\n\t\t\t\t<div class=\"elementor-element elementor-element-ff08d01 elementor-widget elementor-widget-image\" data-id=\"ff08d01\" data-element_type=\"widget\" data-widget_type=\"image.default\">\n\t\t\t\t<div class=\"elementor-widget-container\">\n\t\t\t\t\t<div class=\"elementor-image\">\n\t\t\t\t\t\t\t\t\t\t\t<a href=\"http:\/\/www.compostelle-mayenne.fr\/\">\n\t\t\t\t\t\t\t<img src=\"https:\/\/www.compostelle-mayenne.fr\/wp-content\/uploads\/2022\/02\/Accueil-e1768293377357.jpg\" title=\"&#8211; Accueil\" alt=\"- Accueil\" \/>\t\t\t\t\t\t\t\t<\/a>\n\t\t\t\t\t\t\t\t\t\t\t<\/div>\n\t\t\t\t<\/div>\n\t\t\t\t<\/div>\n\t\t\t\t\t\t<\/div>\n\t\t\t<\/div>\n\t\t<\/div>\n\t\t\t\t\t\t<\/div>\n\t\t\t<\/div>\n\t\t<\/section>\n\t\t\t\t\t\t<\/div>\n\t\t\t<\/div>\n\t\t<\/div>\n\t\t","protected":false},"excerpt":{"rendered":"<p>Le carnet du p\u00e8lerin, appel\u00e9 credencial pour les chemins de Compostelle ou bien carnet du miquelot pour ceux du Mont-Saint-Michel, est un passeport qui facilite l\u2019acc\u00e8s aux auberges et aux h\u00e9bergements pour p\u00e8lerins, mais ne vous donne aucun droit particulier. Il vous sera demand\u00e9 tr\u00e8s fr\u00e9quemment sur les chemins fran\u00e7ais et dans tous les refuges [&hellip;]<\/p>\n","protected":false},"author":1,"featured_media":0,"parent":7,"menu_order":0,"comment_status":"closed","ping_status":"closed","template":"","meta":[],"_links":{"self":[{"href":"https:\/\/www.compostelle-mayenne.fr\/index.php\/wp-json\/wp\/v2\/pages\/1788"}],"collection":[{"href":"https:\/\/www.compostelle-mayenne.fr\/index.php\/wp-json\/wp\/v2\/pages"}],"about":[{"href":"https:\/\/www.compostelle-mayenne.fr\/index.php\/wp-json\/wp\/v2\/types\/page"}],"author":[{"embeddable":true,"href":"https:\/\/www.compostelle-mayenne.fr\/index.php\/wp-json\/wp\/v2\/users\/1"}],"replies":[{"embeddable":true,"href":"https:\/\/www.compostelle-mayenne.fr\/index.php\/wp-json\/wp\/v2\/comments?post=1788"}],"version-history":[{"count":63,"href":"https:\/\/www.compostelle-mayenne.fr\/index.php\/wp-json\/wp\/v2\/pages\/1788\/revisions"}],"predecessor-version":[{"id":13615,"href":"https:\/\/www.compostelle-mayenne.fr\/index.php\/wp-json\/wp\/v2\/pages\/1788\/revisions\/13615"}],"up":[{"embeddable":true,"href":"https:\/\/www.compostelle-mayenne.fr\/index.php\/wp-json\/wp\/v2\/pages\/7"}],"wp:attachment":[{"href":"https:\/\/www.compostelle-mayenne.fr\/index.php\/wp-json\/wp\/v2\/media?parent=1788"}],"curies":[{"name":"wp","href":"https:\/\/api.w.org\/{rel}","templated":true}]}}