{"id":3079,"date":"2020-07-16T00:28:45","date_gmt":"2020-07-15T22:28:45","guid":{"rendered":"http:\/\/www.compostelle-mayenne.fr\/?page_id=3079"},"modified":"2025-03-28T14:58:56","modified_gmt":"2025-03-28T13:58:56","slug":"los-caminos","status":"publish","type":"page","link":"https:\/\/www.compostelle-mayenne.fr\/index.php\/los-caminos\/","title":{"rendered":"Los caminos"},"content":{"rendered":"\t\t<div data-elementor-type=\"wp-page\" data-elementor-id=\"3079\" class=\"elementor elementor-3079\" data-elementor-settings=\"[]\">\n\t\t\t<div class=\"elementor-inner\">\n\t\t\t\t<div class=\"elementor-section-wrap\">\n\t\t\t\t\t\t\t<section class=\"elementor-element elementor-element-68272b9a elementor-section-boxed elementor-section-height-default elementor-section-height-default elementor-section elementor-top-section\" data-id=\"68272b9a\" data-element_type=\"section\">\n\t\t\t\t\t\t<div class=\"elementor-container elementor-column-gap-default\">\n\t\t\t\t<div class=\"elementor-row\">\n\t\t\t\t<div class=\"elementor-element elementor-element-6df09dda elementor-column elementor-col-100 elementor-top-column\" data-id=\"6df09dda\" data-element_type=\"column\">\n\t\t\t<div class=\"elementor-column-wrap  elementor-element-populated\">\n\t\t\t\t\t<div class=\"elementor-widget-wrap\">\n\t\t\t\t<div class=\"elementor-element elementor-element-5b754fbe elementor-widget elementor-widget-text-editor\" data-id=\"5b754fbe\" data-element_type=\"widget\" data-widget_type=\"text-editor.default\">\n\t\t\t\t<div class=\"elementor-widget-container\">\n\t\t\t\t\t<div class=\"elementor-text-editor elementor-clearfix\"><!-- wp:paragraph -->\n<p>Santiago de Compostela ! Tant de chemins y m\u00e8nent. En France, les Chemins de Saint-Jacques convergent vers les cols pyr\u00e9n\u00e9ens. En Espagne, les Caminos de Santiago convergent vers la ville de l&rsquo;ap\u00f4tre, de toutes les directions. Il n\u00b4y a pas que le Camino Franc\u00e9s !<\/p>\n<!-- \/wp:paragraph --><!-- wp:image {\"id\":1449,\"sizeSlug\":\"large\"} -->\n<figure class=\"wp-block-image size-large\"><img loading=\"lazy\" width=\"1024\" height=\"988\" class=\"wp-image-1449\" src=\"http:\/\/www.compostelle-mayenne.fr\/wp-content\/uploads\/2020\/02\/map-caminos-de-santiago-in-spain--1024x988.jpg\" alt=\"\" srcset=\"https:\/\/www.compostelle-mayenne.fr\/wp-content\/uploads\/2020\/02\/map-caminos-de-santiago-in-spain--1024x988.jpg 1024w, https:\/\/www.compostelle-mayenne.fr\/wp-content\/uploads\/2020\/02\/map-caminos-de-santiago-in-spain--300x290.jpg 300w, https:\/\/www.compostelle-mayenne.fr\/wp-content\/uploads\/2020\/02\/map-caminos-de-santiago-in-spain--768x741.jpg 768w, https:\/\/www.compostelle-mayenne.fr\/wp-content\/uploads\/2020\/02\/map-caminos-de-santiago-in-spain-.jpg 1200w\" sizes=\"(max-width: 1024px) 100vw, 1024px\" \/><\/figure>\n<!-- \/wp:image --><!-- wp:paragraph -->\n<p>Le <a href=\"https:\/\/www.chemins-compostelle.com\/voie\/camino-frances\/\" target=\"_blank\" rel=\"noopener\"><strong><span style=\"text-decoration: underline;\">Camino Franc\u00e9s<\/span><\/strong><\/a>\u00a0: celui qu\u00b4empruntait la majorit\u00e9 des p\u00e8lerins venus de France, le plus fr\u00e9quent\u00e9, embl\u00e9matique. M\u00eame si cette c\u00e9l\u00e9brit\u00e9 a ses inconv\u00e9nients, il me semble qu\u00b4il faut l\u00b4avoir pris, parce que c\u00b4est sur cette voie que l\u00b4on ressent le plus fortement l\u00b4empreinte des innombrables p\u00e8lerins qui l\u00b4arpent\u00e8rent depuis mille ans.<\/p>\n<!-- \/wp:paragraph --><!-- wp:paragraph -->\n<p>Sa richesse en \u00e9glises romanes\u00a0; les paysages de chaque r\u00e9gion \u2013 les montagnes pyr\u00e9n\u00e9ennes et Roncevaux, la Meseta et ses plateaux et ses ciels infinis, les montagnes de Galice tout en gen\u00eats et bruy\u00e8res, la beaut\u00e9 de la ville de Santiago, enfin la c\u00f4te du bout du monde\u00a0; la quantit\u00e9 et la diversit\u00e9 des rencontres avec des p\u00e8lerins de tous les pays, de toutes les langues, histoires et conditions physiques\u00a0: c\u00b4est un chemin qui marque une vie, c\u00b4est souvent la premi\u00e8re exp\u00e9rience, on en revient sinon chang\u00e9, au moins enrichi pour la vie.<\/p>\n<!-- \/wp:paragraph --><!-- wp:paragraph -->\n<p>Sa forte fr\u00e9quentation a aussi l\u00b4avantage de s\u00e9curiser cette premi\u00e8re exp\u00e9rience\u00a0: on ne se perdra jamais, on sera rarement seul \u00e0 moins de le souhaiter, on n\u00b4aura pas \u00e0 dormir dehors.<\/p>\n<!-- \/wp:paragraph --><!-- wp:paragraph -->\n<p>Arriv\u00e9s \u00e0 Fisterra, la mer nous barre la route.<\/p>\n<!-- \/wp:paragraph --><!-- wp:paragraph -->\n<p>Mais le voyage est si marquant que nombreux sont ceux qui r\u00eavent de le reprendre. Une dizaine de Caminos traversent l\u00b4Espagne et le Portugal depuis les c\u00f4tes m\u00e9diterran\u00e9ennes et atlantiques. Ils sont bien balis\u00e9s, entretenus, dot\u00e9s de structures d\u00b4accueil et bien document\u00e9s. Je voudrais recenser ici ceux que je connais, de mani\u00e8re un peu informative et tr\u00e8s subjective.<\/p>\n<!-- \/wp:paragraph --><!-- wp:paragraph -->\n<p>La <a href=\"https:\/\/www.gronze.com\/via-plata\" target=\"_blank\" rel=\"noopener\"><strong><span style=\"text-decoration: underline;\">Via de la <\/span><span style=\"text-decoration: underline;\">Plata<\/span><\/strong><\/a> est devenu un des itin\u00e9raires les plus fr\u00e9quent\u00e9s. Elle d\u00e9bute \u00e0 S\u00e9ville, mais on peut aussi partir de Cadiz, sur la c\u00f4te. Elle monte plein Nord. Elle passe par \u00ab\u00a0une des plus belles villes du monde\u00a0\u00bb, Salamanca, avant de bifurquer vers l\u00b4Ouest sur le Camino Sanabr\u00e9s, ou bien de continuer tout droit pour rejoindre le Camino Franc\u00e9s \u00e0 Astorga.<\/p>\n<!-- \/wp:paragraph --><!-- wp:paragraph -->\n<p>Elle traverse d\u00b4abord les riches terres d\u00b4\u00e9levage d\u00b4Andalousie, ou l\u00b4on marche au printemps dans un vrai tapis de fleurs, sous les ch\u00eanes verts, en compagnie de cochons noirs et \u2013 plus \u00e0 l\u00b4\u00e9cart quand m\u00eame \u2013 de taureaux presque sauvages. Un parfum d\u00b4aventure est apport\u00e9 par les cours d\u00b4eau qu\u00b4il faut souvent traverser \u00e0 gu\u00e9, un pont \u00e9tant superflu la plus grande partie de l\u00b4ann\u00e9e.<\/p>\n<!-- \/wp:paragraph --><!-- wp:paragraph -->\n<p>En Estremadura, cette voie romaine est un chemin de hauts-plateaux, souvent rectiligne, qui demande des forces plus mentales que physiques et comble nos d\u00e9sirs de grands espaces.<\/p>\n<!-- \/wp:paragraph --><!-- wp:paragraph -->\n<p>Le <span style=\"text-decoration: underline;\"><a href=\"https:\/\/caminodesantiago.consumer.es\/en\/the-st-james-way\/sanabres-way\" target=\"_blank\" rel=\"noopener\"><strong>Camino Sanabr\u00e9s<\/strong><\/a><\/span><\/p>\n<!-- \/wp:paragraph --><!-- wp:paragraph -->\n<p>Mais il faut bien traverser les montagnes, pour aller vers l\u00b4Ouest. Le<a href=\"http:\/\/www.xacobeo.fr\/ZE3.01.San.htm\" target=\"_blank\" rel=\"noopener\"> Camino Sanabr\u00e9s<\/a> met au pied du mur le p\u00e8lerin heureusement aguerri. Il devra passer quelques cols et s\u00b4attendre au mauvais temps de la rude Galice. Mais il trouvera souvent du r\u00e9confort dans des <em>albergues<\/em> bien am\u00e9nag\u00e9es.<\/p>\n<!-- \/wp:paragraph --><!-- wp:paragraph -->\n<p>Le <span style=\"text-decoration: underline;\"><a href=\"https:\/\/www.via-compostela.com\/chemins-compostelle-etapes-camino-norte\" target=\"_blank\" rel=\"noopener\"><strong>Camino del Norte<\/strong><\/a><\/span><\/p>\n<!-- \/wp:paragraph --><!-- wp:paragraph -->\n<p>Cet itin\u00e9raire bien connu des Fran\u00e7ais d\u00e9bute \u00e0 St Jean-de-Luz. Je n\u00b4en connais que la seconde moiti\u00e9. Sans \u00eatre un \u00ab\u00a0sentier des douaniers\u00a0\u00bb, il longe la c\u00f4te atlantique pour finalement lui aussi s\u00b4attaquer aux Montagnes Cantabriques par le Camino Primitivo puis se m\u00ealer \u00e0 la foule des derni\u00e8res \u00e9tapes du Camino Franc\u00e9s<\/p>\n<!-- \/wp:paragraph --><!-- wp:paragraph -->\n<p>En Asturies, ce chemin de montagne remonte aux tout d\u00e9buts du p\u00e8lerinage \u00e0 Santiago, quand tout le reste de la p\u00e9ninsule \u00e9tait sous domination maure. Des \u00e9glises fascinantes y t\u00e9moignent d\u00b4un style particulier, pr\u00e9romanes du 10\u00e8 si\u00e8cle ou m\u00eame wisigothiques, encore quelques si\u00e8cles plus t\u00f4t.<\/p>\n<p>Le<span style=\"text-decoration: underline;\"> <strong><a href=\"https:\/\/www.caminoolvidado.com\/mapa\/\" target=\"_blank\" rel=\"noopener\">Camino Olvidado<\/a><\/strong><\/span><\/p>\n<p>Ce chemin, aussi connu sous le nom de chemin Viejo, part de Bilbao pour rejoindre le chemin fran\u00e7ais \u00e0 Villafranca del Bierzo. Ce chemin \u00e9tait emprunt\u00e9 au XII\u00e8me si\u00e8cle, par les p\u00e8lerins, traversant les montagnes par crainte des musulmans.<\/p>\n<!-- \/wp:paragraph --><!-- wp:paragraph -->\n<p>Le <span style=\"text-decoration: underline;\"><a href=\"https:\/\/www.gronze.com\/camino-levante\" target=\"_blank\" rel=\"noopener\"><strong>Camino de Levante<\/strong><\/a><\/span><\/p>\n<!-- \/wp:paragraph --><!-- wp:paragraph -->\n<p>Il part de la c\u00f4te m\u00e9diterran\u00e9enne \u00e0 Valencia et rejoint la Via de la Plata \u00e0 Zamora. Une fois travers\u00e9es les orangeraies o\u00f9 des panneaux \u00e0 t\u00eate de mort signalent les traitements phytosanitaires dangereux, on monte sur les hauts-plateaux c\u00e9r\u00e9aliers. C\u00b4est un chemin sans difficult\u00e9, extr\u00eamement solitaire \u2013 j\u00b4y ai rencontr\u00e9 1 seul p\u00e8lerin sur les 800km, en avril 2015. Une visite qui compte est celle de Toledo avec le souvenir de El Greco et la vieille ville o\u00f9 l\u00b4on peut arpenter pendant des heures les rues anciennes sans jamais les reconna\u00eetre.<\/p>\n<!-- \/wp:paragraph --><!-- wp:paragraph -->\n<p>Le <a href=\"https:\/\/guides-cheminsdecompostelle.com\/guide-chemin-compostelle-mozarabe-1.htm\" target=\"_blank\" rel=\"noopener\"><strong><span style=\"color: #993300;\"><u>Camino Mozarabe<\/u><\/span><\/strong><\/a><\/p>\n<!-- \/wp:paragraph --><!-- wp:paragraph -->\n<p>Cet itin\u00e9raire tout r\u00e9cemment balis\u00e9 depuis Almeria au coin Sud-Est de l\u00b4Espagne est lui aussi tr\u00e8s solitaire. Il est lui aussi bien pourvu de structures d\u00b4accueil \u2013 <em>albergues<\/em> ou bien vestiaires de salle de sport. Sur ces deux chemins, c\u00b4est tr\u00e8s souvent aupr\u00e8s de la <em>Policia Local<\/em> que l\u00b4on obtient la cl\u00e9.<\/p>\n<!-- \/wp:paragraph --><!-- wp:paragraph -->\n<p>Apr\u00e8s un d\u00e9marrage assez raide qui contourne la Sierra Nevada enneig\u00e9e, on d\u00e9couvre les deux merveilles, Granada puis Cordoba.<\/p>\n<!-- \/wp:paragraph --><!-- wp:paragraph -->\n<p>La travers\u00e9e d\u00b4immenses oliveraies, pendant des jours, a son charme\u00a0: le gris-vert si doux des oliviers et le rouge de la terre, et le fait que les chemins suivent les courbes de niveaux des collines, de sorte que l\u00b4on ne s\u00b4ennuie pas.<\/p>\n<!-- \/wp:paragraph --><!-- wp:paragraph -->\n<p>Ce chemin rejoint la Via de la Plata \u00e0 M\u00e9rida, la ville romaine.<\/p>\n<!-- \/wp:paragraph --><!-- wp:paragraph -->\n<p>Le <span style=\"text-decoration: underline;\"><a href=\"https:\/\/www.caminosantiago.org\/cpperegrino\/caminos\/caminover.asp?kCamino=PT09a&amp;CaminoId=320\" target=\"_blank\" rel=\"noopener\"><strong>Caminho Nascente<\/strong><\/a><\/span><\/p>\n<!-- \/wp:paragraph --><!-- wp:paragraph -->\n<p>Deux chemins traversent le Portugal du Sud au Nord\u00a0: le Caminho Portugues d\u00b4une part, le long de la c\u00f4te, que je ne connais pas\u00a0; et un autre en voie de balisage, le Caminho Nascente, qui commence \u00e0 Faro sur la c\u00f4te atlantique et longe la fronti\u00e8re espagnole pour rejoindre le Camino Sanabr\u00e9s \u00e0 Ourense. Les h\u00e9bergements y sont encore rares. Quelquefois, les pompiers acceptent d\u00b4ouvrir leur dortoir aux p\u00e8lerins. La notion de \u00ab\u00a0p\u00e8lerin\u00a0\u00bb d\u00b4ailleurs ne commence \u00e0 avoir une certaine r\u00e9sonance que lorsque que l\u00b4on approche de Fatima. Jusque l\u00e0, il faut parfois d\u00e9samorcer la m\u00e9fiance des habitants.<\/p>\n<!-- \/wp:paragraph --><!-- wp:paragraph -->\n<p>Si, sur les autres chemins, une tente peut \u00eatre bien utile et d\u00e9panner ici ou l\u00e0, elle est indispensable sur cette voie pour laquelle n\u00b4existe d\u00b4ailleurs pas encore de guide en Fran\u00e7ais. Mais l\u00b4aventure est grandiose, elle offre des paysages sauvages, merveilleux, souvent montagneux, souvent pauvres. On ne croise pas \u00e2me qui vive de la journ\u00e9e, mais au bord de chaque ruisseau chante un rossignol.<\/p>\n<!-- \/wp:paragraph --><!-- wp:paragraph -->\n<p>On peut se rendre \u00e0 tous ces points de d\u00e9part \u2013 et revenir de Santiago &#8211; en autocar depuis Rennes. C\u00b4est long et pas tr\u00e8s confortable, mais justement une prolongation du voyage et un retour moins brutal \u00e0 la vie quotidienne.<\/p>\n<!-- \/wp:paragraph --><\/div>\n\t\t\t\t<\/div>\n\t\t\t\t<\/div>\n\t\t\t\t\t\t<\/div>\n\t\t\t<\/div>\n\t\t<\/div>\n\t\t\t\t\t\t<\/div>\n\t\t\t<\/div>\n\t\t<\/section>\n\t\t\t\t<section class=\"elementor-element elementor-element-bacd3fe elementor-section-boxed elementor-section-height-default elementor-section-height-default elementor-section elementor-top-section\" data-id=\"bacd3fe\" data-element_type=\"section\">\n\t\t\t\t\t\t<div class=\"elementor-container elementor-column-gap-default\">\n\t\t\t\t<div class=\"elementor-row\">\n\t\t\t\t<div class=\"elementor-element elementor-element-15d0ff4 elementor-column elementor-col-100 elementor-top-column\" data-id=\"15d0ff4\" data-element_type=\"column\">\n\t\t\t<div class=\"elementor-column-wrap  elementor-element-populated\">\n\t\t\t\t\t<div class=\"elementor-widget-wrap\">\n\t\t\t\t<div class=\"elementor-element elementor-element-4cb029c elementor-widget elementor-widget-text-editor\" data-id=\"4cb029c\" data-element_type=\"widget\" data-widget_type=\"text-editor.default\">\n\t\t\t\t<div class=\"elementor-widget-container\">\n\t\t\t\t\t<div class=\"elementor-text-editor elementor-clearfix\"><p>Pour vous aider \u00e0 pr\u00e9parer ces longues itin\u00e9rances, vous pouvez cliquer\u00a0<span style=\"text-decoration: underline;\"><em><strong><a href=\"http:\/\/verscompostelle.be\/coguiaue.htm\" target=\"_blank\" rel=\"noopener\"> ici<\/a><\/strong><\/em><\/span> afin de trouver le guide qui vous convient.<\/p><\/div>\n\t\t\t\t<\/div>\n\t\t\t\t<\/div>\n\t\t\t\t\t\t<\/div>\n\t\t\t<\/div>\n\t\t<\/div>\n\t\t\t\t\t\t<\/div>\n\t\t\t<\/div>\n\t\t<\/section>\n\t\t\t\t<section class=\"elementor-element elementor-element-96ed72e elementor-section-stretched elementor-section-boxed elementor-section-height-default elementor-section-height-default elementor-section elementor-top-section\" data-id=\"96ed72e\" data-element_type=\"section\" data-settings=\"{&quot;stretch_section&quot;:&quot;section-stretched&quot;}\">\n\t\t\t\t\t\t<div class=\"elementor-container elementor-column-gap-default\">\n\t\t\t\t<div class=\"elementor-row\">\n\t\t\t\t<div class=\"elementor-element elementor-element-f631265 elementor-column elementor-col-25 elementor-top-column\" data-id=\"f631265\" data-element_type=\"column\">\n\t\t\t<div class=\"elementor-column-wrap\">\n\t\t\t\t\t<div class=\"elementor-widget-wrap\">\n\t\t\t\t\t\t<\/div>\n\t\t\t<\/div>\n\t\t<\/div>\n\t\t\t\t<div class=\"elementor-element elementor-element-4c99b85 elementor-column elementor-col-25 elementor-top-column\" data-id=\"4c99b85\" data-element_type=\"column\">\n\t\t\t<div class=\"elementor-column-wrap  elementor-element-populated\">\n\t\t\t\t\t<div class=\"elementor-widget-wrap\">\n\t\t\t\t<div class=\"elementor-element elementor-element-739d00c elementor-widget elementor-widget-image\" data-id=\"739d00c\" data-element_type=\"widget\" data-widget_type=\"image.default\">\n\t\t\t\t<div class=\"elementor-widget-container\">\n\t\t\t\t\t<div class=\"elementor-image\">\n\t\t\t\t\t\t\t\t\t\t\t<a href=\"http:\/\/www.compostelle-mayenne.fr\/index.php\/chemins-de-saint-jacques-de-compostelle\/\">\n\t\t\t\t\t\t\t<img src=\"https:\/\/www.compostelle-mayenne.fr\/wp-content\/uploads\/2022\/02\/Haut-de-page-e1768293316359.jpg\" title=\"Haut de page\" alt=\"Haut de page\" \/>\t\t\t\t\t\t\t\t<\/a>\n\t\t\t\t\t\t\t\t\t\t\t<\/div>\n\t\t\t\t<\/div>\n\t\t\t\t<\/div>\n\t\t\t\t\t\t<\/div>\n\t\t\t<\/div>\n\t\t<\/div>\n\t\t\t\t<div class=\"elementor-element elementor-element-3707711 elementor-column elementor-col-25 elementor-top-column\" data-id=\"3707711\" data-element_type=\"column\">\n\t\t\t<div class=\"elementor-column-wrap  elementor-element-populated\">\n\t\t\t\t\t<div class=\"elementor-widget-wrap\">\n\t\t\t\t<div class=\"elementor-element elementor-element-571f309 elementor-widget elementor-widget-image\" data-id=\"571f309\" data-element_type=\"widget\" data-widget_type=\"image.default\">\n\t\t\t\t<div class=\"elementor-widget-container\">\n\t\t\t\t\t<div class=\"elementor-image\">\n\t\t\t\t\t\t\t\t\t\t\t<a href=\"http:\/\/www.compostelle-mayenne.fr\/\">\n\t\t\t\t\t\t\t<img src=\"https:\/\/www.compostelle-mayenne.fr\/wp-content\/uploads\/2022\/02\/Accueil-e1768293377357.jpg\" title=\"&#8211; Accueil\" alt=\"- Accueil\" \/>\t\t\t\t\t\t\t\t<\/a>\n\t\t\t\t\t\t\t\t\t\t\t<\/div>\n\t\t\t\t<\/div>\n\t\t\t\t<\/div>\n\t\t\t\t\t\t<\/div>\n\t\t\t<\/div>\n\t\t<\/div>\n\t\t\t\t<div class=\"elementor-element elementor-element-71e3941 elementor-column elementor-col-25 elementor-top-column\" data-id=\"71e3941\" data-element_type=\"column\">\n\t\t\t<div class=\"elementor-column-wrap\">\n\t\t\t\t\t<div class=\"elementor-widget-wrap\">\n\t\t\t\t\t\t<\/div>\n\t\t\t<\/div>\n\t\t<\/div>\n\t\t\t\t\t\t<\/div>\n\t\t\t<\/div>\n\t\t<\/section>\n\t\t\t\t\t\t<\/div>\n\t\t\t<\/div>\n\t\t<\/div>\n\t\t","protected":false},"excerpt":{"rendered":"<p>Santiago de Compostela ! Tant de chemins y m\u00e8nent. En France, les Chemins de Saint-Jacques convergent vers les cols pyr\u00e9n\u00e9ens. En Espagne, les Caminos de Santiago convergent vers la ville de l&rsquo;ap\u00f4tre, de toutes les directions. Il n\u00b4y a pas que le Camino Franc\u00e9s ! Le Camino Franc\u00e9s\u00a0: celui qu\u00b4empruntait la majorit\u00e9 des p\u00e8lerins venus [&hellip;]<\/p>\n","protected":false},"author":1,"featured_media":0,"parent":0,"menu_order":0,"comment_status":"closed","ping_status":"closed","template":"","meta":[],"_links":{"self":[{"href":"https:\/\/www.compostelle-mayenne.fr\/index.php\/wp-json\/wp\/v2\/pages\/3079"}],"collection":[{"href":"https:\/\/www.compostelle-mayenne.fr\/index.php\/wp-json\/wp\/v2\/pages"}],"about":[{"href":"https:\/\/www.compostelle-mayenne.fr\/index.php\/wp-json\/wp\/v2\/types\/page"}],"author":[{"embeddable":true,"href":"https:\/\/www.compostelle-mayenne.fr\/index.php\/wp-json\/wp\/v2\/users\/1"}],"replies":[{"embeddable":true,"href":"https:\/\/www.compostelle-mayenne.fr\/index.php\/wp-json\/wp\/v2\/comments?post=3079"}],"version-history":[{"count":31,"href":"https:\/\/www.compostelle-mayenne.fr\/index.php\/wp-json\/wp\/v2\/pages\/3079\/revisions"}],"predecessor-version":[{"id":12146,"href":"https:\/\/www.compostelle-mayenne.fr\/index.php\/wp-json\/wp\/v2\/pages\/3079\/revisions\/12146"}],"wp:attachment":[{"href":"https:\/\/www.compostelle-mayenne.fr\/index.php\/wp-json\/wp\/v2\/media?parent=3079"}],"curies":[{"name":"wp","href":"https:\/\/api.w.org\/{rel}","templated":true}]}}