{"id":3109,"date":"2020-07-20T10:01:21","date_gmt":"2020-07-20T08:01:21","guid":{"rendered":"http:\/\/www.compostelle-mayenne.fr\/?page_id=3109"},"modified":"2026-02-20T13:27:54","modified_gmt":"2026-02-20T12:27:54","slug":"statuts","status":"publish","type":"page","link":"https:\/\/www.compostelle-mayenne.fr\/index.php\/statuts\/","title":{"rendered":"Archives A. G."},"content":{"rendered":"\t\t<div data-elementor-type=\"wp-page\" data-elementor-id=\"3109\" class=\"elementor elementor-3109\" data-elementor-settings=\"[]\">\n\t\t\t<div class=\"elementor-inner\">\n\t\t\t\t<div class=\"elementor-section-wrap\">\n\t\t\t\t\t\t\t<section class=\"elementor-element elementor-element-17e97d0b elementor-section-boxed elementor-section-height-default elementor-section-height-default elementor-section elementor-top-section\" data-id=\"17e97d0b\" data-element_type=\"section\">\n\t\t\t\t\t\t<div class=\"elementor-container elementor-column-gap-default\">\n\t\t\t\t<div class=\"elementor-row\">\n\t\t\t\t<div class=\"elementor-element elementor-element-1d402202 elementor-column elementor-col-100 elementor-top-column\" data-id=\"1d402202\" data-element_type=\"column\">\n\t\t\t<div class=\"elementor-column-wrap  elementor-element-populated\">\n\t\t\t\t\t<div class=\"elementor-widget-wrap\">\n\t\t\t\t<div class=\"elementor-element elementor-element-3fb2c1bd elementor-widget elementor-widget-text-editor\" data-id=\"3fb2c1bd\" data-element_type=\"widget\" data-widget_type=\"text-editor.default\">\n\t\t\t\t<div class=\"elementor-widget-container\">\n\t\t\t\t\t<div class=\"elementor-text-editor elementor-clearfix\"><!-- wp:image -->\n<figure><\/figure>\n<figure><\/figure>\n<figure class=\"wp-block-image\"><a href=\"http:\/\/www.compostelle-mayenne.fr\/wp-content\/uploads\/2026\/02\/2026-PV_AG-ORDINAIREExtraO.pdf\" target=\"_blank\" rel=\"noopener\">PV Assembl\u00e9e g\u00e9n\u00e9rale du 14 f\u00e9vrier 2026<\/a><\/figure>\n<figure class=\"wp-block-image\"><a href=\"http:\/\/www.compostelle-mayenne.fr\/wp-content\/uploads\/2025\/02\/PV-A-G-Compostelle-8-02-2025.pdf\" target=\"_blank\" rel=\"noopener\">PV Assembl\u00e9e g\u00e9n\u00e9rale du 8 f\u00e9vrier 2025<\/a><\/figure>\n<p><a href=\"http:\/\/www.compostelle-mayenne.fr\/wp-content\/uploads\/2024\/02\/PV-AG-10-fevrier-2024.pdf\" target=\"_blank\" rel=\"noopener\">PV Assembl\u00e9e g\u00e9n\u00e9rale du 10 f\u00e9vrier 2024<\/a><\/p>\n<p><a href=\"http:\/\/www.compostelle-mayenne.fr\/wp-content\/uploads\/2024\/02\/PV-AG-2024-02-10.pdf\" target=\"_blank\" rel=\"noopener\">PV Assembl\u00e9e g\u00e9n\u00e9rale du 04 f\u00e9vrier 2023<\/a><\/p>\n<figure class=\"wp-block-image\"><a href=\"http:\/\/www.compostelle-mayenne.fr\/wp-content\/uploads\/2022\/03\/PV-AGE-et-AGO-du-26.02.2022.pdf\" target=\"_blank\" rel=\"noopener\">PV Assembl\u00e9e g\u00e9n\u00e9rale du 26 f\u00e9vrier 2022<\/a><\/figure>\n<figure class=\"wp-block-image\"><img alt=\"\" \/><a href=\"http:\/\/www.compostelle-mayenne.fr\/wp-content\/uploads\/2021\/07\/Compte-rendu-AG-2021-et-renouvellement-mandats-administrateurs.pdf\" target=\"_blank\" rel=\"noopener\">PV Assembl\u00e9e g\u00e9n\u00e9rale du 29 mai 2021<\/a>\n<div>\u00a0<\/div>\n<div><a href=\"http:\/\/www.compostelle-mayenne.fr\/wp-content\/uploads\/2020\/07\/2020-PV_AG.pdf\">PV Assembl\u00e9e g\u00e9n\u00e9rale du 1er f\u00e9vrier 2020<\/a><\/div>\n<div>\u00a0<\/div>\n<div class=\"wp-block-file\"><a href=\"http:\/\/www.compostelle-mayenne.fr\/wp-content\/uploads\/2021\/01\/PV-du-9-fevrier-2019.pdf\" target=\"_blank\" rel=\"noreferrer noopener\">PV Assembl\u00e9e g\u00e9n\u00e9rale du 9 f\u00e9vrier 2019<\/a><\/div>\n<div><a href=\"http:\/\/www.compostelle-mayenne.fr\/wp-content\/uploads\/2021\/01\/PV-Assemblee-constitutive-du-15-mai-2018.pdf\" target=\"_blank\" rel=\"noopener\">PV Assembl\u00e9e constitutive du 11 mai 2018<\/a><\/div>\n<\/figure>\n<!-- \/wp:image --><\/div>\n\t\t\t\t<\/div>\n\t\t\t\t<\/div>\n\t\t\t\t\t\t<\/div>\n\t\t\t<\/div>\n\t\t<\/div>\n\t\t\t\t\t\t<\/div>\n\t\t\t<\/div>\n\t\t<\/section>\n\t\t\t\t\t\t<\/div>\n\t\t\t<\/div>\n\t\t<\/div>\n\t\t","protected":false},"excerpt":{"rendered":"","protected":false},"author":1,"featured_media":0,"parent":0,"menu_order":0,"comment_status":"closed","ping_status":"closed","template":"","meta":[],"_links":{"self":[{"href":"https:\/\/www.compostelle-mayenne.fr\/index.php\/wp-json\/wp\/v2\/pages\/3109"}],"collection":[{"href":"https:\/\/www.compostelle-mayenne.fr\/index.php\/wp-json\/wp\/v2\/pages"}],"about":[{"href":"https:\/\/www.compostelle-mayenne.fr\/index.php\/wp-json\/wp\/v2\/types\/page"}],"author":[{"embeddable":true,"href":"https:\/\/www.compostelle-mayenne.fr\/index.php\/wp-json\/wp\/v2\/users\/1"}],"replies":[{"embeddable":true,"href":"https:\/\/www.compostelle-mayenne.fr\/index.php\/wp-json\/wp\/v2\/comments?post=3109"}],"version-history":[{"count":21,"href":"https:\/\/www.compostelle-mayenne.fr\/index.php\/wp-json\/wp\/v2\/pages\/3109\/revisions"}],"predecessor-version":[{"id":13723,"href":"https:\/\/www.compostelle-mayenne.fr\/index.php\/wp-json\/wp\/v2\/pages\/3109\/revisions\/13723"}],"wp:attachment":[{"href":"https:\/\/www.compostelle-mayenne.fr\/index.php\/wp-json\/wp\/v2\/media?parent=3109"}],"curies":[{"name":"wp","href":"https:\/\/api.w.org\/{rel}","templated":true}]}}