{"id":3119,"date":"2020-07-20T10:35:37","date_gmt":"2020-07-20T08:35:37","guid":{"rendered":"http:\/\/www.compostelle-mayenne.fr\/?page_id=3119"},"modified":"2020-07-31T16:29:29","modified_gmt":"2020-07-31T14:29:29","slug":"mentions-legales","status":"publish","type":"page","link":"https:\/\/www.compostelle-mayenne.fr\/index.php\/mentions-legales\/","title":{"rendered":"Mentions l\u00e9gales"},"content":{"rendered":"\t\t<div data-elementor-type=\"wp-page\" data-elementor-id=\"3119\" class=\"elementor elementor-3119\" data-elementor-settings=\"[]\">\n\t\t\t<div class=\"elementor-inner\">\n\t\t\t\t<div class=\"elementor-section-wrap\">\n\t\t\t\t\t\t\t<section class=\"elementor-element elementor-element-136f8fb3 elementor-section-boxed elementor-section-height-default elementor-section-height-default elementor-section elementor-top-section\" data-id=\"136f8fb3\" data-element_type=\"section\">\n\t\t\t\t\t\t<div class=\"elementor-container elementor-column-gap-default\">\n\t\t\t\t<div class=\"elementor-row\">\n\t\t\t\t<div class=\"elementor-element elementor-element-35e1f898 elementor-column elementor-col-100 elementor-top-column\" data-id=\"35e1f898\" data-element_type=\"column\">\n\t\t\t<div class=\"elementor-column-wrap  elementor-element-populated\">\n\t\t\t\t\t<div class=\"elementor-widget-wrap\">\n\t\t\t\t<div class=\"elementor-element elementor-element-599a934c elementor-widget elementor-widget-text-editor\" data-id=\"599a934c\" data-element_type=\"widget\" data-widget_type=\"text-editor.default\">\n\t\t\t\t<div class=\"elementor-widget-container\">\n\t\t\t\t\t<div class=\"elementor-text-editor elementor-clearfix\"><!-- wp:paragraph -->\n<p><strong>MENTIONS L\u00c9GALES<\/strong><\/p>\n<!-- \/wp:paragraph --><!-- wp:paragraph -->\n<p><strong>Mentions L\u00e9gales du site\u00a0<\/strong><strong><a href=\"http:\/\/www.compostelle72.fr\/\">www.compostelle-mayenne.fr<\/a><\/strong><strong>\u00a0<\/strong><strong>de l\u2019association Compostelle 53 &amp; Autres Chemins (D\u00e9claration en Pr\u00e9fecture de la Mayenne n\u00b0 W531002217 le 11 juillet 2018)<\/strong><\/p>\n<!-- \/wp:paragraph --><!-- wp:paragraph -->\n<p><strong>\u00c9diteur du site<\/strong><\/p>\n<!-- \/wp:paragraph --><!-- wp:paragraph -->\n<p><em><strong>L\u2019Association Compostelle 53 et autres chemins<\/strong><\/em><\/p>\n<!-- \/wp:paragraph --><!-- wp:paragraph -->\n<p><em><strong>7 route de St Gault 53 360 PEUTON<\/strong><\/em><\/p>\n<!-- \/wp:paragraph --><!-- wp:paragraph -->\n<p>E-mail:\u00a0<a href=\"mailto:compostelle53.autreschemins@gmail.com\">compostelle53.autreschemins@gmail.com<\/a><\/p>\n<!-- \/wp:paragraph --><!-- wp:paragraph -->\n<p><strong>Responsable de la publication<\/strong><\/p>\n<!-- \/wp:paragraph --><!-- wp:paragraph -->\n<p><em><strong>L\u2019Association Compostelle 53 &amp; Autres Chemins<\/strong><\/em><\/p>\n<!-- \/wp:paragraph --><!-- wp:paragraph -->\n<p>Pour formuler des commentaires, remarques et suggestions : merci de les adresser par l\u2019interm\u00e9diaire de la page Contact mise \u00e0 votre disposition sur ce site.<\/p>\n<!-- \/wp:paragraph --><!-- wp:paragraph -->\n<p><strong>Conception \u2013 R\u00e9alisation<\/strong><\/p>\n<!-- \/wp:paragraph --><!-- wp:paragraph -->\n<p>Ce site a \u00e9t\u00e9 con\u00e7u et r\u00e9alis\u00e9 par l\u2019<em>Association Compostelle 53 &amp; Autres Chemins.<\/em><\/p>\n<!-- \/wp:paragraph --><!-- wp:paragraph -->\n<p>Il est r\u00e9guli\u00e8rement mis \u00e0 jour par le webma\u00eetre de l\u2019association.<\/p>\n<!-- \/wp:paragraph --><!-- wp:paragraph -->\n<p>L\u2019utilisateur du pr\u00e9sent site reconna\u00eet disposer de la comp\u00e9tence et des moyens n\u00e9cessaires pour acc\u00e9der \u00e0 ce site et l\u2019utiliser, apr\u00e8s avoir v\u00e9rifi\u00e9 que la configuration informatique qu\u2019il utilise ne contient aucun virus et qu\u2019elle est en parfait \u00e9tat de fonctionnement.<\/p>\n<!-- \/wp:paragraph --><!-- wp:paragraph -->\n<p>L\u2019utilisateur reconna\u00eet avoir \u00e9t\u00e9 inform\u00e9 que le pr\u00e9sent site est accessible 24 heures sur 24 et 7 jours sur 7, \u00e0 l\u2019exception des cas de force majeure, difficult\u00e9s li\u00e9es \u00e0 la structure des r\u00e9seaux de communication ou difficult\u00e9s techniques.<\/p>\n<!-- \/wp:paragraph --><!-- wp:paragraph -->\n<p>Pour des n\u00e9cessit\u00e9s de maintenance, notre association se r\u00e9serve, en outre, la possibilit\u00e9 d\u2019interrompre le fonctionnement du site. Dans ce cas, elle s\u2019efforcera d\u2019en avertir pr\u00e9alablement les utilisateurs.<\/p>\n<!-- \/wp:paragraph --><!-- wp:paragraph -->\n<p><strong>Donn\u00e9es techniques:<\/strong><\/p>\n<!-- \/wp:paragraph --><!-- wp:paragraph -->\n<p>Le site utilise comme nom de domaine internet :\u00a0<a href=\"http:\/\/www.compostelle72.fr.\/\">www.compostelle-mayenne.fr.<\/a>Il utilise le logiciel de gestion WordPress.<\/p>\n<!-- \/wp:paragraph --><!-- wp:paragraph -->\n<p>Il est h\u00e9berg\u00e9 par OVH. Courriel\u00a0:\u00a0<a href=\"mailto:compostelle53.autreschemins@gmail.com\">compostelle53.autreschemins@gmail.com<\/a><\/p>\n<!-- \/wp:paragraph --><!-- wp:paragraph -->\n<p>Les photos du site ne sont pas libres de droit.<\/p>\n<!-- \/wp:paragraph --><!-- wp:paragraph -->\n<p><strong>Droits d\u2019auteurs \u2013 Propri\u00e9t\u00e9 intellectuelle<\/strong><\/p>\n<!-- \/wp:paragraph --><!-- wp:paragraph -->\n<p>Ce site est l\u2019enti\u00e8re propri\u00e9t\u00e9 de l\u2019<em>Association Compostelle<\/em>\u00a0<em>53&amp;t Autres Chemins<\/em> (association loi 1901). En qualit\u00e9 de producteur des informations contenues dans ce site, notre association interdit, sauf autorisation explicite, toute extraction m\u00eame partielle de ces informations.<\/p>\n<!-- \/wp:paragraph --><!-- wp:paragraph -->\n<p>En particulier, la structure g\u00e9n\u00e9rale du site, ainsi que les textes, photos, images et sons qui le composent, sont la propri\u00e9t\u00e9 de l\u2019<em>Association Compostelle <\/em><em>53 &amp; Autres Chemins.<\/em><\/p>\n<!-- \/wp:paragraph --><!-- wp:paragraph -->\n<p>En application de la loi du 11 mars 1957 (art. 41) et du Code de la propri\u00e9t\u00e9 intellectuelle du 1er juillet 1992, toute reproduction partielle ou totale \u00e0 usage collectif, par quelque proc\u00e9d\u00e9 que ce soit, est strictement interdite sans l\u2019autorisation expresse de l\u2019<em>Association Compostelle 53 &amp; Autres Chemins<\/em>.<\/p>\n<!-- \/wp:paragraph --><!-- wp:paragraph -->\n<p>Les logos, visuels et marques pr\u00e9sents sur ce site sont la propri\u00e9t\u00e9 de leurs d\u00e9tenteurs respectifs.<\/p>\n<!-- \/wp:paragraph --><!-- wp:paragraph -->\n<p>L\u2019internaute reconna\u00eet que l\u2019utilisation du site l\u2019<em>Association Compostelle 53 &amp; Autres Chemins <\/em>est r\u00e9gie par le droit fran\u00e7ais.<\/p>\n<!-- \/wp:paragraph --><!-- wp:paragraph -->\n<p><strong>Liens hypertextes<\/strong><\/p>\n<!-- \/wp:paragraph --><!-- wp:paragraph -->\n<p>Les liens hypertextes externes mis en place dans le cadre du pr\u00e9sent site et les contenus des sites de tiers vers lesquels ils pointent ne sauraient engager la responsabilit\u00e9 de\u00a0l\u2019<em>Association Compostelle 53 &amp; Autres Chemins<\/em>.<\/p>\n<!-- \/wp:paragraph --><!-- wp:paragraph -->\n<p>Ce site peut, \u00e0 notre insu, avoir \u00e9t\u00e9 reli\u00e9 \u00e0 d\u2019autres sites par le biais de liens hypertextes.<\/p>\n<!-- \/wp:paragraph --><!-- wp:paragraph -->\n<p>Notre association d\u00e9cline toute responsabilit\u00e9 pour les informations pr\u00e9sent\u00e9es sur ces autres sites.<\/p>\n<!-- \/wp:paragraph --><!-- wp:paragraph -->\n<p><strong>Limitation de la responsabilit\u00e9<\/strong><\/p>\n<!-- \/wp:paragraph --><!-- wp:paragraph -->\n<p>Aucune garantie quant \u00e0 la fiabilit\u00e9 ou au fonctionnement de ce service n\u2019est propos\u00e9e. Alors que nous avons effectu\u00e9 toutes les d\u00e9marches pour nous assurer de la fiabilit\u00e9 des informations contenues sur ce site internet, nous ne pouvons donc en aucun cas \u00eatre tenus pour responsable de tous dommages quels qu\u2019ils soient, y compris mais non de fa\u00e7on limitative, des dommages directs, indirects, accessoires ou incidents, des pertes de b\u00e9n\u00e9fices ou de l\u2019interruption d\u2019activit\u00e9, r\u00e9sultant de l\u2019utilisation ou de l\u2019impossibilit\u00e9 d\u2019utilisation de ces services.<\/p>\n<!-- \/wp:paragraph --><!-- wp:paragraph -->\n<p><strong>Contenu illicite<\/strong><\/p>\n<!-- \/wp:paragraph --><!-- wp:paragraph -->\n<p>Si vous remarquez un contenu illicite, vous pouvez nous en faire part tout en pr\u00e9cisant l\u2019adresse du site ou de la page depuis laquelle le contenu est accessible, le contenu consid\u00e9r\u00e9 comme illicite, la date \u00e0 laquelle vous avez d\u00e9couvert le contenu consid\u00e9r\u00e9 comme illicite, votre identit\u00e9 (nom et coordonn\u00e9es compl\u00e8tes).<\/p>\n<!-- \/wp:paragraph --><!-- wp:paragraph -->\n<p><strong>Traitement des donn\u00e9es personnelles<\/strong><\/p>\n<!-- \/wp:paragraph --><!-- wp:paragraph -->\n<p>Les donn\u00e9es personnelles recueillies par l\u2019interm\u00e9diaire de ce site r\u00e9sultent de la communication volontaire d\u2019une adresse de courrier \u00e9lectronique lors d\u2019un envoi de message de commentaire (page contact). Les adresses \u00e9lectroniques ainsi recueillies ne servent qu\u2019\u00e0 transmettre les \u00e9l\u00e9ments d\u2019informations demand\u00e9s.<\/p>\n<!-- \/wp:paragraph --><!-- wp:paragraph -->\n<p>Notre association conserve ces courriels de mani\u00e8re strictement confidentielle. Les adresses \u00e9lectroniques collect\u00e9es ne feront l\u2019objet d\u2019aucune cession, ni d\u2019aucun traitement de la part de notre association, sauf en cas d\u2019accord de la part du destinataire \u00e0 recevoir des informations de la part de notre association.<\/p>\n<!-- \/wp:paragraph --><!-- wp:paragraph -->\n<p>Notre association n\u2019utilise pas de proc\u00e9d\u00e9 de collecte automatis\u00e9e de donn\u00e9es : type\u00a0<em>cookies<\/em>, etc.<\/p>\n<!-- \/wp:paragraph --><!-- wp:paragraph -->\n<p>Le traitement des donn\u00e9es respecte les r\u00e8gles du R\u00e8glement (UE) 2016\/679 du Parlement Europ\u00e9en et du Conseil de l\u2019Union Europ\u00e9enne du 27 avril 2016 relatif \u00e0 la protection des personnes physiques \u00e0 l\u2019\u00e9gard du traitement des donn\u00e9es \u00e0 caract\u00e8re personnel et \u00e0 la libre circulation de ces donn\u00e9es, et abrogeant la directive 95\/46\/CE (r\u00e8glement g\u00e9n\u00e9ral sur la protection des donn\u00e9es) dit RGPD.<\/p>\n<!-- \/wp:paragraph --><!-- wp:paragraph -->\n<p>Conform\u00e9ment \u00e0 l\u2019article 34 de la Loi : Informatique et Libert\u00e9s, n\u00b0 78-17 du 6 janvier 1978, modifi\u00e9e le 6 ao\u00fbt 2004, vous disposez d\u2019un droit d\u2019acc\u00e8s, de modification, de rectification et de suppression des donn\u00e9es qui vous concernent. Vous pouvez l\u2019exercer sur simple demande \u00e9crite \u00e0 l\u2019adresse suivante :<\/p>\n<!-- \/wp:paragraph --><!-- wp:paragraph -->\n<p><strong>Webma\u00eetre<\/strong><\/p>\n<!-- \/wp:paragraph --><!-- wp:paragraph --><!-- \/wp:paragraph --><\/div>\n\t\t\t\t<\/div>\n\t\t\t\t<\/div>\n\t\t\t\t<div class=\"elementor-element elementor-element-267ecc0 elementor-widget elementor-widget-text-editor\" data-id=\"267ecc0\" data-element_type=\"widget\" data-widget_type=\"text-editor.default\">\n\t\t\t\t<div class=\"elementor-widget-container\">\n\t\t\t\t\t<div class=\"elementor-text-editor elementor-clearfix\"><\/div>\n\t\t\t\t<\/div>\n\t\t\t\t<\/div>\n\t\t\t\t\t\t<\/div>\n\t\t\t<\/div>\n\t\t<\/div>\n\t\t\t\t\t\t<\/div>\n\t\t\t<\/div>\n\t\t<\/section>\n\t\t\t\t<section class=\"elementor-element elementor-element-11213a1 elementor-section-boxed elementor-section-height-default elementor-section-height-default elementor-section elementor-top-section\" data-id=\"11213a1\" data-element_type=\"section\">\n\t\t\t\t\t\t<div class=\"elementor-container elementor-column-gap-default\">\n\t\t\t\t<div class=\"elementor-row\">\n\t\t\t\t<div class=\"elementor-element elementor-element-4108948 elementor-column elementor-col-100 elementor-top-column\" data-id=\"4108948\" data-element_type=\"column\">\n\t\t\t<div class=\"elementor-column-wrap  elementor-element-populated\">\n\t\t\t\t\t<div class=\"elementor-widget-wrap\">\n\t\t\t\t<div class=\"elementor-element elementor-element-9299dc1 elementor-widget elementor-widget-text-editor\" data-id=\"9299dc1\" data-element_type=\"widget\" data-widget_type=\"text-editor.default\">\n\t\t\t\t<div class=\"elementor-widget-container\">\n\t\t\t\t\t<div class=\"elementor-text-editor elementor-clearfix\"><p align=\"center\"><a href=\"mailto:compostelle53.autreschemins@gmail.com\"><span style=\"font-family: inherit;\"><span style=\"font-size: medium;\">compostelle53.autreschemins@gmail.com<\/span><\/span><\/a><\/p>\n<p align=\"center\"><span style=\"font-family: inherit;\"><span style=\"font-size: medium;\">\u00a0<\/span><\/span><\/p><\/div>\n\t\t\t\t<\/div>\n\t\t\t\t<\/div>\n\t\t\t\t\t\t<\/div>\n\t\t\t<\/div>\n\t\t<\/div>\n\t\t\t\t\t\t<\/div>\n\t\t\t<\/div>\n\t\t<\/section>\n\t\t\t\t\t\t<\/div>\n\t\t\t<\/div>\n\t\t<\/div>\n\t\t","protected":false},"excerpt":{"rendered":"<p>MENTIONS L\u00c9GALES Mentions L\u00e9gales du site\u00a0www.compostelle-mayenne.fr\u00a0de l\u2019association Compostelle 53 &amp; Autres Chemins (D\u00e9claration en Pr\u00e9fecture de la Mayenne n\u00b0 W531002217 le 11 juillet 2018) \u00c9diteur du site L\u2019Association Compostelle 53 et autres chemins 7 route de St Gault 53 360 PEUTON E-mail:\u00a0compostelle53.autreschemins@gmail.com Responsable de la publication L\u2019Association Compostelle 53 &amp; Autres Chemins Pour formuler des [&hellip;]<\/p>\n","protected":false},"author":1,"featured_media":0,"parent":0,"menu_order":0,"comment_status":"closed","ping_status":"closed","template":"","meta":[],"_links":{"self":[{"href":"https:\/\/www.compostelle-mayenne.fr\/index.php\/wp-json\/wp\/v2\/pages\/3119"}],"collection":[{"href":"https:\/\/www.compostelle-mayenne.fr\/index.php\/wp-json\/wp\/v2\/pages"}],"about":[{"href":"https:\/\/www.compostelle-mayenne.fr\/index.php\/wp-json\/wp\/v2\/types\/page"}],"author":[{"embeddable":true,"href":"https:\/\/www.compostelle-mayenne.fr\/index.php\/wp-json\/wp\/v2\/users\/1"}],"replies":[{"embeddable":true,"href":"https:\/\/www.compostelle-mayenne.fr\/index.php\/wp-json\/wp\/v2\/comments?post=3119"}],"version-history":[{"count":9,"href":"https:\/\/www.compostelle-mayenne.fr\/index.php\/wp-json\/wp\/v2\/pages\/3119\/revisions"}],"predecessor-version":[{"id":3265,"href":"https:\/\/www.compostelle-mayenne.fr\/index.php\/wp-json\/wp\/v2\/pages\/3119\/revisions\/3265"}],"wp:attachment":[{"href":"https:\/\/www.compostelle-mayenne.fr\/index.php\/wp-json\/wp\/v2\/media?parent=3119"}],"curies":[{"name":"wp","href":"https:\/\/api.w.org\/{rel}","templated":true}]}}