{"id":4089,"date":"2020-12-05T18:44:14","date_gmt":"2020-12-05T17:44:14","guid":{"rendered":"http:\/\/www.compostelle-mayenne.fr\/?page_id=4089"},"modified":"2025-03-28T15:12:54","modified_gmt":"2025-03-28T14:12:54","slug":"liens-utiles","status":"publish","type":"page","link":"https:\/\/www.compostelle-mayenne.fr\/index.php\/liens-utiles\/","title":{"rendered":"Liens utiles"},"content":{"rendered":"\t\t<div data-elementor-type=\"wp-page\" data-elementor-id=\"4089\" class=\"elementor elementor-4089\" data-elementor-settings=\"[]\">\n\t\t\t<div class=\"elementor-inner\">\n\t\t\t\t<div class=\"elementor-section-wrap\">\n\t\t\t\t\t\t\t<section class=\"elementor-element elementor-element-2b7e95be elementor-section-boxed elementor-section-height-default elementor-section-height-default elementor-section elementor-top-section\" data-id=\"2b7e95be\" data-element_type=\"section\">\n\t\t\t\t\t\t<div class=\"elementor-container elementor-column-gap-default\">\n\t\t\t\t<div class=\"elementor-row\">\n\t\t\t\t<div class=\"elementor-element elementor-element-323e0474 elementor-column elementor-col-100 elementor-top-column\" data-id=\"323e0474\" data-element_type=\"column\">\n\t\t\t<div class=\"elementor-column-wrap  elementor-element-populated\">\n\t\t\t\t\t<div class=\"elementor-widget-wrap\">\n\t\t\t\t<div class=\"elementor-element elementor-element-569594c1 elementor-widget elementor-widget-text-editor\" data-id=\"569594c1\" data-element_type=\"widget\" data-widget_type=\"text-editor.default\">\n\t\t\t\t<div class=\"elementor-widget-container\">\n\t\t\t\t\t<div class=\"elementor-text-editor elementor-clearfix\"><p><!-- wp:paragraph --><\/p>\n<p><a href=\"http:\/\/compostelle72.fr\/\" target=\"_blank\" rel=\"noopener\"><span style=\"text-decoration: underline;\">Association Sarthoise des Amis de Saint Jacques de Compostelle<\/span><\/a><\/p>\n<p><span style=\"text-decoration: underline;\"><a href=\"http:\/\/compostelle-anjou.fr\/\" target=\"_blank\" rel=\"noopener\">Association des Amis de Saint Jacques en Anjou<\/a><\/span><\/p>\n<p><span style=\"text-decoration: underline;\"><a href=\"https:\/\/www.lescheminsdumontsaintmichel.com\" target=\"_blank\" rel=\"noopener\">Association Les Chemins du Mont-St-Michel<\/a><\/span><\/p>\n<p><span style=\"text-decoration: underline;\"><a href=\"https:\/\/www.compostelle-bretagne.fr\/\" target=\"_blank\" rel=\"noopener\">Association Bretonne des Amis de Saint Jacques de Compostelle<\/a><\/span><\/p>\n<p><span style=\"text-decoration: underline;\"><a href=\"https:\/\/www.compostelle-france.fr\/\" target=\"_blank\" rel=\"noopener\">F\u00e9d\u00e9ration Fran\u00e7aise des Associations des Chemins des Saint Jacques de Compostell<\/a>e<\/span><\/p>\n<p><span style=\"text-decoration: underline;\"><a href=\"http:\/\/www.chemins-compostelle.com\" target=\"_blank\" rel=\"noopener\">ACIR\u00a0 Agence Fran\u00e7aise des Chemins de Compostelle<\/a><\/span><\/p>\n<p><a href=\"https:\/\/www.institut-irj.fr\/La-Fondation-David-Parou-Saint-Jacques-et-la-recherche-jacquaire_a243.html\" target=\"_blank\" rel=\"noopener\"><span style=\"text-decoration: underline;\">Fon<\/span><span style=\"text-decoration: underline;\">dation David Parou<\/span><\/a> sur les aspects historiques et religieux<\/p>\n<p><a href=\"http:\/\/www.haltespelerines44.fr\/\" target=\"_blank\" rel=\"noopener\"><span style=\"text-decoration: underline;\">Association Les Haltes P\u00e8lerines en Loire-Atlantique<\/span><\/a> itin\u00e9raires et h\u00e9bergements<\/p>\n<p>et bien d\u00b4autres&#8230;<\/p>\n<p><!-- \/wp:paragraph --><\/p><\/div>\n\t\t\t\t<\/div>\n\t\t\t\t<\/div>\n\t\t\t\t\t\t<\/div>\n\t\t\t<\/div>\n\t\t<\/div>\n\t\t\t\t\t\t<\/div>\n\t\t\t<\/div>\n\t\t<\/section>\n\t\t\t\t<section class=\"elementor-element elementor-element-13d05c7 elementor-section-stretched elementor-section-boxed elementor-section-height-default elementor-section-height-default elementor-section elementor-top-section\" data-id=\"13d05c7\" data-element_type=\"section\" data-settings=\"{&quot;stretch_section&quot;:&quot;section-stretched&quot;}\">\n\t\t\t\t\t\t<div class=\"elementor-container elementor-column-gap-default\">\n\t\t\t\t<div class=\"elementor-row\">\n\t\t\t\t<div class=\"elementor-element elementor-element-f6f7d78 elementor-column elementor-col-100 elementor-top-column\" data-id=\"f6f7d78\" data-element_type=\"column\">\n\t\t\t<div class=\"elementor-column-wrap  elementor-element-populated\">\n\t\t\t\t\t<div class=\"elementor-widget-wrap\">\n\t\t\t\t<div class=\"elementor-element elementor-element-980b3af elementor-widget elementor-widget-image\" data-id=\"980b3af\" data-element_type=\"widget\" data-widget_type=\"image.default\">\n\t\t\t\t<div class=\"elementor-widget-container\">\n\t\t\t\t\t<div class=\"elementor-image\">\n\t\t\t\t\t\t\t\t\t\t\t<a href=\"http:\/\/www.compostelle-mayenne.fr\/index.php\/pratique\/\">\n\t\t\t\t\t\t\t<img src=\"https:\/\/www.compostelle-mayenne.fr\/wp-content\/uploads\/2022\/02\/Haut-de-page-e1768293316359.jpg\" title=\"Haut de page\" alt=\"Haut de page\" \/>\t\t\t\t\t\t\t\t<\/a>\n\t\t\t\t\t\t\t\t\t\t\t<\/div>\n\t\t\t\t<\/div>\n\t\t\t\t<\/div>\n\t\t\t\t\t\t<\/div>\n\t\t\t<\/div>\n\t\t<\/div>\n\t\t\t\t\t\t<\/div>\n\t\t\t<\/div>\n\t\t<\/section>\n\t\t\t\t\t\t<\/div>\n\t\t\t<\/div>\n\t\t<\/div>\n\t\t","protected":false},"excerpt":{"rendered":"<p>Association Sarthoise des Amis de Saint Jacques de Compostelle Association des Amis de Saint Jacques en Anjou Association Les Chemins du Mont-St-Michel Association Bretonne des Amis de Saint Jacques de Compostelle F\u00e9d\u00e9ration Fran\u00e7aise des Associations des Chemins des Saint Jacques de Compostelle ACIR\u00a0 Agence Fran\u00e7aise des Chemins de Compostelle Fondation David Parou sur les aspects [&hellip;]<\/p>\n","protected":false},"author":1,"featured_media":0,"parent":0,"menu_order":0,"comment_status":"closed","ping_status":"closed","template":"","meta":[],"_links":{"self":[{"href":"https:\/\/www.compostelle-mayenne.fr\/index.php\/wp-json\/wp\/v2\/pages\/4089"}],"collection":[{"href":"https:\/\/www.compostelle-mayenne.fr\/index.php\/wp-json\/wp\/v2\/pages"}],"about":[{"href":"https:\/\/www.compostelle-mayenne.fr\/index.php\/wp-json\/wp\/v2\/types\/page"}],"author":[{"embeddable":true,"href":"https:\/\/www.compostelle-mayenne.fr\/index.php\/wp-json\/wp\/v2\/users\/1"}],"replies":[{"embeddable":true,"href":"https:\/\/www.compostelle-mayenne.fr\/index.php\/wp-json\/wp\/v2\/comments?post=4089"}],"version-history":[{"count":22,"href":"https:\/\/www.compostelle-mayenne.fr\/index.php\/wp-json\/wp\/v2\/pages\/4089\/revisions"}],"predecessor-version":[{"id":12148,"href":"https:\/\/www.compostelle-mayenne.fr\/index.php\/wp-json\/wp\/v2\/pages\/4089\/revisions\/12148"}],"wp:attachment":[{"href":"https:\/\/www.compostelle-mayenne.fr\/index.php\/wp-json\/wp\/v2\/media?parent=4089"}],"curies":[{"name":"wp","href":"https:\/\/api.w.org\/{rel}","templated":true}]}}