{"id":4866,"date":"2021-02-07T18:50:47","date_gmt":"2021-02-07T17:50:47","guid":{"rendered":"http:\/\/www.compostelle-mayenne.fr\/?page_id=4866"},"modified":"2026-01-07T18:01:01","modified_gmt":"2026-01-07T17:01:01","slug":"commission-hebergement","status":"publish","type":"page","link":"https:\/\/www.compostelle-mayenne.fr\/index.php\/commission-hebergement\/","title":{"rendered":"Commission H\u00e9bergement"},"content":{"rendered":"\t\t<div data-elementor-type=\"wp-page\" data-elementor-id=\"4866\" class=\"elementor elementor-4866\" data-elementor-settings=\"[]\">\n\t\t\t<div class=\"elementor-inner\">\n\t\t\t\t<div class=\"elementor-section-wrap\">\n\t\t\t\t\t\t\t<section class=\"elementor-element elementor-element-199ca94f elementor-section-stretched elementor-section-boxed elementor-section-height-default elementor-section-height-default elementor-section elementor-top-section\" data-id=\"199ca94f\" data-element_type=\"section\" data-settings=\"{&quot;stretch_section&quot;:&quot;section-stretched&quot;}\">\n\t\t\t\t\t\t<div class=\"elementor-container elementor-column-gap-default\">\n\t\t\t\t<div class=\"elementor-row\">\n\t\t\t\t<div class=\"elementor-element elementor-element-5b5960 elementor-column elementor-col-100 elementor-top-column\" data-id=\"5b5960\" data-element_type=\"column\">\n\t\t\t<div class=\"elementor-column-wrap  elementor-element-populated\">\n\t\t\t\t\t<div class=\"elementor-widget-wrap\">\n\t\t\t\t<div class=\"elementor-element elementor-element-714137c5 elementor-widget elementor-widget-text-editor\" data-id=\"714137c5\" data-element_type=\"widget\" data-widget_type=\"text-editor.default\">\n\t\t\t\t<div class=\"elementor-widget-container\">\n\t\t\t\t\t<div class=\"elementor-text-editor elementor-clearfix\"><p><!-- wp:paragraph --><\/p>\n<p>Notre mission est la cr\u00e9ation d\u00b4un r\u00e9seau d\u00b4h\u00e9bergements p\u00e8lerin en Mayenne et sa mise \u00e0 la disposition des p\u00e8lerins qui empruntent nos chemins. Pr\u00e8s d&rsquo;une trentaine de familles font d\u00e9j\u00e0 partie de ce r\u00e9seau, sur la base de valeurs partag\u00e9es, <span style=\"text-decoration: underline;\"><a href=\"http:\/\/www.compostelle-mayenne.fr\/wp-content\/uploads\/2025\/01\/2025-Charte-seule-Hebergeur.pdf\">cf. la Charte des h\u00e9bergeurs<\/a><\/span>. Leurs coordonn\u00e9es (localit\u00e9, pr\u00e9nom, n\u00b0 de t\u00e9l\u00e9phone mobile) sont r\u00e9pertori\u00e9es \u00e0 la page <a href=\"http:\/\/www.compostelle-mayenne.fr\/index.php\/hebergement\/\" target=\"_blank\" rel=\"noopener\">\u00ab\u00a0<span style=\"text-decoration: underline;\">H\u00e9bergements en Mayenne<\/span><\/a>\u00ab\u00a0.<\/p>\n<p>La commission se <span style=\"text-decoration: underline;\"><a href=\"http:\/\/www.compostelle-mayenne.fr\/wp-content\/uploads\/2025\/09\/Presentation-Commission-hebergement_AG-2025.pdf\" target=\"_blank\" rel=\"noopener\">r\u00e9unit p\u00e9riodiquement<\/a><\/span> pour faire le point et suivre nos h\u00e9bergeurs.<\/p>\n<p>Sachez que le p\u00e8lerin accueilli adh\u00e8re lui aussi \u00e0 une <a href=\"http:\/\/www.compostelle-mayenne.fr\/wp-content\/uploads\/2026\/01\/CHARTE-DU-PELERIN-ACCUEILLI-01.2026.pdf\" target=\"_blank\" rel=\"noopener\"><span style=\"text-decoration: underline;\">Charte<\/span><\/a>.<\/p>\n<p>Vous souhaitez vous aussi accueillir des p\u00e8lerins ? Vous connaissez quelqu\u00b4un qui &#8230; ? Nul besoin d\u00b4avoir \u00ab\u00a0fait Compostelle\u00a0\u00bb vous-m\u00eame !\u00a0 <span style=\"text-decoration: underline;\"><a href=\"mailto:compostelle53.autreschemins@gmail.com\" target=\"_blank\" rel=\"noopener\">Contactez-nous<\/a>.<\/span><\/p>\n<p>\u00a0<\/p>\n<p><!-- \/wp:paragraph --><\/p><\/div>\n\t\t\t\t<\/div>\n\t\t\t\t<\/div>\n\t\t\t\t\t\t<\/div>\n\t\t\t<\/div>\n\t\t<\/div>\n\t\t\t\t\t\t<\/div>\n\t\t\t<\/div>\n\t\t<\/section>\n\t\t\t\t<section class=\"elementor-element elementor-element-e450a81 elementor-section-stretched elementor-section-boxed elementor-section-height-default elementor-section-height-default elementor-section elementor-top-section\" data-id=\"e450a81\" data-element_type=\"section\" data-settings=\"{&quot;stretch_section&quot;:&quot;section-stretched&quot;}\">\n\t\t\t\t\t\t<div class=\"elementor-container elementor-column-gap-default\">\n\t\t\t\t<div class=\"elementor-row\">\n\t\t\t\t<div class=\"elementor-element elementor-element-4a1432c elementor-column elementor-col-33 elementor-top-column\" data-id=\"4a1432c\" data-element_type=\"column\">\n\t\t\t<div class=\"elementor-column-wrap\">\n\t\t\t\t\t<div class=\"elementor-widget-wrap\">\n\t\t\t\t\t\t<\/div>\n\t\t\t<\/div>\n\t\t<\/div>\n\t\t\t\t<div class=\"elementor-element elementor-element-9d9ba66 elementor-column elementor-col-33 elementor-top-column\" data-id=\"9d9ba66\" data-element_type=\"column\">\n\t\t\t<div class=\"elementor-column-wrap  elementor-element-populated\">\n\t\t\t\t\t<div class=\"elementor-widget-wrap\">\n\t\t\t\t<div class=\"elementor-element elementor-element-08a2b2f elementor-align-justify elementor-widget elementor-widget-button\" data-id=\"08a2b2f\" data-element_type=\"widget\" data-widget_type=\"button.default\">\n\t\t\t\t<div class=\"elementor-widget-container\">\n\t\t\t\t\t<div class=\"elementor-button-wrapper\">\n\t\t\t<a href=\"http:\/\/www.compostelle-mayenne.fr\/index.php\/qui-sommes-nous\/\" target=\"_blank\" class=\"elementor-button-link elementor-button elementor-size-lg\" role=\"button\">\n\t\t\t\t\t\t<span class=\"elementor-button-content-wrapper\">\n\t\t\t\t\t\t<span class=\"elementor-button-text\">Retour \u00e0 L' Association<\/span>\n\t\t<\/span>\n\t\t\t\t\t<\/a>\n\t\t<\/div>\n\t\t\t\t<\/div>\n\t\t\t\t<\/div>\n\t\t\t\t\t\t<\/div>\n\t\t\t<\/div>\n\t\t<\/div>\n\t\t\t\t<div class=\"elementor-element elementor-element-e95f547 elementor-column elementor-col-33 elementor-top-column\" data-id=\"e95f547\" data-element_type=\"column\">\n\t\t\t<div class=\"elementor-column-wrap\">\n\t\t\t\t\t<div class=\"elementor-widget-wrap\">\n\t\t\t\t\t\t<\/div>\n\t\t\t<\/div>\n\t\t<\/div>\n\t\t\t\t\t\t<\/div>\n\t\t\t<\/div>\n\t\t<\/section>\n\t\t\t\t\t\t<\/div>\n\t\t\t<\/div>\n\t\t<\/div>\n\t\t","protected":false},"excerpt":{"rendered":"<p>Notre mission est la cr\u00e9ation d\u00b4un r\u00e9seau d\u00b4h\u00e9bergements p\u00e8lerin en Mayenne et sa mise \u00e0 la disposition des p\u00e8lerins qui empruntent nos chemins. Pr\u00e8s d&rsquo;une trentaine de familles font d\u00e9j\u00e0 partie de ce r\u00e9seau, sur la base de valeurs partag\u00e9es, cf. la Charte des h\u00e9bergeurs. Leurs coordonn\u00e9es (localit\u00e9, pr\u00e9nom, n\u00b0 de t\u00e9l\u00e9phone mobile) sont r\u00e9pertori\u00e9es [&hellip;]<\/p>\n","protected":false},"author":1,"featured_media":0,"parent":0,"menu_order":0,"comment_status":"closed","ping_status":"closed","template":"","meta":[],"_links":{"self":[{"href":"https:\/\/www.compostelle-mayenne.fr\/index.php\/wp-json\/wp\/v2\/pages\/4866"}],"collection":[{"href":"https:\/\/www.compostelle-mayenne.fr\/index.php\/wp-json\/wp\/v2\/pages"}],"about":[{"href":"https:\/\/www.compostelle-mayenne.fr\/index.php\/wp-json\/wp\/v2\/types\/page"}],"author":[{"embeddable":true,"href":"https:\/\/www.compostelle-mayenne.fr\/index.php\/wp-json\/wp\/v2\/users\/1"}],"replies":[{"embeddable":true,"href":"https:\/\/www.compostelle-mayenne.fr\/index.php\/wp-json\/wp\/v2\/comments?post=4866"}],"version-history":[{"count":17,"href":"https:\/\/www.compostelle-mayenne.fr\/index.php\/wp-json\/wp\/v2\/pages\/4866\/revisions"}],"predecessor-version":[{"id":13543,"href":"https:\/\/www.compostelle-mayenne.fr\/index.php\/wp-json\/wp\/v2\/pages\/4866\/revisions\/13543"}],"wp:attachment":[{"href":"https:\/\/www.compostelle-mayenne.fr\/index.php\/wp-json\/wp\/v2\/media?parent=4866"}],"curies":[{"name":"wp","href":"https:\/\/api.w.org\/{rel}","templated":true}]}}