{"id":4874,"date":"2021-02-07T19:02:19","date_gmt":"2021-02-07T18:02:19","guid":{"rendered":"http:\/\/www.compostelle-mayenne.fr\/?page_id=4874"},"modified":"2022-03-30T14:51:43","modified_gmt":"2022-03-30T12:51:43","slug":"commission-patrimoine","status":"publish","type":"page","link":"https:\/\/www.compostelle-mayenne.fr\/index.php\/commission-patrimoine\/","title":{"rendered":"Commission Patrimoine"},"content":{"rendered":"\t\t<div data-elementor-type=\"wp-page\" data-elementor-id=\"4874\" class=\"elementor elementor-4874\" data-elementor-settings=\"[]\">\n\t\t\t<div class=\"elementor-inner\">\n\t\t\t\t<div class=\"elementor-section-wrap\">\n\t\t\t\t\t\t\t<section class=\"elementor-element elementor-element-9eaa371 elementor-section-stretched elementor-section-boxed elementor-section-height-default elementor-section-height-default elementor-section elementor-top-section\" data-id=\"9eaa371\" data-element_type=\"section\" data-settings=\"{&quot;stretch_section&quot;:&quot;section-stretched&quot;}\">\n\t\t\t\t\t\t<div class=\"elementor-container elementor-column-gap-default\">\n\t\t\t\t<div class=\"elementor-row\">\n\t\t\t\t<div class=\"elementor-element elementor-element-43c9b3a elementor-column elementor-col-50 elementor-top-column\" data-id=\"43c9b3a\" data-element_type=\"column\">\n\t\t\t<div class=\"elementor-column-wrap  elementor-element-populated\">\n\t\t\t\t\t<div class=\"elementor-widget-wrap\">\n\t\t\t\t<div class=\"elementor-element elementor-element-c78d093 elementor-widget elementor-widget-text-editor\" data-id=\"c78d093\" data-element_type=\"widget\" data-widget_type=\"text-editor.default\">\n\t\t\t\t<div class=\"elementor-widget-container\">\n\t\t\t\t\t<div class=\"elementor-text-editor elementor-clearfix\"><div><div class=\"\">La commission patrimoine se donne pour objectif d\u2019aider le p\u00e8lerin de passage sur les chemins mayennais \u00e0 faire des haltes agr\u00e9ables et int\u00e9ressantes.\u00a0<\/div><div class=\"\">\u00a0<\/div><div class=\"\">Si vous avez rep\u00e9r\u00e9 au cours de vos marches un arbre remarquable, une fontaine, un lavoir, des halles, \u00a0une vieille \u00e9glise, un manoir ou un espace naturel exceptionnel, assez proche du chemin pour inciter au d\u00e9tour, n\u2019h\u00e9sitez pas \u00e0 faire des photos et envoyez-les-nous accompagn\u00e9es d\u2019un texte descriptif.\u00a0<\/div><div class=\"\">Nous signalerons sur le site internet ce lieu digne d\u2019int\u00e9r\u00eat, sa distance par rapport au chemin, son acc\u00e8s, etc \u2026.<\/div><div class=\"\">\u00a0<\/div><div class=\"\">Si vous \u00eates int\u00e9ress\u00e9 (e) pour participer au travail engag\u00e9 par cette commission,<strong><a href=\"mailto:pportebois@free.fr\" target=\"_blank\" rel=\"noopener\"> rejoignez-nous<\/a><\/strong>, nous vous accueillerons avec plaisir. Vous pouvez <a href=\"http:\/\/www.compostelle-mayenne.fr\/index.php\/commission-patrimoine-compte-rendu\/\" target=\"_blank\" rel=\"noopener\"><span style=\"text-decoration: underline;\">lire ici<\/span><\/a> le travail dans lequel nous nous investissons.<\/div><\/div><\/div>\n\t\t\t\t<\/div>\n\t\t\t\t<\/div>\n\t\t\t\t\t\t<\/div>\n\t\t\t<\/div>\n\t\t<\/div>\n\t\t\t\t<div class=\"elementor-element elementor-element-1d30378 elementor-column elementor-col-50 elementor-top-column\" data-id=\"1d30378\" data-element_type=\"column\">\n\t\t\t<div class=\"elementor-column-wrap  elementor-element-populated\">\n\t\t\t\t\t<div class=\"elementor-widget-wrap\">\n\t\t\t\t<div class=\"elementor-element elementor-element-4ae2e06 elementor-widget elementor-widget-image\" data-id=\"4ae2e06\" data-element_type=\"widget\" data-widget_type=\"image.default\">\n\t\t\t\t<div class=\"elementor-widget-container\">\n\t\t\t\t\t<div class=\"elementor-image\">\n\t\t\t\t\t\t\t<figure class=\"wp-caption\">\n\t\t\t\t\t\t\t\t\t\t<img width=\"802\" height=\"600\" src=\"https:\/\/www.compostelle-mayenne.fr\/wp-content\/uploads\/2021\/03\/IMG_20210306_142437-1024x766.jpg\" class=\"attachment-large size-large\" alt=\"\" loading=\"lazy\" srcset=\"https:\/\/www.compostelle-mayenne.fr\/wp-content\/uploads\/2021\/03\/IMG_20210306_142437-1024x766.jpg 1024w, https:\/\/www.compostelle-mayenne.fr\/wp-content\/uploads\/2021\/03\/IMG_20210306_142437-300x224.jpg 300w, https:\/\/www.compostelle-mayenne.fr\/wp-content\/uploads\/2021\/03\/IMG_20210306_142437-768x575.jpg 768w, https:\/\/www.compostelle-mayenne.fr\/wp-content\/uploads\/2021\/03\/IMG_20210306_142437-1536x1149.jpg 1536w, https:\/\/www.compostelle-mayenne.fr\/wp-content\/uploads\/2021\/03\/IMG_20210306_142437-2048x1532.jpg 2048w\" sizes=\"(max-width: 802px) 100vw, 802px\" \/>\t\t\t\t\t\t\t\t\t\t\t<figcaption class=\"widget-image-caption wp-caption-text\">Ch\u00e2teau de Clivoy \u00e0 Chailland sur le chemin de Pontmain<\/figcaption>\n\t\t\t\t\t\t\t\t\t\t<\/figure>\n\t\t\t\t\t<\/div>\n\t\t\t\t<\/div>\n\t\t\t\t<\/div>\n\t\t\t\t\t\t<\/div>\n\t\t\t<\/div>\n\t\t<\/div>\n\t\t\t\t\t\t<\/div>\n\t\t\t<\/div>\n\t\t<\/section>\n\t\t\t\t<section class=\"elementor-element elementor-element-6dd8612 elementor-section-stretched elementor-section-boxed elementor-section-height-default elementor-section-height-default elementor-section elementor-top-section\" data-id=\"6dd8612\" data-element_type=\"section\" data-settings=\"{&quot;stretch_section&quot;:&quot;section-stretched&quot;}\">\n\t\t\t\t\t\t<div class=\"elementor-container elementor-column-gap-default\">\n\t\t\t\t<div class=\"elementor-row\">\n\t\t\t\t<div class=\"elementor-element elementor-element-db46538 elementor-column elementor-col-33 elementor-top-column\" data-id=\"db46538\" data-element_type=\"column\">\n\t\t\t<div class=\"elementor-column-wrap\">\n\t\t\t\t\t<div class=\"elementor-widget-wrap\">\n\t\t\t\t\t\t<\/div>\n\t\t\t<\/div>\n\t\t<\/div>\n\t\t\t\t<div class=\"elementor-element elementor-element-68631bb elementor-column elementor-col-33 elementor-top-column\" data-id=\"68631bb\" data-element_type=\"column\">\n\t\t\t<div class=\"elementor-column-wrap  elementor-element-populated\">\n\t\t\t\t\t<div class=\"elementor-widget-wrap\">\n\t\t\t\t<div class=\"elementor-element elementor-element-7cb54be elementor-align-justify elementor-widget elementor-widget-button\" data-id=\"7cb54be\" data-element_type=\"widget\" data-widget_type=\"button.default\">\n\t\t\t\t<div class=\"elementor-widget-container\">\n\t\t\t\t\t<div class=\"elementor-button-wrapper\">\n\t\t\t<a href=\"http:\/\/www.compostelle-mayenne.fr\/index.php\/qui-sommes-nous\/\" class=\"elementor-button-link elementor-button elementor-size-lg\" role=\"button\">\n\t\t\t\t\t\t<span class=\"elementor-button-content-wrapper\">\n\t\t\t\t\t\t<span class=\"elementor-button-text\">Retour \u00e0 L' Association<\/span>\n\t\t<\/span>\n\t\t\t\t\t<\/a>\n\t\t<\/div>\n\t\t\t\t<\/div>\n\t\t\t\t<\/div>\n\t\t\t\t\t\t<\/div>\n\t\t\t<\/div>\n\t\t<\/div>\n\t\t\t\t<div class=\"elementor-element elementor-element-e60398a elementor-column elementor-col-33 elementor-top-column\" data-id=\"e60398a\" data-element_type=\"column\">\n\t\t\t<div class=\"elementor-column-wrap\">\n\t\t\t\t\t<div class=\"elementor-widget-wrap\">\n\t\t\t\t\t\t<\/div>\n\t\t\t<\/div>\n\t\t<\/div>\n\t\t\t\t\t\t<\/div>\n\t\t\t<\/div>\n\t\t<\/section>\n\t\t\t\t\t\t<\/div>\n\t\t\t<\/div>\n\t\t<\/div>\n\t\t","protected":false},"excerpt":{"rendered":"<p>La commission patrimoine se donne pour objectif d\u2019aider le p\u00e8lerin de passage sur les chemins mayennais \u00e0 faire des haltes agr\u00e9ables et int\u00e9ressantes.\u00a0\u00a0Si vous avez rep\u00e9r\u00e9 au cours de vos marches un arbre remarquable, une fontaine, un lavoir, des halles, \u00a0une vieille \u00e9glise, un manoir ou un espace naturel exceptionnel, assez proche du chemin pour [&hellip;]<\/p>\n","protected":false},"author":1,"featured_media":0,"parent":0,"menu_order":0,"comment_status":"closed","ping_status":"closed","template":"","meta":[],"_links":{"self":[{"href":"https:\/\/www.compostelle-mayenne.fr\/index.php\/wp-json\/wp\/v2\/pages\/4874"}],"collection":[{"href":"https:\/\/www.compostelle-mayenne.fr\/index.php\/wp-json\/wp\/v2\/pages"}],"about":[{"href":"https:\/\/www.compostelle-mayenne.fr\/index.php\/wp-json\/wp\/v2\/types\/page"}],"author":[{"embeddable":true,"href":"https:\/\/www.compostelle-mayenne.fr\/index.php\/wp-json\/wp\/v2\/users\/1"}],"replies":[{"embeddable":true,"href":"https:\/\/www.compostelle-mayenne.fr\/index.php\/wp-json\/wp\/v2\/comments?post=4874"}],"version-history":[{"count":20,"href":"https:\/\/www.compostelle-mayenne.fr\/index.php\/wp-json\/wp\/v2\/pages\/4874\/revisions"}],"predecessor-version":[{"id":7526,"href":"https:\/\/www.compostelle-mayenne.fr\/index.php\/wp-json\/wp\/v2\/pages\/4874\/revisions\/7526"}],"wp:attachment":[{"href":"https:\/\/www.compostelle-mayenne.fr\/index.php\/wp-json\/wp\/v2\/media?parent=4874"}],"curies":[{"name":"wp","href":"https:\/\/api.w.org\/{rel}","templated":true}]}}