{"id":4879,"date":"2021-02-07T19:08:21","date_gmt":"2021-02-07T18:08:21","guid":{"rendered":"http:\/\/www.compostelle-mayenne.fr\/?page_id=4879"},"modified":"2022-05-07T19:07:33","modified_gmt":"2022-05-07T17:07:33","slug":"commission-balisage","status":"publish","type":"page","link":"https:\/\/www.compostelle-mayenne.fr\/index.php\/commission-balisage\/","title":{"rendered":"Commission Balisage"},"content":{"rendered":"\t\t<div data-elementor-type=\"wp-page\" data-elementor-id=\"4879\" class=\"elementor elementor-4879\" data-elementor-settings=\"[]\">\n\t\t\t<div class=\"elementor-inner\">\n\t\t\t\t<div class=\"elementor-section-wrap\">\n\t\t\t\t\t\t\t<section class=\"elementor-element elementor-element-4283e2b5 elementor-section-stretched elementor-section-full_width elementor-section-height-default elementor-section-height-default elementor-section elementor-top-section\" data-id=\"4283e2b5\" data-element_type=\"section\" data-settings=\"{&quot;stretch_section&quot;:&quot;section-stretched&quot;}\">\n\t\t\t\t\t\t<div class=\"elementor-container elementor-column-gap-default\">\n\t\t\t\t<div class=\"elementor-row\">\n\t\t\t\t<div class=\"elementor-element elementor-element-42234b9b elementor-column elementor-col-100 elementor-top-column\" data-id=\"42234b9b\" data-element_type=\"column\">\n\t\t\t<div class=\"elementor-column-wrap  elementor-element-populated\">\n\t\t\t\t\t<div class=\"elementor-widget-wrap\">\n\t\t\t\t<div class=\"elementor-element elementor-element-5446f946 elementor-widget elementor-widget-text-editor\" data-id=\"5446f946\" data-element_type=\"widget\" data-widget_type=\"text-editor.default\">\n\t\t\t\t<div class=\"elementor-widget-container\">\n\t\t\t\t\t<div class=\"elementor-text-editor elementor-clearfix\"><\/div>\n\t\t\t\t<\/div>\n\t\t\t\t<\/div>\n\t\t\t\t<section class=\"elementor-element elementor-element-2f753e4 elementor-section-full_width elementor-section-height-default elementor-section-height-default elementor-section elementor-inner-section\" data-id=\"2f753e4\" data-element_type=\"section\">\n\t\t\t\t\t\t<div class=\"elementor-container elementor-column-gap-default\">\n\t\t\t\t<div class=\"elementor-row\">\n\t\t\t\t<div class=\"elementor-element elementor-element-4dd73d2 elementor-column elementor-col-50 elementor-inner-column\" data-id=\"4dd73d2\" data-element_type=\"column\">\n\t\t\t<div class=\"elementor-column-wrap  elementor-element-populated\">\n\t\t\t\t\t<div class=\"elementor-widget-wrap\">\n\t\t\t\t<div class=\"elementor-element elementor-element-686b1df elementor-widget elementor-widget-text-editor\" data-id=\"686b1df\" data-element_type=\"widget\" data-widget_type=\"text-editor.default\">\n\t\t\t\t<div class=\"elementor-widget-container\">\n\t\t\t\t\t<div class=\"elementor-text-editor elementor-clearfix\"><p><strong>LE BALISAGE NOUS INDIQUE LE BON CHEMIN<\/strong><\/p><p>La Commission Balisage accueille volontiers les bonnes \u00e2mes aux pieds l\u00e9gers et quelque peu manuelles, afin de d\u00e9finir, baliser et entretenir des trajets de randonn\u00e9e de notre Association, sur le d\u00e9partement de la Mayenne.<\/p><p>Afin d&rsquo;\u00e9viter le macadam dans la mesure du possible, il s&rsquo;agit surtout de sentiers et chemins creux ou de traverse, menant vers les grands classiques (Mont Saint-Michel, Saint-Martin de Tours, Saint-Jacques de Compostelle), mais aussi vers d\u2019autres chemins de liaison ou de randonn\u00e9e.<\/p><p>Au rythme tr\u00e8s adaptable d&rsquo;une fois par semaine, et selon les disponibilit\u00e9s de chacun, les sessions se d\u00e9roulent \u00e0 la journ\u00e9e (9h-17h), avec pique-nique sorti du sac, le tout dans la joie et la bonne humeur ! Pour rejoindre les lieux de rendez-vous, le covoiturage se pratique naturellement et \u00e0 la demande.\u00a0<\/p><p>A bient\u00f4t le plaisir de vous accueillir parmi nous !<\/p><p>Vous souhaitez baliser avec nous ?\u00a0<span style=\"text-decoration: underline;\"><a href=\"mailto:lecvil@wanadoo.fr\" target=\"_blank\" rel=\"noopener\">Contactez-nous<\/a><\/span>.<\/p><\/div>\n\t\t\t\t<\/div>\n\t\t\t\t<\/div>\n\t\t\t\t\t\t<\/div>\n\t\t\t<\/div>\n\t\t<\/div>\n\t\t\t\t<div class=\"elementor-element elementor-element-40c5248 elementor-column elementor-col-50 elementor-inner-column\" data-id=\"40c5248\" data-element_type=\"column\">\n\t\t\t<div class=\"elementor-column-wrap  elementor-element-populated\">\n\t\t\t\t\t<div class=\"elementor-widget-wrap\">\n\t\t\t\t<div class=\"elementor-element elementor-element-83128d8 elementor-widget elementor-widget-image\" data-id=\"83128d8\" data-element_type=\"widget\" data-widget_type=\"image.default\">\n\t\t\t\t<div class=\"elementor-widget-container\">\n\t\t\t\t\t<div class=\"elementor-image\">\n\t\t\t\t\t\t\t\t\t\t<img width=\"757\" height=\"600\" src=\"https:\/\/www.compostelle-mayenne.fr\/wp-content\/uploads\/2021\/02\/balisage4-1024x812.jpg\" class=\"attachment-large size-large\" alt=\"\" loading=\"lazy\" srcset=\"https:\/\/www.compostelle-mayenne.fr\/wp-content\/uploads\/2021\/02\/balisage4-1024x812.jpg 1024w, https:\/\/www.compostelle-mayenne.fr\/wp-content\/uploads\/2021\/02\/balisage4-300x238.jpg 300w, https:\/\/www.compostelle-mayenne.fr\/wp-content\/uploads\/2021\/02\/balisage4-768x609.jpg 768w, https:\/\/www.compostelle-mayenne.fr\/wp-content\/uploads\/2021\/02\/balisage4-1536x1218.jpg 1536w, https:\/\/www.compostelle-mayenne.fr\/wp-content\/uploads\/2021\/02\/balisage4-2048x1624.jpg 2048w\" sizes=\"(max-width: 757px) 100vw, 757px\" \/>\t\t\t\t\t\t\t\t\t\t\t<\/div>\n\t\t\t\t<\/div>\n\t\t\t\t<\/div>\n\t\t\t\t\t\t<\/div>\n\t\t\t<\/div>\n\t\t<\/div>\n\t\t\t\t\t\t<\/div>\n\t\t\t<\/div>\n\t\t<\/section>\n\t\t\t\t\t\t<\/div>\n\t\t\t<\/div>\n\t\t<\/div>\n\t\t\t\t\t\t<\/div>\n\t\t\t<\/div>\n\t\t<\/section>\n\t\t\t\t<section class=\"elementor-element elementor-element-4794cc6 elementor-section-stretched elementor-section-boxed elementor-section-height-default elementor-section-height-default elementor-section elementor-top-section\" data-id=\"4794cc6\" data-element_type=\"section\" data-settings=\"{&quot;stretch_section&quot;:&quot;section-stretched&quot;}\">\n\t\t\t\t\t\t<div class=\"elementor-container elementor-column-gap-default\">\n\t\t\t\t<div class=\"elementor-row\">\n\t\t\t\t<div class=\"elementor-element elementor-element-827f0e9 elementor-column elementor-col-33 elementor-top-column\" data-id=\"827f0e9\" data-element_type=\"column\">\n\t\t\t<div class=\"elementor-column-wrap\">\n\t\t\t\t\t<div class=\"elementor-widget-wrap\">\n\t\t\t\t\t\t<\/div>\n\t\t\t<\/div>\n\t\t<\/div>\n\t\t\t\t<div class=\"elementor-element elementor-element-878efe8 elementor-column elementor-col-33 elementor-top-column\" data-id=\"878efe8\" data-element_type=\"column\">\n\t\t\t<div class=\"elementor-column-wrap  elementor-element-populated\">\n\t\t\t\t\t<div class=\"elementor-widget-wrap\">\n\t\t\t\t<div class=\"elementor-element elementor-element-b018bd5 elementor-align-justify elementor-widget elementor-widget-button\" data-id=\"b018bd5\" data-element_type=\"widget\" data-widget_type=\"button.default\">\n\t\t\t\t<div class=\"elementor-widget-container\">\n\t\t\t\t\t<div class=\"elementor-button-wrapper\">\n\t\t\t<a href=\"http:\/\/www.compostelle-mayenne.fr\/index.php\/qui-sommes-nous\/\" target=\"_blank\" class=\"elementor-button-link elementor-button elementor-size-lg\" role=\"button\">\n\t\t\t\t\t\t<span class=\"elementor-button-content-wrapper\">\n\t\t\t\t\t\t<span class=\"elementor-button-text\">Retour \u00e0 L' Association<\/span>\n\t\t<\/span>\n\t\t\t\t\t<\/a>\n\t\t<\/div>\n\t\t\t\t<\/div>\n\t\t\t\t<\/div>\n\t\t\t\t\t\t<\/div>\n\t\t\t<\/div>\n\t\t<\/div>\n\t\t\t\t<div class=\"elementor-element elementor-element-9cb9053 elementor-column elementor-col-33 elementor-top-column\" data-id=\"9cb9053\" data-element_type=\"column\">\n\t\t\t<div class=\"elementor-column-wrap\">\n\t\t\t\t\t<div class=\"elementor-widget-wrap\">\n\t\t\t\t\t\t<\/div>\n\t\t\t<\/div>\n\t\t<\/div>\n\t\t\t\t\t\t<\/div>\n\t\t\t<\/div>\n\t\t<\/section>\n\t\t\t\t\t\t<\/div>\n\t\t\t<\/div>\n\t\t<\/div>\n\t\t","protected":false},"excerpt":{"rendered":"<p>LE BALISAGE NOUS INDIQUE LE BON CHEMIN La Commission Balisage accueille volontiers les bonnes \u00e2mes aux pieds l\u00e9gers et quelque peu manuelles, afin de d\u00e9finir, baliser et entretenir des trajets de randonn\u00e9e de notre Association, sur le d\u00e9partement de la Mayenne. Afin d&rsquo;\u00e9viter le macadam dans la mesure du possible, il s&rsquo;agit surtout de sentiers [&hellip;]<\/p>\n","protected":false},"author":1,"featured_media":0,"parent":0,"menu_order":0,"comment_status":"closed","ping_status":"closed","template":"","meta":[],"_links":{"self":[{"href":"https:\/\/www.compostelle-mayenne.fr\/index.php\/wp-json\/wp\/v2\/pages\/4879"}],"collection":[{"href":"https:\/\/www.compostelle-mayenne.fr\/index.php\/wp-json\/wp\/v2\/pages"}],"about":[{"href":"https:\/\/www.compostelle-mayenne.fr\/index.php\/wp-json\/wp\/v2\/types\/page"}],"author":[{"embeddable":true,"href":"https:\/\/www.compostelle-mayenne.fr\/index.php\/wp-json\/wp\/v2\/users\/1"}],"replies":[{"embeddable":true,"href":"https:\/\/www.compostelle-mayenne.fr\/index.php\/wp-json\/wp\/v2\/comments?post=4879"}],"version-history":[{"count":18,"href":"https:\/\/www.compostelle-mayenne.fr\/index.php\/wp-json\/wp\/v2\/pages\/4879\/revisions"}],"predecessor-version":[{"id":7642,"href":"https:\/\/www.compostelle-mayenne.fr\/index.php\/wp-json\/wp\/v2\/pages\/4879\/revisions\/7642"}],"wp:attachment":[{"href":"https:\/\/www.compostelle-mayenne.fr\/index.php\/wp-json\/wp\/v2\/media?parent=4879"}],"curies":[{"name":"wp","href":"https:\/\/api.w.org\/{rel}","templated":true}]}}