{"id":4884,"date":"2021-02-07T19:20:05","date_gmt":"2021-02-07T18:20:05","guid":{"rendered":"http:\/\/www.compostelle-mayenne.fr\/?page_id=4884"},"modified":"2022-03-13T15:11:49","modified_gmt":"2022-03-13T14:11:49","slug":"commission-communication","status":"publish","type":"page","link":"https:\/\/www.compostelle-mayenne.fr\/index.php\/commission-communication\/","title":{"rendered":"Commission Communication"},"content":{"rendered":"\t\t<div data-elementor-type=\"wp-page\" data-elementor-id=\"4884\" class=\"elementor elementor-4884\" data-elementor-settings=\"[]\">\n\t\t\t<div class=\"elementor-inner\">\n\t\t\t\t<div class=\"elementor-section-wrap\">\n\t\t\t\t\t\t\t<section class=\"elementor-element elementor-element-3f144d6 elementor-section-stretched elementor-section-boxed elementor-section-height-default elementor-section-height-default elementor-section elementor-top-section\" data-id=\"3f144d6\" data-element_type=\"section\" data-settings=\"{&quot;stretch_section&quot;:&quot;section-stretched&quot;}\">\n\t\t\t\t\t\t<div class=\"elementor-container elementor-column-gap-default\">\n\t\t\t\t<div class=\"elementor-row\">\n\t\t\t\t<div class=\"elementor-element elementor-element-19dc539 elementor-column elementor-col-50 elementor-top-column\" data-id=\"19dc539\" data-element_type=\"column\">\n\t\t\t<div class=\"elementor-column-wrap  elementor-element-populated\">\n\t\t\t\t\t<div class=\"elementor-widget-wrap\">\n\t\t\t\t<div class=\"elementor-element elementor-element-1e43639 elementor-widget elementor-widget-text-editor\" data-id=\"1e43639\" data-element_type=\"widget\" data-widget_type=\"text-editor.default\">\n\t\t\t\t<div class=\"elementor-widget-container\">\n\t\t\t\t\t<div class=\"elementor-text-editor elementor-clearfix\"><p><!-- wp:paragraph --><\/p>\n<p>Nos missions :<\/p>\n<ul>\n<li>La co-r\u00e9daction des web-lettres, communiqu\u00e9s de presse, articles, courriels&#8230;<\/li>\n<li>L\u00b4archivage et la mise \u00e0 jour des fichiers, la constitution d\u00b4une phototh\u00e8que<\/li>\n<li>La conception d\u00b4affiches, de flyers, de tampons&#8230;<\/li>\n<li>La cr\u00e9ation, maintenance et vie du site internet<\/li>\n<\/ul>\n<p>Vous voulez soumettre \u00e0 notre comit\u00e9 de r\u00e9daction une contribution &#8211; un t\u00e9moignage, une photo libre de droit, ou bien une remarque sur le fonctionnement du site ?<br><a href=\"mailto:compostelle53.autreschemins@gmail.com\" target=\"_blank\" rel=\"noopener\"><span style=\"text-decoration: underline;\">N\u00b4h\u00e9sitez pas. Contactez-nous<\/span>.<\/a><\/p>\n<p><!-- \/wp:paragraph --><\/p><\/div>\n\t\t\t\t<\/div>\n\t\t\t\t<\/div>\n\t\t\t\t\t\t<\/div>\n\t\t\t<\/div>\n\t\t<\/div>\n\t\t\t\t<div class=\"elementor-element elementor-element-eaebb9c elementor-column elementor-col-50 elementor-top-column\" data-id=\"eaebb9c\" data-element_type=\"column\">\n\t\t\t<div class=\"elementor-column-wrap  elementor-element-populated\">\n\t\t\t\t\t<div class=\"elementor-widget-wrap\">\n\t\t\t\t<div class=\"elementor-element elementor-element-17218d8 elementor-widget elementor-widget-image\" data-id=\"17218d8\" data-element_type=\"widget\" data-widget_type=\"image.default\">\n\t\t\t\t<div class=\"elementor-widget-container\">\n\t\t\t\t\t<div class=\"elementor-image\">\n\t\t\t\t\t\t\t\t\t\t<img width=\"647\" height=\"313\" src=\"https:\/\/www.compostelle-mayenne.fr\/wp-content\/uploads\/2022\/03\/Sans-titre-6.jpg\" class=\"attachment-large size-large\" alt=\"\" loading=\"lazy\" srcset=\"https:\/\/www.compostelle-mayenne.fr\/wp-content\/uploads\/2022\/03\/Sans-titre-6.jpg 647w, https:\/\/www.compostelle-mayenne.fr\/wp-content\/uploads\/2022\/03\/Sans-titre-6-300x145.jpg 300w\" sizes=\"(max-width: 647px) 100vw, 647px\" \/>\t\t\t\t\t\t\t\t\t\t\t<\/div>\n\t\t\t\t<\/div>\n\t\t\t\t<\/div>\n\t\t\t\t\t\t<\/div>\n\t\t\t<\/div>\n\t\t<\/div>\n\t\t\t\t\t\t<\/div>\n\t\t\t<\/div>\n\t\t<\/section>\n\t\t\t\t<section class=\"elementor-element elementor-element-b668b33 elementor-section-stretched elementor-section-boxed elementor-section-height-default elementor-section-height-default elementor-section elementor-top-section\" data-id=\"b668b33\" data-element_type=\"section\" data-settings=\"{&quot;stretch_section&quot;:&quot;section-stretched&quot;}\">\n\t\t\t\t\t\t<div class=\"elementor-container elementor-column-gap-default\">\n\t\t\t\t<div class=\"elementor-row\">\n\t\t\t\t<div class=\"elementor-element elementor-element-4099924 elementor-column elementor-col-33 elementor-top-column\" data-id=\"4099924\" data-element_type=\"column\">\n\t\t\t<div class=\"elementor-column-wrap\">\n\t\t\t\t\t<div class=\"elementor-widget-wrap\">\n\t\t\t\t\t\t<\/div>\n\t\t\t<\/div>\n\t\t<\/div>\n\t\t\t\t<div class=\"elementor-element elementor-element-331fff8 elementor-column elementor-col-33 elementor-top-column\" data-id=\"331fff8\" data-element_type=\"column\">\n\t\t\t<div class=\"elementor-column-wrap  elementor-element-populated\">\n\t\t\t\t\t<div class=\"elementor-widget-wrap\">\n\t\t\t\t<div class=\"elementor-element elementor-element-067ab9a elementor-align-justify elementor-widget elementor-widget-button\" data-id=\"067ab9a\" data-element_type=\"widget\" data-widget_type=\"button.default\">\n\t\t\t\t<div class=\"elementor-widget-container\">\n\t\t\t\t\t<div class=\"elementor-button-wrapper\">\n\t\t\t<a href=\"http:\/\/www.compostelle-mayenne.fr\/index.php\/qui-sommes-nous\/\" target=\"_blank\" class=\"elementor-button-link elementor-button elementor-size-lg\" role=\"button\">\n\t\t\t\t\t\t<span class=\"elementor-button-content-wrapper\">\n\t\t\t\t\t\t<span class=\"elementor-button-text\">Retour \u00e0 L' Association<\/span>\n\t\t<\/span>\n\t\t\t\t\t<\/a>\n\t\t<\/div>\n\t\t\t\t<\/div>\n\t\t\t\t<\/div>\n\t\t\t\t\t\t<\/div>\n\t\t\t<\/div>\n\t\t<\/div>\n\t\t\t\t<div class=\"elementor-element elementor-element-e543872 elementor-column elementor-col-33 elementor-top-column\" data-id=\"e543872\" data-element_type=\"column\">\n\t\t\t<div class=\"elementor-column-wrap\">\n\t\t\t\t\t<div class=\"elementor-widget-wrap\">\n\t\t\t\t\t\t<\/div>\n\t\t\t<\/div>\n\t\t<\/div>\n\t\t\t\t\t\t<\/div>\n\t\t\t<\/div>\n\t\t<\/section>\n\t\t\t\t\t\t<\/div>\n\t\t\t<\/div>\n\t\t<\/div>\n\t\t","protected":false},"excerpt":{"rendered":"<p>Nos missions : La co-r\u00e9daction des web-lettres, communiqu\u00e9s de presse, articles, courriels&#8230; L\u00b4archivage et la mise \u00e0 jour des fichiers, la constitution d\u00b4une phototh\u00e8que La conception d\u00b4affiches, de flyers, de tampons&#8230; La cr\u00e9ation, maintenance et vie du site internet Vous voulez soumettre \u00e0 notre comit\u00e9 de r\u00e9daction une contribution &#8211; un t\u00e9moignage, une photo libre [&hellip;]<\/p>\n","protected":false},"author":1,"featured_media":0,"parent":0,"menu_order":0,"comment_status":"closed","ping_status":"closed","template":"","meta":[],"_links":{"self":[{"href":"https:\/\/www.compostelle-mayenne.fr\/index.php\/wp-json\/wp\/v2\/pages\/4884"}],"collection":[{"href":"https:\/\/www.compostelle-mayenne.fr\/index.php\/wp-json\/wp\/v2\/pages"}],"about":[{"href":"https:\/\/www.compostelle-mayenne.fr\/index.php\/wp-json\/wp\/v2\/types\/page"}],"author":[{"embeddable":true,"href":"https:\/\/www.compostelle-mayenne.fr\/index.php\/wp-json\/wp\/v2\/users\/1"}],"replies":[{"embeddable":true,"href":"https:\/\/www.compostelle-mayenne.fr\/index.php\/wp-json\/wp\/v2\/comments?post=4884"}],"version-history":[{"count":11,"href":"https:\/\/www.compostelle-mayenne.fr\/index.php\/wp-json\/wp\/v2\/pages\/4884\/revisions"}],"predecessor-version":[{"id":7284,"href":"https:\/\/www.compostelle-mayenne.fr\/index.php\/wp-json\/wp\/v2\/pages\/4884\/revisions\/7284"}],"wp:attachment":[{"href":"https:\/\/www.compostelle-mayenne.fr\/index.php\/wp-json\/wp\/v2\/media?parent=4884"}],"curies":[{"name":"wp","href":"https:\/\/api.w.org\/{rel}","templated":true}]}}