{"id":5104,"date":"2021-02-15T11:38:52","date_gmt":"2021-02-15T10:38:52","guid":{"rendered":"http:\/\/www.compostelle-mayenne.fr\/?page_id=5104"},"modified":"2023-11-22T11:05:30","modified_gmt":"2023-11-22T10:05:30","slug":"devenir-hospitalier","status":"publish","type":"page","link":"https:\/\/www.compostelle-mayenne.fr\/index.php\/devenir-hospitalier\/","title":{"rendered":"Devenir Hospitalier"},"content":{"rendered":"\t\t<div data-elementor-type=\"wp-page\" data-elementor-id=\"5104\" class=\"elementor elementor-5104\" data-elementor-settings=\"[]\">\n\t\t\t<div class=\"elementor-inner\">\n\t\t\t\t<div class=\"elementor-section-wrap\">\n\t\t\t\t\t\t\t<section class=\"elementor-element elementor-element-3131615 elementor-section-stretched elementor-section-boxed elementor-section-height-default elementor-section-height-default elementor-section elementor-top-section\" data-id=\"3131615\" data-element_type=\"section\" data-settings=\"{&quot;stretch_section&quot;:&quot;section-stretched&quot;}\">\n\t\t\t\t\t\t<div class=\"elementor-container elementor-column-gap-default\">\n\t\t\t\t<div class=\"elementor-row\">\n\t\t\t\t<div class=\"elementor-element elementor-element-1467627 elementor-column elementor-col-100 elementor-top-column\" data-id=\"1467627\" data-element_type=\"column\">\n\t\t\t<div class=\"elementor-column-wrap  elementor-element-populated\">\n\t\t\t\t\t<div class=\"elementor-widget-wrap\">\n\t\t\t\t<div class=\"elementor-element elementor-element-6ced829 elementor-widget elementor-widget-text-editor\" data-id=\"6ced829\" data-element_type=\"widget\" data-widget_type=\"text-editor.default\">\n\t\t\t\t<div class=\"elementor-widget-container\">\n\t\t\t\t\t<div class=\"elementor-text-editor elementor-clearfix\"><p><strong>Permanences au Puy-en-Velay<\/strong><\/p><p>La F\u00e9d\u00e9ration Fran\u00e7aise des Associations des Chemins de Saint Jacques de Compostelle FFACC recrute des b\u00e9n\u00e9voles pour l\u00b4<u><a href=\"https:\/\/www.compostelle-france.fr\/espace-europa-compostela\/\" target=\"_blank\" rel=\"noopener\">Espace Compostelle-France<\/a><\/u>\u00a0au Puy-en-Velay,\u00a0 ouvert du 4 mai au 4 octobre 2023. La mission des permanenciers est l\u00b4\u00e9coute et l\u00b4information des p\u00e8lerins et simples curieux sur les chemins de France et d\u00b4Europe, sur les Itin\u00e9raires Culturels Europ\u00e9ens, mais aussi sur les actions men\u00e9es par la FFACC et nos associations. Le <a href=\"https:\/\/www.compostelle-france.fr\/wp-content\/uploads\/2023\/01\/Formulaire-dnscription-permanence-du-Puy-en-Velay-2023-1.pdf\" target=\"_blank\" rel=\"noopener\"><span style=\"text-decoration: underline;\">formulaire d\u00b4inscription<\/span><\/a> est \u00e0 remplir par les candidats et \u00e0 compl\u00e9ter par le pr\u00e9sident de leur association.<\/p><\/div>\n\t\t\t\t<\/div>\n\t\t\t\t<\/div>\n\t\t\t\t\t\t<\/div>\n\t\t\t<\/div>\n\t\t<\/div>\n\t\t\t\t\t\t<\/div>\n\t\t\t<\/div>\n\t\t<\/section>\n\t\t\t\t<section class=\"elementor-element elementor-element-97b983d elementor-section-stretched elementor-section-boxed elementor-section-height-default elementor-section-height-default elementor-section elementor-top-section\" data-id=\"97b983d\" data-element_type=\"section\" data-settings=\"{&quot;stretch_section&quot;:&quot;section-stretched&quot;}\">\n\t\t\t\t\t\t<div class=\"elementor-container elementor-column-gap-default\">\n\t\t\t\t<div class=\"elementor-row\">\n\t\t\t\t<div class=\"elementor-element elementor-element-c1cd307 elementor-column elementor-col-100 elementor-top-column\" data-id=\"c1cd307\" data-element_type=\"column\">\n\t\t\t<div class=\"elementor-column-wrap  elementor-element-populated\">\n\t\t\t\t\t<div class=\"elementor-widget-wrap\">\n\t\t\t\t<div class=\"elementor-element elementor-element-c65a852 elementor-widget elementor-widget-text-editor\" data-id=\"c65a852\" data-element_type=\"widget\" data-widget_type=\"text-editor.default\">\n\t\t\t\t<div class=\"elementor-widget-container\">\n\t\t\t\t\t<div class=\"elementor-text-editor elementor-clearfix\"><p><b>Permanences \u00e0 Santiago<\/b><\/p>\n<p>Webcompostella recrute des b\u00e9n\u00e9voles pour l\u00b4Accueil francophone de Santiago,&nbsp; ouvert du 15 mai au 31 octobre 2024. Accueil chr\u00e9tien, ce site de conseils pratiques et d\u2019\u00e9clairages spirituels est ouvert \u00e0 tout p\u00e8lerin arrivant \u00e0 Santiago. <a href=\"https:\/\/www.webcompostella.com\/?mailpoet_router&amp;endpoint=view_in_browser&amp;action=view&amp;data=WzM5LCJmZjM2ZjNkMDYxZjQiLDUyOSwiMWoxNnc4YjluZGswYzQ0OHdndzhra2M0b2tnYzhjNGciLDMyLDBd\" target=\"_blank\" rel=\"noopener\"><span style=\"text-decoration: underline;\">Plus de d\u00e9tails ici<\/span><\/a>.<\/p><\/div>\n\t\t\t\t<\/div>\n\t\t\t\t<\/div>\n\t\t\t\t\t\t<\/div>\n\t\t\t<\/div>\n\t\t<\/div>\n\t\t\t\t\t\t<\/div>\n\t\t\t<\/div>\n\t\t<\/section>\n\t\t\t\t<section class=\"elementor-element elementor-element-7d0b5cf elementor-section-stretched elementor-section-boxed elementor-section-height-default elementor-section-height-default elementor-section elementor-top-section\" data-id=\"7d0b5cf\" data-element_type=\"section\" data-settings=\"{&quot;stretch_section&quot;:&quot;section-stretched&quot;}\">\n\t\t\t\t\t\t<div class=\"elementor-container elementor-column-gap-default\">\n\t\t\t\t<div class=\"elementor-row\">\n\t\t\t\t<div class=\"elementor-element elementor-element-f447409 elementor-column elementor-col-100 elementor-top-column\" data-id=\"f447409\" data-element_type=\"column\">\n\t\t\t<div class=\"elementor-column-wrap  elementor-element-populated\">\n\t\t\t\t\t<div class=\"elementor-widget-wrap\">\n\t\t\t\t<div class=\"elementor-element elementor-element-aeede24 elementor-widget elementor-widget-text-editor\" data-id=\"aeede24\" data-element_type=\"widget\" data-widget_type=\"text-editor.default\">\n\t\t\t\t<div class=\"elementor-widget-container\">\n\t\t\t\t\t<div class=\"elementor-text-editor elementor-clearfix\"><p><strong>Devenir hospitalier<\/strong><\/p><p>Accueillir le p\u00e8lerin le soir au terme de son \u00e9tape, rendre un peu de ce qui nous a \u00e9t\u00e9 donn\u00e9 quand nous \u00e9tions en route. Quelques liens : <a href=\"http:\/\/www.aucoeurduchemin.org\/QUESTIONS-FREQUENTES\/Comment-devenir-hospitalier\/\" target=\"_blank\" rel=\"noopener\"><span style=\"text-decoration: underline;\">Au coeur du Chemin<\/span><\/a>, <a href=\"https:\/\/www.hospitaliers-st-jacques.fr\/\" target=\"_blank\" rel=\"noopener\"><span style=\"text-decoration: underline;\">Hospitaliers Saint-Jacques<\/span><\/a>, <span style=\"text-decoration: underline;\"><a href=\"https:\/\/www.webcompostella.com\/accueil-des-pelerins-francophones-a-santiago-15-mai-au-31-octobre-2023-appel-a-candidatures-daccueillants\/?utm_source=mailpoet&amp;utm_medium=email&amp;utm_campaign=Lettre+de+Webcompostella+-+Dec+2022\" target=\"_blank\" rel=\"noopener\">Webcompostella,\u00a0<\/a><\/span><\/p><\/div>\n\t\t\t\t<\/div>\n\t\t\t\t<\/div>\n\t\t\t\t\t\t<\/div>\n\t\t\t<\/div>\n\t\t<\/div>\n\t\t\t\t\t\t<\/div>\n\t\t\t<\/div>\n\t\t<\/section>\n\t\t\t\t<section class=\"elementor-element elementor-element-278fdbf elementor-section-stretched elementor-section-boxed elementor-section-height-default elementor-section-height-default elementor-section elementor-top-section\" data-id=\"278fdbf\" data-element_type=\"section\" data-settings=\"{&quot;stretch_section&quot;:&quot;section-stretched&quot;}\">\n\t\t\t\t\t\t<div class=\"elementor-container elementor-column-gap-default\">\n\t\t\t\t<div class=\"elementor-row\">\n\t\t\t\t<div class=\"elementor-element elementor-element-135879c elementor-column elementor-col-25 elementor-top-column\" data-id=\"135879c\" data-element_type=\"column\">\n\t\t\t<div class=\"elementor-column-wrap\">\n\t\t\t\t\t<div class=\"elementor-widget-wrap\">\n\t\t\t\t\t\t<\/div>\n\t\t\t<\/div>\n\t\t<\/div>\n\t\t\t\t<div class=\"elementor-element elementor-element-d5d06bc elementor-column elementor-col-25 elementor-top-column\" data-id=\"d5d06bc\" data-element_type=\"column\">\n\t\t\t<div class=\"elementor-column-wrap  elementor-element-populated\">\n\t\t\t\t\t<div class=\"elementor-widget-wrap\">\n\t\t\t\t<div class=\"elementor-element elementor-element-770b846 elementor-widget elementor-widget-image\" data-id=\"770b846\" data-element_type=\"widget\" data-widget_type=\"image.default\">\n\t\t\t\t<div class=\"elementor-widget-container\">\n\t\t\t\t\t<div class=\"elementor-image\">\n\t\t\t\t\t\t\t\t\t\t\t<a href=\"http:\/\/www.compostelle-mayenne.fr\/index.php\/devenir-hospitalier\/\">\n\t\t\t\t\t\t\t<img src=\"https:\/\/www.compostelle-mayenne.fr\/wp-content\/uploads\/2022\/02\/Haut-de-page-e1768293316359.jpg\" title=\"Haut de page\" alt=\"Haut de page\" \/>\t\t\t\t\t\t\t\t<\/a>\n\t\t\t\t\t\t\t\t\t\t\t<\/div>\n\t\t\t\t<\/div>\n\t\t\t\t<\/div>\n\t\t\t\t\t\t<\/div>\n\t\t\t<\/div>\n\t\t<\/div>\n\t\t\t\t<div class=\"elementor-element elementor-element-25b60dc elementor-column elementor-col-25 elementor-top-column\" data-id=\"25b60dc\" data-element_type=\"column\">\n\t\t\t<div class=\"elementor-column-wrap  elementor-element-populated\">\n\t\t\t\t\t<div class=\"elementor-widget-wrap\">\n\t\t\t\t<div class=\"elementor-element elementor-element-812acd2 elementor-widget elementor-widget-image\" data-id=\"812acd2\" data-element_type=\"widget\" data-widget_type=\"image.default\">\n\t\t\t\t<div class=\"elementor-widget-container\">\n\t\t\t\t\t<div class=\"elementor-image\">\n\t\t\t\t\t\t\t\t\t\t\t<a href=\"http:\/\/www.compostelle-mayenne.fr\/\">\n\t\t\t\t\t\t\t<img src=\"https:\/\/www.compostelle-mayenne.fr\/wp-content\/uploads\/2022\/02\/Accueil-e1768293377357.jpg\" title=\"&#8211; Accueil\" alt=\"- Accueil\" \/>\t\t\t\t\t\t\t\t<\/a>\n\t\t\t\t\t\t\t\t\t\t\t<\/div>\n\t\t\t\t<\/div>\n\t\t\t\t<\/div>\n\t\t\t\t\t\t<\/div>\n\t\t\t<\/div>\n\t\t<\/div>\n\t\t\t\t<div class=\"elementor-element elementor-element-627a7f2 elementor-column elementor-col-25 elementor-top-column\" data-id=\"627a7f2\" data-element_type=\"column\">\n\t\t\t<div class=\"elementor-column-wrap\">\n\t\t\t\t\t<div class=\"elementor-widget-wrap\">\n\t\t\t\t\t\t<\/div>\n\t\t\t<\/div>\n\t\t<\/div>\n\t\t\t\t\t\t<\/div>\n\t\t\t<\/div>\n\t\t<\/section>\n\t\t\t\t\t\t<\/div>\n\t\t\t<\/div>\n\t\t<\/div>\n\t\t","protected":false},"excerpt":{"rendered":"<p>Permanences au Puy-en-Velay La F\u00e9d\u00e9ration Fran\u00e7aise des Associations des Chemins de Saint Jacques de Compostelle FFACC recrute des b\u00e9n\u00e9voles pour l\u00b4Espace Compostelle-France\u00a0au Puy-en-Velay,\u00a0 ouvert du 4 mai au 4 octobre 2023. La mission des permanenciers est l\u00b4\u00e9coute et l\u00b4information des p\u00e8lerins et simples curieux sur les chemins de France et d\u00b4Europe, sur les Itin\u00e9raires Culturels [&hellip;]<\/p>\n","protected":false},"author":1,"featured_media":0,"parent":0,"menu_order":0,"comment_status":"closed","ping_status":"closed","template":"","meta":[],"_links":{"self":[{"href":"https:\/\/www.compostelle-mayenne.fr\/index.php\/wp-json\/wp\/v2\/pages\/5104"}],"collection":[{"href":"https:\/\/www.compostelle-mayenne.fr\/index.php\/wp-json\/wp\/v2\/pages"}],"about":[{"href":"https:\/\/www.compostelle-mayenne.fr\/index.php\/wp-json\/wp\/v2\/types\/page"}],"author":[{"embeddable":true,"href":"https:\/\/www.compostelle-mayenne.fr\/index.php\/wp-json\/wp\/v2\/users\/1"}],"replies":[{"embeddable":true,"href":"https:\/\/www.compostelle-mayenne.fr\/index.php\/wp-json\/wp\/v2\/comments?post=5104"}],"version-history":[{"count":25,"href":"https:\/\/www.compostelle-mayenne.fr\/index.php\/wp-json\/wp\/v2\/pages\/5104\/revisions"}],"predecessor-version":[{"id":9423,"href":"https:\/\/www.compostelle-mayenne.fr\/index.php\/wp-json\/wp\/v2\/pages\/5104\/revisions\/9423"}],"wp:attachment":[{"href":"https:\/\/www.compostelle-mayenne.fr\/index.php\/wp-json\/wp\/v2\/media?parent=5104"}],"curies":[{"name":"wp","href":"https:\/\/api.w.org\/{rel}","templated":true}]}}