{"id":9,"date":"2019-09-18T21:19:08","date_gmt":"2019-09-18T19:19:08","guid":{"rendered":"http:\/\/www.compostelle-mayenne.fr\/?page_id=9"},"modified":"2026-01-20T17:03:28","modified_gmt":"2026-01-20T16:03:28","slug":"actualites","status":"publish","type":"page","link":"https:\/\/www.compostelle-mayenne.fr\/index.php\/actualites\/","title":{"rendered":"Actualit\u00e9s"},"content":{"rendered":"\t\t<div data-elementor-type=\"wp-page\" data-elementor-id=\"9\" class=\"elementor elementor-9\" data-elementor-settings=\"[]\">\n\t\t\t<div class=\"elementor-inner\">\n\t\t\t\t<div class=\"elementor-section-wrap\">\n\t\t\t\t\t\t\t<section class=\"elementor-element elementor-element-018a5ab elementor-section-stretched elementor-section-boxed elementor-section-height-default elementor-section-height-default elementor-section elementor-top-section\" data-id=\"018a5ab\" data-element_type=\"section\" data-settings=\"{&quot;stretch_section&quot;:&quot;section-stretched&quot;}\">\n\t\t\t\t\t\t<div class=\"elementor-container elementor-column-gap-default\">\n\t\t\t\t<div class=\"elementor-row\">\n\t\t\t\t<div class=\"elementor-element elementor-element-1aacaf8 elementor-column elementor-col-33 elementor-top-column\" data-id=\"1aacaf8\" data-element_type=\"column\">\n\t\t\t<div class=\"elementor-column-wrap\">\n\t\t\t\t\t<div class=\"elementor-widget-wrap\">\n\t\t\t\t\t\t<\/div>\n\t\t\t<\/div>\n\t\t<\/div>\n\t\t\t\t<div class=\"elementor-element elementor-element-7b45ffb elementor-column elementor-col-33 elementor-top-column\" data-id=\"7b45ffb\" data-element_type=\"column\">\n\t\t\t<div class=\"elementor-column-wrap  elementor-element-populated\">\n\t\t\t\t\t<div class=\"elementor-widget-wrap\">\n\t\t\t\t<div class=\"elementor-element elementor-element-41abcc4 elementor-widget elementor-widget-text-editor\" data-id=\"41abcc4\" data-element_type=\"widget\" data-widget_type=\"text-editor.default\">\n\t\t\t\t<div class=\"elementor-widget-container\">\n\t\t\t\t\t<div class=\"elementor-text-editor elementor-clearfix\"><p style=\"text-align: center;\">Trouvez ci-dessous les actualit\u00e9s 2026 :<\/p><\/div>\n\t\t\t\t<\/div>\n\t\t\t\t<\/div>\n\t\t\t\t\t\t<\/div>\n\t\t\t<\/div>\n\t\t<\/div>\n\t\t\t\t<div class=\"elementor-element elementor-element-a3d876a elementor-column elementor-col-33 elementor-top-column\" data-id=\"a3d876a\" data-element_type=\"column\">\n\t\t\t<div class=\"elementor-column-wrap\">\n\t\t\t\t\t<div class=\"elementor-widget-wrap\">\n\t\t\t\t\t\t<\/div>\n\t\t\t<\/div>\n\t\t<\/div>\n\t\t\t\t\t\t<\/div>\n\t\t\t<\/div>\n\t\t<\/section>\n\t\t\t\t<section class=\"elementor-element elementor-element-383b98d elementor-section-stretched elementor-section-boxed elementor-section-height-default elementor-section-height-default elementor-section elementor-top-section\" data-id=\"383b98d\" data-element_type=\"section\" data-settings=\"{&quot;stretch_section&quot;:&quot;section-stretched&quot;}\">\n\t\t\t\t\t\t<div class=\"elementor-container elementor-column-gap-default\">\n\t\t\t\t<div class=\"elementor-row\">\n\t\t\t\t<div class=\"elementor-element elementor-element-89fd179 elementor-column elementor-col-33 elementor-top-column\" data-id=\"89fd179\" data-element_type=\"column\">\n\t\t\t<div class=\"elementor-column-wrap  elementor-element-populated\">\n\t\t\t\t\t<div class=\"elementor-widget-wrap\">\n\t\t\t\t<div class=\"elementor-element elementor-element-2901997 elementor-align-justify elementor-widget elementor-widget-button\" data-id=\"2901997\" data-element_type=\"widget\" data-widget_type=\"button.default\">\n\t\t\t\t<div class=\"elementor-widget-container\">\n\t\t\t\t\t<div class=\"elementor-button-wrapper\">\n\t\t\t<a href=\"http:\/\/www.compostelle-mayenne.fr\/index.php\/permanence-daide-au-depart\/\" target=\"_blank\" class=\"elementor-button-link elementor-button elementor-size-lg\" role=\"button\">\n\t\t\t\t\t\t<span class=\"elementor-button-content-wrapper\">\n\t\t\t\t\t\t<span class=\"elementor-button-text\">Permanences d'aide au d\u00e9part<\/span>\n\t\t<\/span>\n\t\t\t\t\t<\/a>\n\t\t<\/div>\n\t\t\t\t<\/div>\n\t\t\t\t<\/div>\n\t\t\t\t\t\t<\/div>\n\t\t\t<\/div>\n\t\t<\/div>\n\t\t\t\t<div class=\"elementor-element elementor-element-2a084e3 elementor-column elementor-col-33 elementor-top-column\" data-id=\"2a084e3\" data-element_type=\"column\">\n\t\t\t<div class=\"elementor-column-wrap  elementor-element-populated\">\n\t\t\t\t\t<div class=\"elementor-widget-wrap\">\n\t\t\t\t<div class=\"elementor-element elementor-element-3ee5f1f elementor-align-justify elementor-widget elementor-widget-button\" data-id=\"3ee5f1f\" data-element_type=\"widget\" data-widget_type=\"button.default\">\n\t\t\t\t<div class=\"elementor-widget-container\">\n\t\t\t\t\t<div class=\"elementor-button-wrapper\">\n\t\t\t<a href=\"https:\/\/www.compostelle-mayenne.fr\/index.php\/sorties-rencontres\/\" target=\"_blank\" class=\"elementor-button-link elementor-button elementor-size-lg\" role=\"button\">\n\t\t\t\t\t\t<span class=\"elementor-button-content-wrapper\">\n\t\t\t\t\t\t<span class=\"elementor-button-text\">Calendrier des Sorties  \/    Rencontres<\/span>\n\t\t<\/span>\n\t\t\t\t\t<\/a>\n\t\t<\/div>\n\t\t\t\t<\/div>\n\t\t\t\t<\/div>\n\t\t\t\t\t\t<\/div>\n\t\t\t<\/div>\n\t\t<\/div>\n\t\t\t\t<div class=\"elementor-element elementor-element-bdc7d21 elementor-column elementor-col-33 elementor-top-column\" data-id=\"bdc7d21\" data-element_type=\"column\">\n\t\t\t<div class=\"elementor-column-wrap  elementor-element-populated\">\n\t\t\t\t\t<div class=\"elementor-widget-wrap\">\n\t\t\t\t<div class=\"elementor-element elementor-element-8b7134f elementor-align-justify elementor-widget elementor-widget-button\" data-id=\"8b7134f\" data-element_type=\"widget\" data-widget_type=\"button.default\">\n\t\t\t\t<div class=\"elementor-widget-container\">\n\t\t\t\t\t<div class=\"elementor-button-wrapper\">\n\t\t\t<a href=\"http:\/\/www.compostelle-mayenne.fr\/index.php\/actualite-des-chemins\/\" target=\"_blank\" class=\"elementor-button-link elementor-button elementor-size-lg\" role=\"button\">\n\t\t\t\t\t\t<span class=\"elementor-button-content-wrapper\">\n\t\t\t\t\t\t<span class=\"elementor-button-text\">Hospitaliers & Permanenciers 2025<\/span>\n\t\t<\/span>\n\t\t\t\t\t<\/a>\n\t\t<\/div>\n\t\t\t\t<\/div>\n\t\t\t\t<\/div>\n\t\t\t\t\t\t<\/div>\n\t\t\t<\/div>\n\t\t<\/div>\n\t\t\t\t\t\t<\/div>\n\t\t\t<\/div>\n\t\t<\/section>\n\t\t\t\t<section class=\"elementor-element elementor-element-b8d923f elementor-section-stretched elementor-section-boxed elementor-section-height-default elementor-section-height-default elementor-section elementor-top-section\" data-id=\"b8d923f\" data-element_type=\"section\" data-settings=\"{&quot;stretch_section&quot;:&quot;section-stretched&quot;}\">\n\t\t\t\t\t\t<div class=\"elementor-container elementor-column-gap-default\">\n\t\t\t\t<div class=\"elementor-row\">\n\t\t\t\t<div class=\"elementor-element elementor-element-efa0064 elementor-column elementor-col-100 elementor-top-column\" data-id=\"efa0064\" data-element_type=\"column\">\n\t\t\t<div class=\"elementor-column-wrap  elementor-element-populated\">\n\t\t\t\t\t<div class=\"elementor-widget-wrap\">\n\t\t\t\t<div class=\"elementor-element elementor-element-b85ca5d elementor-widget elementor-widget-text-editor\" data-id=\"b85ca5d\" data-element_type=\"widget\" data-widget_type=\"text-editor.default\">\n\t\t\t\t<div class=\"elementor-widget-container\">\n\t\t\t\t\t<div class=\"elementor-text-editor elementor-clearfix\"><p><span style=\"text-decoration: underline;\"><a href=\"http:\/\/www.compostelle-mayenne.fr\/index.php\/mises-a-jour-recentes\/\" target=\"_blank\" rel=\"noopener\" data-wplink-edit=\"true\"><em>Actualit\u00e9s r\u00e9centes ici, si vous n&rsquo;avez pas eu le temps de parcourir notre site.<\/em><\/a><\/span><\/p><\/div>\n\t\t\t\t<\/div>\n\t\t\t\t<\/div>\n\t\t\t\t\t\t<\/div>\n\t\t\t<\/div>\n\t\t<\/div>\n\t\t\t\t\t\t<\/div>\n\t\t\t<\/div>\n\t\t<\/section>\n\t\t\t\t<section class=\"elementor-element elementor-element-5ecd6d9 elementor-section-stretched elementor-section-boxed elementor-section-height-default elementor-section-height-default elementor-section elementor-top-section\" data-id=\"5ecd6d9\" data-element_type=\"section\" data-settings=\"{&quot;stretch_section&quot;:&quot;section-stretched&quot;}\">\n\t\t\t\t\t\t<div class=\"elementor-container elementor-column-gap-default\">\n\t\t\t\t<div class=\"elementor-row\">\n\t\t\t\t<div class=\"elementor-element elementor-element-48eab93 elementor-column elementor-col-33 elementor-top-column\" data-id=\"48eab93\" data-element_type=\"column\">\n\t\t\t<div class=\"elementor-column-wrap\">\n\t\t\t\t\t<div class=\"elementor-widget-wrap\">\n\t\t\t\t\t\t<\/div>\n\t\t\t<\/div>\n\t\t<\/div>\n\t\t\t\t<div class=\"elementor-element elementor-element-20ccf86 elementor-column elementor-col-33 elementor-top-column\" data-id=\"20ccf86\" data-element_type=\"column\">\n\t\t\t<div class=\"elementor-column-wrap  elementor-element-populated\">\n\t\t\t\t\t<div class=\"elementor-widget-wrap\">\n\t\t\t\t<div class=\"elementor-element elementor-element-b6b857a elementor-widget elementor-widget-image\" data-id=\"b6b857a\" data-element_type=\"widget\" data-widget_type=\"image.default\">\n\t\t\t\t<div class=\"elementor-widget-container\">\n\t\t\t\t\t<div class=\"elementor-image\">\n\t\t\t\t\t\t\t\t\t\t<img src=\"https:\/\/www.compostelle-mayenne.fr\/wp-content\/uploads\/2021\/07\/arabesque.jpg\" title=\"arabesque\" alt=\"arabesque\" \/>\t\t\t\t\t\t\t\t\t\t\t<\/div>\n\t\t\t\t<\/div>\n\t\t\t\t<\/div>\n\t\t\t\t\t\t<\/div>\n\t\t\t<\/div>\n\t\t<\/div>\n\t\t\t\t<div class=\"elementor-element elementor-element-44cc305 elementor-column elementor-col-33 elementor-top-column\" data-id=\"44cc305\" data-element_type=\"column\">\n\t\t\t<div class=\"elementor-column-wrap\">\n\t\t\t\t\t<div class=\"elementor-widget-wrap\">\n\t\t\t\t\t\t<\/div>\n\t\t\t<\/div>\n\t\t<\/div>\n\t\t\t\t\t\t<\/div>\n\t\t\t<\/div>\n\t\t<\/section>\n\t\t\t\t<section class=\"elementor-element elementor-element-75710d9 elementor-section-stretched elementor-section-boxed elementor-section-height-default elementor-section-height-default elementor-section elementor-top-section\" data-id=\"75710d9\" data-element_type=\"section\" data-settings=\"{&quot;stretch_section&quot;:&quot;section-stretched&quot;}\">\n\t\t\t\t\t\t<div class=\"elementor-container elementor-column-gap-default\">\n\t\t\t\t<div class=\"elementor-row\">\n\t\t\t\t<div class=\"elementor-element elementor-element-405f691 elementor-column elementor-col-100 elementor-top-column\" data-id=\"405f691\" data-element_type=\"column\">\n\t\t\t<div class=\"elementor-column-wrap  elementor-element-populated\">\n\t\t\t\t\t<div class=\"elementor-widget-wrap\">\n\t\t\t\t<div class=\"elementor-element elementor-element-7c524f2 elementor-widget elementor-widget-text-editor\" data-id=\"7c524f2\" data-element_type=\"widget\" data-widget_type=\"text-editor.default\">\n\t\t\t\t<div class=\"elementor-widget-container\">\n\t\t\t\t\t<div class=\"elementor-text-editor elementor-clearfix\"><p><strong>PROJETS DE\u00a0 DEPART ?\u00a0<br \/><\/strong><\/p><p><b>On peut partir !<\/b> Et m\u00eame autour de chez nous.<\/p><p>La <span style=\"text-decoration: underline;\"><a href=\"http:\/\/www.compostelle-mayenne.fr\/index.php\/chemins-vers-le-mont-st-michel\/\" target=\"_blank\" rel=\"noopener\">boucle du Mont-Saint-Michel<\/a><\/span> par exemple : traverser la Mayenne du Sud au Nord en passant par Pontmain ou Mayenne, gagner le Mont-St-Michel, \u00ab\u00a0redescendre\u00a0\u00bb par la <span style=\"text-decoration: underline;\"><a href=\"https:\/\/www.compostelle-mayenne.fr\/index.php\/mont-st-michel-st-jean-pied-de-port\/\" target=\"_blank\" rel=\"noopener\">Voie des Plantagen\u00eat<\/a><\/span> en passant par Vitr\u00e9 jusqu\u00b4\u00e0 Angers, ou par la <u><a href=\"https:\/\/www.compostelle-bretagne.fr\/system\/files\/media\/guide\/Guide%20Capitales%2020-11-23%20QR.pdf\" target=\"_blank\" rel=\"noopener\">Voie des Capitales<\/a><\/u> par Rennes et Redon jusqu\u00b4\u00e0 Nantes&#8230;<\/p><p>Prendre le <span style=\"text-decoration: underline;\"><a href=\"https:\/\/www.lescheminsdumontsaintmichel.com\/spip\/spip.php?rubrique22&amp;lang=fr\" target=\"_blank\" rel=\"noopener\">Chemin de Tours dit Grand Chemin Montois<\/a><\/span> depuis Tours, ou Le Mans.<\/p><p>Suivre la <span style=\"text-decoration: underline;\"><a href=\"http:\/\/www.compostelle-mayenne.fr\/index.php\/chemins-de-saint-martin\/\" target=\"_blank\" rel=\"noopener\">boucle Saint-Martin-de-Tours<\/a><\/span> (500km) par Candes-St-Martin, Poitiers et Tours.<\/p><p class=\"chapo\">De Saint-Pierre de Nantes \u00e0 Saint-Pierre de Rome : tel est le th\u00e8me de la <a href=\"https:\/\/www.lepelerin.com\/chemins-pelerinages\/la-via-francigena\/decouvrir-la-via-francigena\/via-ligeria-un-nouveau-chemin-relie-nantes-a-rome\/\" target=\"_blank\" rel=\"noopener\"><span style=\"text-decoration: underline;\"><span style=\"color: #993300; text-decoration: underline;\">Via ligeria<\/span><\/span><\/a> qui vient d\u2019\u00eatre cr\u00e9\u00e9e par Anthony Grouard et Anne-Laure Timmel, de l\u2019association des <a href=\"https:\/\/www.haltespelerines44.fr\/rome\" target=\"_blank\" rel=\"noopener\"><span style=\"text-decoration: underline;\"><span style=\"color: #993300; text-decoration: underline;\">Haltes p\u00e8lerines en Loire-Atlantique &amp; Via ligeria<\/span><\/span>.<\/a> Une id\u00e9e pour votre prochain chemin, non balis\u00e9, jusqu&rsquo;au raccordement de la Via Francigena \u00e0 Bucey-les-Gy en Haute-Sa\u00f4ne ?<\/p><p>Et bien d\u00b4autres <u><a href=\"http:\/\/www.compostelle-mayenne.fr\/index.php\/chemins-de-saint-jacques-de-compostelle\/\" target=\"_blank\" rel=\"noopener\">choix d\u00b4itin\u00e9raires<\/a><\/u> qui sillonnent la France \u00e0 destination d&rsquo;Espagne.<\/p><p><b>Qu\u00b4en est-il des h\u00e9bergements ?<\/b><\/p><p><span style=\"font-weight: 400;\">Si vous partez entre novembre et mars vous devrez pr\u00e9voir avec soin votre h\u00e9bergement, vous informer et t\u00e9l\u00e9phoner.<\/span><\/p><p><b>Qu\u00b4en est-il de la restauration, du ravitaillement en nourriture et en eau ?<\/b><\/p><p><span style=\"font-weight: 400;\">Pour l\u00b4eau, on peut esp\u00e9rer en trouver dans les cimeti\u00e8res quand les robinets seront rouverts apr\u00e8s les gel\u00e9es, ou dans des commerces aimables. On peut en demander aux particuliers, avec le sourire, mais il faut s\u00b4attendre parfois \u00e0 des r\u00e9actions de crainte.<\/span><\/p><p>En Mayenne, lanc\u00e9 en juillet 2022 le<strong> dispositif May\u2019Gourde<\/strong>\u00a0f\u00e9d\u00e8re aujourd\u2019hui <strong>110 professionnels du tourisme<\/strong> mayennais pour faciliter votre p\u00e9r\u00e9grination gr\u00e2ce \u00e0 un geste simple : <strong>\u00a0r\u00e9approvisionner votre gourde en eau, sans contrepartie.<\/strong> Rien de plus simple : \u00a0Il vous suffit de <a href=\"https:\/\/www.mayenne-tourisme.com\/pratique\/maygourde53\/\" target=\"_blank\" rel=\"noopener\"><strong>rep\u00e9rer le macaron<\/strong> <\/a>appos\u00e9 sur leur devanture, ou plac\u00e9 \u00e0 proximit\u00e9 du point d\u2019eau en acc\u00e8s libre<span style=\"text-decoration: underline;\"><a href=\"https:\/\/www.mayenne-tourisme.com\/pratique\/maygourde53\/\" target=\"_blank\" rel=\"noopener\"> <strong>r\u00e9f\u00e9renc\u00e9s sur la carte interactive.<\/strong><\/a><\/span><\/p><p>L&rsquo;importance vitale de l&rsquo;eau en randonn\u00e9e : O\u00f9 trouver des sources fiables ?<\/p><p>Une application est l\u00e0 pour vous aider : <a href=\"https:\/\/eaupotable.info\/fr\" target=\"_blank\" rel=\"noopener\"><span style=\"text-decoration: underline;\"><strong>Eaupotable.info<\/strong><\/span><\/a> toujours disponible en la t\u00e9l\u00e9chargeant sur votre t\u00e9l\u00e9phone ou en consultant notre site.<\/p><p>Pour les commerces, v\u00e9rifier avant de partir qu\u2019ils n\u2019ont pas mis la cl\u00e9 sous la porte. Vous pr\u00e9voirez votre ravitaillement en cons\u00e9quence.\u00a0<\/p><p><b>En r\u00e9sum\u00e9 : Partez, le chemin fera le reste.<\/b><\/p><\/div>\n\t\t\t\t<\/div>\n\t\t\t\t<\/div>\n\t\t\t\t\t\t<\/div>\n\t\t\t<\/div>\n\t\t<\/div>\n\t\t\t\t\t\t<\/div>\n\t\t\t<\/div>\n\t\t<\/section>\n\t\t\t\t<section class=\"elementor-element elementor-element-dbabd50 elementor-section-stretched elementor-section-boxed elementor-section-height-default elementor-section-height-default elementor-section elementor-top-section\" data-id=\"dbabd50\" data-element_type=\"section\" data-settings=\"{&quot;stretch_section&quot;:&quot;section-stretched&quot;}\">\n\t\t\t\t\t\t<div class=\"elementor-container elementor-column-gap-default\">\n\t\t\t\t<div class=\"elementor-row\">\n\t\t\t\t<div class=\"elementor-element elementor-element-139169d elementor-column elementor-col-33 elementor-top-column\" data-id=\"139169d\" data-element_type=\"column\">\n\t\t\t<div class=\"elementor-column-wrap\">\n\t\t\t\t\t<div class=\"elementor-widget-wrap\">\n\t\t\t\t\t\t<\/div>\n\t\t\t<\/div>\n\t\t<\/div>\n\t\t\t\t<div class=\"elementor-element elementor-element-f78ff27 elementor-column elementor-col-33 elementor-top-column\" data-id=\"f78ff27\" data-element_type=\"column\">\n\t\t\t<div class=\"elementor-column-wrap  elementor-element-populated\">\n\t\t\t\t\t<div class=\"elementor-widget-wrap\">\n\t\t\t\t<div class=\"elementor-element elementor-element-eaaa175 elementor-widget elementor-widget-image\" data-id=\"eaaa175\" data-element_type=\"widget\" data-widget_type=\"image.default\">\n\t\t\t\t<div class=\"elementor-widget-container\">\n\t\t\t\t\t<div class=\"elementor-image\">\n\t\t\t\t\t\t\t<figure class=\"wp-caption\">\n\t\t\t\t\t\t\t\t\t\t\t<a href=\"http:\/\/www.compostelle-mayenne.fr\/index.php\/actualites\/\">\n\t\t\t\t\t\t\t<img src=\"https:\/\/www.compostelle-mayenne.fr\/wp-content\/uploads\/2022\/02\/Haut-de-page-e1768293316359.jpg\" title=\"Haut de page\" alt=\"Haut de page\" \/>\t\t\t\t\t\t\t\t<\/a>\n\t\t\t\t\t\t\t\t\t\t\t<figcaption class=\"widget-image-caption wp-caption-text\"><\/figcaption>\n\t\t\t\t\t\t\t\t\t\t<\/figure>\n\t\t\t\t\t<\/div>\n\t\t\t\t<\/div>\n\t\t\t\t<\/div>\n\t\t\t\t\t\t<\/div>\n\t\t\t<\/div>\n\t\t<\/div>\n\t\t\t\t<div class=\"elementor-element elementor-element-62903f0 elementor-column elementor-col-33 elementor-top-column\" data-id=\"62903f0\" data-element_type=\"column\">\n\t\t\t<div class=\"elementor-column-wrap\">\n\t\t\t\t\t<div class=\"elementor-widget-wrap\">\n\t\t\t\t\t\t<\/div>\n\t\t\t<\/div>\n\t\t<\/div>\n\t\t\t\t\t\t<\/div>\n\t\t\t<\/div>\n\t\t<\/section>\n\t\t\t\t\t\t<\/div>\n\t\t\t<\/div>\n\t\t<\/div>\n\t\t","protected":false},"excerpt":{"rendered":"<p>Trouvez ci-dessous les actualit\u00e9s 2026 : Permanences d&rsquo;aide au d\u00e9part Calendrier des Sorties \/ Rencontres Hospitaliers &#038; Permanenciers 2025 Actualit\u00e9s r\u00e9centes ici, si vous n&rsquo;avez pas eu le temps de parcourir notre site. PROJETS DE\u00a0 DEPART ?\u00a0 On peut partir ! Et m\u00eame autour de chez nous. La boucle du Mont-Saint-Michel par exemple : traverser [&hellip;]<\/p>\n","protected":false},"author":1,"featured_media":0,"parent":0,"menu_order":0,"comment_status":"closed","ping_status":"closed","template":"","meta":[],"_links":{"self":[{"href":"https:\/\/www.compostelle-mayenne.fr\/index.php\/wp-json\/wp\/v2\/pages\/9"}],"collection":[{"href":"https:\/\/www.compostelle-mayenne.fr\/index.php\/wp-json\/wp\/v2\/pages"}],"about":[{"href":"https:\/\/www.compostelle-mayenne.fr\/index.php\/wp-json\/wp\/v2\/types\/page"}],"author":[{"embeddable":true,"href":"https:\/\/www.compostelle-mayenne.fr\/index.php\/wp-json\/wp\/v2\/users\/1"}],"replies":[{"embeddable":true,"href":"https:\/\/www.compostelle-mayenne.fr\/index.php\/wp-json\/wp\/v2\/comments?post=9"}],"version-history":[{"count":406,"href":"https:\/\/www.compostelle-mayenne.fr\/index.php\/wp-json\/wp\/v2\/pages\/9\/revisions"}],"predecessor-version":[{"id":13626,"href":"https:\/\/www.compostelle-mayenne.fr\/index.php\/wp-json\/wp\/v2\/pages\/9\/revisions\/13626"}],"wp:attachment":[{"href":"https:\/\/www.compostelle-mayenne.fr\/index.php\/wp-json\/wp\/v2\/media?parent=9"}],"curies":[{"name":"wp","href":"https:\/\/api.w.org\/{rel}","templated":true}]}}